{"id":12291,"date":"2020-01-31T10:10:35","date_gmt":"2020-01-31T09:10:35","guid":{"rendered":"http:\/\/www.sklaznebohdanec.cz\/fotbal\/?page_id=12291"},"modified":"2020-06-07T14:18:59","modified_gmt":"2020-06-07T12:18:59","slug":"soustredeni-mladeze","status":"publish","type":"page","link":"http:\/\/www.sklaznebohdanec.cz\/fotbal\/soustredeni-mladeze\/","title":{"rendered":"Soust\u0159ed\u011bn\u00ed ml\u00e1de\u017ee"},"content":{"rendered":"<p><span style=\"color: #000000;\"><strong><span style=\"text-decoration: underline;\">P\u0159\u00edm\u011bstsk\u00fd fotbalov\u00fd t\u00e1bor 2020<\/span><\/strong><\/span><\/p>\n<p><span style=\"color: #000000;\">Tradi\u010dn\u00ed fotbalov\u00fd p\u0159\u00edm\u011bstsk\u00fd t\u00e1bor ur\u010den\u00fd pro \u010dleny klubu ro\u010d. nar. 2010 &#8211; 2014<\/span><\/p>\n<p><span style=\"color: #000000;\">Term\u00edn: 13.7 &#8211; 17.7.2020, od 7,00 hod. do 16,30 hod.<\/span><\/p>\n<p><span style=\"color: #000000;\">M\u00edsto: Are\u00e1l SK L\u00e1zn\u011b Bohdane\u010d<\/span><\/p>\n<p><span style=\"color: #000000;\">Cena: 1700,-K\u010d, cena zahrnuje pobyt, 1x denn\u011b tepl\u00e1 strava (ob\u011bd), 1x sva\u010dinka, pitn\u00fd re\u017eim po celou dobu pobytu.<\/span><\/p>\n<p><span style=\"color: #000000;\">P\u0159ihl\u00e1\u0161ky budou k dispozici zde, nebo u tren\u00e9ra F. Bu\u0159vala od 15.2. 2020.<\/span><\/p>\n<p><span style=\"color: #000000;\">Z kapacitn\u00edch d\u016fvod\u016f je po\u010det \u00fa\u010dastn\u00edk\u016f omezen.<\/span><\/p>\n<p><span style=\"color: #000000;\"><a style=\"color: #000000;\" href=\"http:\/\/www.sklaznebohdanec.cz\/fotbal\/wp-content\/uploads\/2020\/01\/p%C5%99ihl%C3%A1%C5%A1ka-na-t%C3%A1bor-2020.pdf\" target=\"_blank\" rel=\"noopener noreferrer\">P\u0159ihl\u00e1\u0161ka na p\u0159\u00edm\u011bstsk\u00fd t\u00e1bor zde:<\/a><\/span><\/p>\n<p>&nbsp;<\/p>\n<h1 class=\"entry-title\"><span style=\"text-decoration: underline; font-size: 16px; color: #000000;\"><strong>P\u0159\u00edm\u011bstsk\u00e9 fotbalov\u00e9 soust\u0159ed\u011bn\u00ed p\u0159\u00edpravek 2020<\/strong><\/span><\/h1>\n<div class=\"entry-meta\">\n<p><span style=\"color: #000000;\">Posledn\u00ed srpnov\u00fd t\u00fdden (24.8.-28.8.2020) prob\u011bhne op\u011bt fotbalov\u011b-sportovn\u00ed soust\u0159ed\u011bn\u00ed pro v\u0161echny hr\u00e1\u010de na\u0161ich p\u0159\u00edpravkov\u00fdch kategori\u00ed (ro\u010dn\u00edku narozen\u00ed 2010, 2011, 2012, 2013, 2014). V\u00fdjimkou mohou b\u00fdt i po domluv\u011b d\u011bti narozen\u00e9 2015.<\/span><\/p>\n<p><span style=\"color: #000000;\"><strong>Program soust\u0159ed\u011bn\u00ed:<\/strong><\/span><\/p>\n<ul>\n<li><span style=\"color: #000000;\">V\u0161eobecn\u00e1 pohybov\u00e1 p\u0159\u00edprava \u2013 atletiky, gymnastiky, atd.<\/span><\/li>\n<li><span style=\"color: #000000;\">Fotbalov\u00e9 tr\u00e9ninky<\/span><\/li>\n<li><span style=\"color: #000000;\">M\u00ed\u010dov\u00e9 sporty a dal\u0161\u00ed hry<\/span><\/li>\n<li><span style=\"color: #000000;\">V\u011bdomost\u00ed sout\u011b\u017ee, bojovka<\/span><\/li>\n<li><span style=\"color: #000000;\">Turnaje a sout\u011b\u017ee<\/span><\/li>\n<li><span style=\"color: #000000;\">V\u00fdlet na kole<\/span><\/li>\n<\/ul>\n<p><span style=\"color: #000000;\">Odevzd\u00e1n\u00ed d\u00edt\u011bte 7,30 \u2013 8,00 hod. Vyzvednut\u00ed 16,15 \u2013 16,30 hod.<\/span><\/p>\n<p><span style=\"color: #000000;\"><strong>Stravov\u00e1n\u00ed:\u00a0<\/strong>pitn\u00fd re\u017eim zaji\u0161t\u011bn, ob\u011bdy v l\u00e1zn\u00edch, 2x sva\u010dina.<\/span><\/p>\n<p><span style=\"color: #000000;\"><strong>Sebou:<\/strong>\u00a0j\u00edzdn\u00ed kolo a ve\u0161ker\u00e9 vybaven\u00ed s n\u00edm spojen\u00e9, dal\u0161\u00ed pot\u0159ebn\u00e9 v\u011bci dopln\u00edme pozd\u011bji\u2026<\/span><\/p>\n<p><span style=\"color: #000000;\">Podrobn\u011bj\u0161\u00ed informace zve\u0159ejn\u00edme v aktu\u00e1ln\u00edm \u010dase.<\/span><\/p>\n<p><span style=\"color: #000000;\">Cena za soust\u0159ed\u011bn\u00ed je 1600 K\u010d. Z\u00e1lohu nevyb\u00edr\u00e1me. Platba v hotovosti je mo\u017en\u00e1 na konci \u010dervna nebo v srpnu na prvn\u00edm tr\u00e9ninku (v t\u00fddnu p\u0159ed soust\u0159ed\u011bn\u00edm).<\/span><\/p>\n<\/div>\n","protected":false},"excerpt":{"rendered":"<p>P\u0159\u00edm\u011bstsk\u00fd fotbalov\u00fd t\u00e1bor 2020 Tradi\u010dn\u00ed fotbalov\u00fd p\u0159\u00edm\u011bstsk\u00fd t\u00e1bor ur\u010den\u00fd pro \u010dleny klubu ro\u010d. nar. 2010 &#8211; 2014 Term\u00edn: 13.7 &#8211; 17.7.2020, od 7,00 hod. do 16,30 hod. M\u00edsto: Are\u00e1l SK L\u00e1zn\u011b Bohdane\u010d Cena: 1700,-K\u010d, cena zahrnuje pobyt, 1x denn\u011b tepl\u00e1 strava (ob\u011bd), 1x sva\u010dinka, pitn\u00fd re\u017eim po celou dobu pobytu. \u2026 <a class=\"continue-reading-link\" href=\"http:\/\/www.sklaznebohdanec.cz\/fotbal\/soustredeni-mladeze\/\">Pokra\u010dov\u00e1n\u00ed zde&#8230;. <span class=\"meta-nav\">&rarr; <\/span><\/a><\/p>\n","protected":false},"author":13,"featured_media":0,"parent":0,"menu_order":0,"comment_status":"closed","ping_status":"closed","template":"","meta":{"_mc_calendar":[],"footnotes":""},"class_list":["post-12291","page","type-page","status-publish","hentry"],"aioseo_notices":[],"_links":{"self":[{"href":"http:\/\/www.sklaznebohdanec.cz\/fotbal\/wp-json\/wp\/v2\/pages\/12291","targetHints":{"allow":["GET"]}}],"collection":[{"href":"http:\/\/www.sklaznebohdanec.cz\/fotbal\/wp-json\/wp\/v2\/pages"}],"about":[{"href":"http:\/\/www.sklaznebohdanec.cz\/fotbal\/wp-json\/wp\/v2\/types\/page"}],"author":[{"embeddable":true,"href":"http:\/\/www.sklaznebohdanec.cz\/fotbal\/wp-json\/wp\/v2\/users\/13"}],"replies":[{"embeddable":true,"href":"http:\/\/www.sklaznebohdanec.cz\/fotbal\/wp-json\/wp\/v2\/comments?post=12291"}],"version-history":[{"count":14,"href":"http:\/\/www.sklaznebohdanec.cz\/fotbal\/wp-json\/wp\/v2\/pages\/12291\/revisions"}],"predecessor-version":[{"id":12521,"href":"http:\/\/www.sklaznebohdanec.cz\/fotbal\/wp-json\/wp\/v2\/pages\/12291\/revisions\/12521"}],"wp:attachment":[{"href":"http:\/\/www.sklaznebohdanec.cz\/fotbal\/wp-json\/wp\/v2\/media?parent=12291"}],"curies":[{"name":"wp","href":"https:\/\/api.w.org\/{rel}","templated":true}]}}