{"id":12893,"date":"2020-10-14T12:41:04","date_gmt":"2020-10-14T10:41:04","guid":{"rendered":"http:\/\/www.sklaznebohdanec.cz\/fotbal\/?page_id=12893"},"modified":"2020-10-14T12:41:04","modified_gmt":"2020-10-14T10:41:04","slug":"clanky-a-sdeleni-u7","status":"publish","type":"page","link":"http:\/\/www.sklaznebohdanec.cz\/fotbal\/clanky-a-sdeleni-u7\/","title":{"rendered":"\u010cl\u00e1nky a sd\u011blen\u00ed U7"},"content":{"rendered":"","protected":false},"excerpt":{"rendered":"","protected":false},"author":13,"featured_media":0,"parent":0,"menu_order":0,"comment_status":"closed","ping_status":"closed","template":"","meta":{"_mc_calendar":[],"footnotes":""},"class_list":["post-12893","page","type-page","status-publish","hentry"],"aioseo_notices":[],"_links":{"self":[{"href":"http:\/\/www.sklaznebohdanec.cz\/fotbal\/wp-json\/wp\/v2\/pages\/12893","targetHints":{"allow":["GET"]}}],"collection":[{"href":"http:\/\/www.sklaznebohdanec.cz\/fotbal\/wp-json\/wp\/v2\/pages"}],"about":[{"href":"http:\/\/www.sklaznebohdanec.cz\/fotbal\/wp-json\/wp\/v2\/types\/page"}],"author":[{"embeddable":true,"href":"http:\/\/www.sklaznebohdanec.cz\/fotbal\/wp-json\/wp\/v2\/users\/13"}],"replies":[{"embeddable":true,"href":"http:\/\/www.sklaznebohdanec.cz\/fotbal\/wp-json\/wp\/v2\/comments?post=12893"}],"version-history":[{"count":1,"href":"http:\/\/www.sklaznebohdanec.cz\/fotbal\/wp-json\/wp\/v2\/pages\/12893\/revisions"}],"predecessor-version":[{"id":12894,"href":"http:\/\/www.sklaznebohdanec.cz\/fotbal\/wp-json\/wp\/v2\/pages\/12893\/revisions\/12894"}],"wp:attachment":[{"href":"http:\/\/www.sklaznebohdanec.cz\/fotbal\/wp-json\/wp\/v2\/media?parent=12893"}],"curies":[{"name":"wp","href":"https:\/\/api.w.org\/{rel}","templated":true}]}}