{"id":12939,"date":"2020-10-14T17:11:02","date_gmt":"2020-10-14T15:11:02","guid":{"rendered":"http:\/\/www.sklaznebohdanec.cz\/fotbal\/?page_id=12939"},"modified":"2022-10-06T13:18:21","modified_gmt":"2022-10-06T11:18:21","slug":"tricka-raselina","status":"publish","type":"page","link":"http:\/\/www.sklaznebohdanec.cz\/fotbal\/tricka-raselina\/","title":{"rendered":"Tri\u010dka RA\u0160ELINA"},"content":{"rendered":"<div dir=\"auto\">Pro v\u0161echny hr\u00e1\u010de a fanou\u0161ky L.B.S.K.<\/div>\n<div dir=\"auto\"><span class=\"pq6dq46d tbxw36s4 knj5qynh kvgmc6g5 ditlmg2l oygrvhab nvdbi5me sf5mxxl7 gl3lb2sf hhz5lgdu\"><img loading=\"lazy\" decoding=\"async\" src=\"https:\/\/static.xx.fbcdn.net\/images\/emoji.php\/v9\/t9e\/1\/16\/27a1.png\" alt=\"&#x27a1;&#xfe0f;\" width=\"16\" height=\"16\" \/><\/span> Na\u0161e nov\u00e1 promo tri\u010dka jsou nyn\u00ed v prodeji. M\u016f\u017eete je objedn\u00e1vat prost\u0159ednictv\u00edm Facebooku nebo pi\u0161te na: <span class=\"pq6dq46d tbxw36s4 knj5qynh kvgmc6g5 ditlmg2l oygrvhab nvdbi5me sf5mxxl7 gl3lb2sf hhz5lgdu\"><img loading=\"lazy\" decoding=\"async\" src=\"https:\/\/static.xx.fbcdn.net\/images\/emoji.php\/v9\/tbe\/1\/16\/1f4e7.png\" alt=\"&#x1f4e7;\" width=\"16\" height=\"16\" \/><\/span> sklaznebohdanec@seznam.cz\u00a0 K zakoupen\u00ed budou tak\u00e9 p\u0159\u00edmo v Sport Clubu L\u00e1zn\u011b Bohdane\u010d na na\u0161em stadionu.<\/div>\n<div dir=\"auto\"><span class=\"pq6dq46d tbxw36s4 knj5qynh kvgmc6g5 ditlmg2l oygrvhab nvdbi5me sf5mxxl7 gl3lb2sf hhz5lgdu\"><img loading=\"lazy\" decoding=\"async\" src=\"https:\/\/static.xx.fbcdn.net\/images\/emoji.php\/v9\/t30\/1\/16\/1f468_1f3fc_200d_1f9b0.png\" alt=\"&#x1f468;&#x1f3fc;&#x200d;&#x1f9b0;\" width=\"16\" height=\"16\" \/><\/span>P\u00e1nsk\u00e9 velikosti S,M,L,XL,2XL,3XL &#8211; Cena: 250,- K\u010d<\/div>\n<div dir=\"auto\"><span class=\"pq6dq46d tbxw36s4 knj5qynh kvgmc6g5 ditlmg2l oygrvhab nvdbi5me sf5mxxl7 gl3lb2sf hhz5lgdu\"><img loading=\"lazy\" decoding=\"async\" src=\"https:\/\/static.xx.fbcdn.net\/images\/emoji.php\/v9\/t73\/1\/16\/1f469_1f3fb_200d_1f9b3.png\" alt=\"&#x1f469;&#x1f3fb;&#x200d;&#x1f9b3;\" width=\"16\" height=\"16\" \/><\/span>D\u00e1msk\u00e9 velikosti XS,S,M,L,XL,XXL &#8211; Cena: 250,- K\u010d<\/div>\n<div dir=\"auto\"><span class=\"pq6dq46d tbxw36s4 knj5qynh kvgmc6g5 ditlmg2l oygrvhab nvdbi5me sf5mxxl7 gl3lb2sf hhz5lgdu\"><img loading=\"lazy\" decoding=\"async\" src=\"https:\/\/static.xx.fbcdn.net\/images\/emoji.php\/v9\/t9b\/1\/16\/1f9d2_1f3fc.png\" alt=\"&#x1f9d2;&#x1f3fc;\" width=\"16\" height=\"16\" \/><\/span>D\u011btsk\u00e9 velikosti 122\/6, 134\/8, 146\/10, 158\/12 &#8211; Cena: 200,- K\u010d<\/div>\n<div dir=\"auto\" style=\"text-align: center;\"><a href=\"http:\/\/www.sklaznebohdanec.cz\/fotbal\/wp-content\/uploads\/2020\/10\/121019740_3372653886154770_4236985527653591042_n.jpg\"><img loading=\"lazy\" decoding=\"async\" class=\"alignnone size-medium wp-image-12882\" src=\"http:\/\/www.sklaznebohdanec.cz\/fotbal\/wp-content\/uploads\/2020\/10\/121019740_3372653886154770_4236985527653591042_n-238x300.jpg\" alt=\"\" width=\"238\" height=\"300\" srcset=\"http:\/\/www.sklaznebohdanec.cz\/fotbal\/wp-content\/uploads\/2020\/10\/121019740_3372653886154770_4236985527653591042_n-238x300.jpg 238w, http:\/\/www.sklaznebohdanec.cz\/fotbal\/wp-content\/uploads\/2020\/10\/121019740_3372653886154770_4236985527653591042_n-119x150.jpg 119w, http:\/\/www.sklaznebohdanec.cz\/fotbal\/wp-content\/uploads\/2020\/10\/121019740_3372653886154770_4236985527653591042_n.jpg 761w\" sizes=\"auto, (max-width: 238px) 100vw, 238px\" \/><\/a> <a href=\"http:\/\/www.sklaznebohdanec.cz\/fotbal\/wp-content\/uploads\/2020\/10\/121041837_3372653702821455_9202833331830744402_n.jpg\"><img loading=\"lazy\" decoding=\"async\" class=\"alignnone size-medium wp-image-12883\" src=\"http:\/\/www.sklaznebohdanec.cz\/fotbal\/wp-content\/uploads\/2020\/10\/121041837_3372653702821455_9202833331830744402_n-300x180.jpg\" alt=\"\" width=\"300\" height=\"180\" srcset=\"http:\/\/www.sklaznebohdanec.cz\/fotbal\/wp-content\/uploads\/2020\/10\/121041837_3372653702821455_9202833331830744402_n-300x180.jpg 300w, http:\/\/www.sklaznebohdanec.cz\/fotbal\/wp-content\/uploads\/2020\/10\/121041837_3372653702821455_9202833331830744402_n-150x90.jpg 150w, http:\/\/www.sklaznebohdanec.cz\/fotbal\/wp-content\/uploads\/2020\/10\/121041837_3372653702821455_9202833331830744402_n-768x460.jpg 768w, http:\/\/www.sklaznebohdanec.cz\/fotbal\/wp-content\/uploads\/2020\/10\/121041837_3372653702821455_9202833331830744402_n-250x150.jpg 250w, http:\/\/www.sklaznebohdanec.cz\/fotbal\/wp-content\/uploads\/2020\/10\/121041837_3372653702821455_9202833331830744402_n.jpg 960w\" sizes=\"auto, (max-width: 300px) 100vw, 300px\" \/><\/a><\/div>\n","protected":false},"excerpt":{"rendered":"<p>Pro v\u0161echny hr\u00e1\u010de a fanou\u0161ky L.B.S.K. Na\u0161e nov\u00e1 promo tri\u010dka jsou nyn\u00ed v prodeji. M\u016f\u017eete je objedn\u00e1vat prost\u0159ednictv\u00edm Facebooku nebo pi\u0161te na: sklaznebohdanec@seznam.cz\u00a0 K zakoupen\u00ed budou tak\u00e9 p\u0159\u00edmo v Sport Clubu L\u00e1zn\u011b Bohdane\u010d na na\u0161em stadionu. P\u00e1nsk\u00e9 velikosti S,M,L,XL,2XL,3XL &#8211; Cena: 250,- K\u010d D\u00e1msk\u00e9 velikosti XS,S,M,L,XL,XXL &#8211; Cena: 250,- K\u010d \u2026 <a class=\"continue-reading-link\" href=\"http:\/\/www.sklaznebohdanec.cz\/fotbal\/tricka-raselina\/\">Pokra\u010dov\u00e1n\u00ed zde&#8230;. <span class=\"meta-nav\">&rarr; <\/span><\/a><\/p>\n","protected":false},"author":13,"featured_media":0,"parent":0,"menu_order":0,"comment_status":"closed","ping_status":"closed","template":"","meta":{"_mc_calendar":[],"footnotes":""},"class_list":["post-12939","page","type-page","status-publish","hentry"],"aioseo_notices":[],"_links":{"self":[{"href":"http:\/\/www.sklaznebohdanec.cz\/fotbal\/wp-json\/wp\/v2\/pages\/12939","targetHints":{"allow":["GET"]}}],"collection":[{"href":"http:\/\/www.sklaznebohdanec.cz\/fotbal\/wp-json\/wp\/v2\/pages"}],"about":[{"href":"http:\/\/www.sklaznebohdanec.cz\/fotbal\/wp-json\/wp\/v2\/types\/page"}],"author":[{"embeddable":true,"href":"http:\/\/www.sklaznebohdanec.cz\/fotbal\/wp-json\/wp\/v2\/users\/13"}],"replies":[{"embeddable":true,"href":"http:\/\/www.sklaznebohdanec.cz\/fotbal\/wp-json\/wp\/v2\/comments?post=12939"}],"version-history":[{"count":3,"href":"http:\/\/www.sklaznebohdanec.cz\/fotbal\/wp-json\/wp\/v2\/pages\/12939\/revisions"}],"predecessor-version":[{"id":13654,"href":"http:\/\/www.sklaznebohdanec.cz\/fotbal\/wp-json\/wp\/v2\/pages\/12939\/revisions\/13654"}],"wp:attachment":[{"href":"http:\/\/www.sklaznebohdanec.cz\/fotbal\/wp-json\/wp\/v2\/media?parent=12939"}],"curies":[{"name":"wp","href":"https:\/\/api.w.org\/{rel}","templated":true}]}}