{"id":13026,"date":"2021-01-20T13:38:18","date_gmt":"2021-01-20T12:38:18","guid":{"rendered":"http:\/\/www.sklaznebohdanec.cz\/fotbal\/?page_id=13026"},"modified":"2021-01-20T13:50:05","modified_gmt":"2021-01-20T12:50:05","slug":"funkcni-cepice","status":"publish","type":"page","link":"http:\/\/www.sklaznebohdanec.cz\/fotbal\/funkcni-cepice\/","title":{"rendered":"Funk\u010dn\u00ed \u010depice"},"content":{"rendered":"<p>Tabulka velikost\u00ed:<\/p>\n<p>\u200bXS &#8211; obvod hlavy 45-47 cm<\/p>\n<p>S &#8211; obvod hlavy 49-51 cm<\/p>\n<p>L &#8211; obvod hlavy 55-57 cm<\/p>\n<p>XL &#8211; obvod hlavy 58-60 cm<\/p>\n<p><span style=\"text-decoration: underline;\"><strong>Cena: 290,- K\u010d<\/strong><\/span><\/p>\n<p><a href=\"http:\/\/www.sklaznebohdanec.cz\/fotbal\/wp-content\/uploads\/2021\/01\/IMG-20210120-WA0001.jpg\"><img loading=\"lazy\" decoding=\"async\" class=\"alignnone wp-image-13029\" src=\"http:\/\/www.sklaznebohdanec.cz\/fotbal\/wp-content\/uploads\/2021\/01\/IMG-20210120-WA0001-257x300.jpg\" alt=\"\" width=\"171\" height=\"200\" srcset=\"http:\/\/www.sklaznebohdanec.cz\/fotbal\/wp-content\/uploads\/2021\/01\/IMG-20210120-WA0001-257x300.jpg 257w, http:\/\/www.sklaznebohdanec.cz\/fotbal\/wp-content\/uploads\/2021\/01\/IMG-20210120-WA0001-876x1024.jpg 876w, http:\/\/www.sklaznebohdanec.cz\/fotbal\/wp-content\/uploads\/2021\/01\/IMG-20210120-WA0001-128x150.jpg 128w, http:\/\/www.sklaznebohdanec.cz\/fotbal\/wp-content\/uploads\/2021\/01\/IMG-20210120-WA0001-768x898.jpg 768w, http:\/\/www.sklaznebohdanec.cz\/fotbal\/wp-content\/uploads\/2021\/01\/IMG-20210120-WA0001-1313x1536.jpg 1313w, http:\/\/www.sklaznebohdanec.cz\/fotbal\/wp-content\/uploads\/2021\/01\/IMG-20210120-WA0001.jpg 1368w\" sizes=\"auto, (max-width: 171px) 100vw, 171px\" \/><\/a><a href=\"http:\/\/www.sklaznebohdanec.cz\/fotbal\/wp-content\/uploads\/2021\/01\/IMG-20210120-WA0002.jpg\"><img loading=\"lazy\" decoding=\"async\" class=\"alignnone wp-image-13030\" src=\"http:\/\/www.sklaznebohdanec.cz\/fotbal\/wp-content\/uploads\/2021\/01\/IMG-20210120-WA0002-257x300.jpg\" alt=\"\" width=\"172\" height=\"200\" srcset=\"http:\/\/www.sklaznebohdanec.cz\/fotbal\/wp-content\/uploads\/2021\/01\/IMG-20210120-WA0002-257x300.jpg 257w, http:\/\/www.sklaznebohdanec.cz\/fotbal\/wp-content\/uploads\/2021\/01\/IMG-20210120-WA0002-878x1024.jpg 878w, http:\/\/www.sklaznebohdanec.cz\/fotbal\/wp-content\/uploads\/2021\/01\/IMG-20210120-WA0002-129x150.jpg 129w, http:\/\/www.sklaznebohdanec.cz\/fotbal\/wp-content\/uploads\/2021\/01\/IMG-20210120-WA0002-768x896.jpg 768w, http:\/\/www.sklaznebohdanec.cz\/fotbal\/wp-content\/uploads\/2021\/01\/IMG-20210120-WA0002-1317x1536.jpg 1317w, http:\/\/www.sklaznebohdanec.cz\/fotbal\/wp-content\/uploads\/2021\/01\/IMG-20210120-WA0002.jpg 1372w\" sizes=\"auto, (max-width: 172px) 100vw, 172px\" \/><\/a><a href=\"http:\/\/www.sklaznebohdanec.cz\/fotbal\/wp-content\/uploads\/2021\/01\/IMG-20210120A0000.jpg\"><img loading=\"lazy\" decoding=\"async\" class=\"alignnone wp-image-13032\" src=\"http:\/\/www.sklaznebohdanec.cz\/fotbal\/wp-content\/uploads\/2021\/01\/IMG-20210120A0000-242x300.jpg\" alt=\"\" width=\"161\" height=\"200\" srcset=\"http:\/\/www.sklaznebohdanec.cz\/fotbal\/wp-content\/uploads\/2021\/01\/IMG-20210120A0000-242x300.jpg 242w, http:\/\/www.sklaznebohdanec.cz\/fotbal\/wp-content\/uploads\/2021\/01\/IMG-20210120A0000-121x150.jpg 121w, http:\/\/www.sklaznebohdanec.cz\/fotbal\/wp-content\/uploads\/2021\/01\/IMG-20210120A0000.jpg 325w\" sizes=\"auto, (max-width: 161px) 100vw, 161px\" \/><\/a><a href=\"http:\/\/www.sklaznebohdanec.cz\/fotbal\/wp-content\/uploads\/2021\/01\/IMG-20210120-WA00.jpg\"><img loading=\"lazy\" decoding=\"async\" class=\"alignnone wp-image-13033\" src=\"http:\/\/www.sklaznebohdanec.cz\/fotbal\/wp-content\/uploads\/2021\/01\/IMG-20210120-WA00-243x300.jpg\" alt=\"\" width=\"162\" height=\"200\" srcset=\"http:\/\/www.sklaznebohdanec.cz\/fotbal\/wp-content\/uploads\/2021\/01\/IMG-20210120-WA00-243x300.jpg 243w, http:\/\/www.sklaznebohdanec.cz\/fotbal\/wp-content\/uploads\/2021\/01\/IMG-20210120-WA00-122x150.jpg 122w, http:\/\/www.sklaznebohdanec.cz\/fotbal\/wp-content\/uploads\/2021\/01\/IMG-20210120-WA00.jpg 322w\" sizes=\"auto, (max-width: 162px) 100vw, 162px\" \/><\/a><\/p>\n","protected":false},"excerpt":{"rendered":"<p>Tabulka velikost\u00ed: \u200bXS &#8211; obvod hlavy 45-47 cm S &#8211; obvod hlavy 49-51 cm L &#8211; obvod hlavy 55-57 cm XL &#8211; obvod hlavy 58-60 cm Cena: 290,- K\u010d<\/p>\n","protected":false},"author":13,"featured_media":0,"parent":0,"menu_order":0,"comment_status":"closed","ping_status":"closed","template":"","meta":{"_mc_calendar":[],"footnotes":""},"class_list":["post-13026","page","type-page","status-publish","hentry"],"aioseo_notices":[],"_links":{"self":[{"href":"http:\/\/www.sklaznebohdanec.cz\/fotbal\/wp-json\/wp\/v2\/pages\/13026","targetHints":{"allow":["GET"]}}],"collection":[{"href":"http:\/\/www.sklaznebohdanec.cz\/fotbal\/wp-json\/wp\/v2\/pages"}],"about":[{"href":"http:\/\/www.sklaznebohdanec.cz\/fotbal\/wp-json\/wp\/v2\/types\/page"}],"author":[{"embeddable":true,"href":"http:\/\/www.sklaznebohdanec.cz\/fotbal\/wp-json\/wp\/v2\/users\/13"}],"replies":[{"embeddable":true,"href":"http:\/\/www.sklaznebohdanec.cz\/fotbal\/wp-json\/wp\/v2\/comments?post=13026"}],"version-history":[{"count":5,"href":"http:\/\/www.sklaznebohdanec.cz\/fotbal\/wp-json\/wp\/v2\/pages\/13026\/revisions"}],"predecessor-version":[{"id":13036,"href":"http:\/\/www.sklaznebohdanec.cz\/fotbal\/wp-json\/wp\/v2\/pages\/13026\/revisions\/13036"}],"wp:attachment":[{"href":"http:\/\/www.sklaznebohdanec.cz\/fotbal\/wp-json\/wp\/v2\/media?parent=13026"}],"curies":[{"name":"wp","href":"https:\/\/api.w.org\/{rel}","templated":true}]}}