{"id":14401,"date":"2024-09-06T11:04:32","date_gmt":"2024-09-06T09:04:32","guid":{"rendered":"https:\/\/www.sklaznebohdanec.cz\/fotbal\/?page_id=14401"},"modified":"2024-09-23T20:11:16","modified_gmt":"2024-09-23T18:11:16","slug":"statistiky-muzi","status":"publish","type":"page","link":"http:\/\/www.sklaznebohdanec.cz\/fotbal\/statistiky-muzi\/","title":{"rendered":"statistiky &#8211; muzi"},"content":{"rendered":"<p>Celkov\u00e9 statistiky cel\u00e9 sout\u011b\u017ee jsou <a title=\"zde\" href=\"https:\/\/www.fotbal.cz\/souteze\/turnaje\/stats\/1361e0d3-6a0c-49e1-93ca-31268c6baa5c\">zde<\/a><\/p>\n<table class=\"Table u-mt-16\" style=\"width: 100%; height: 388px;\">\n<thead>\n<tr style=\"height: 18px; border-color: #54aae8; background-color: #54aae8;\">\n<th class=\"u-sticky-cell\" style=\"height: 18px; width: 11.6026%; border-color: #54aae8; background-color: #54aae8;\"><abbr title=\"Po\u0159ad\u00ed\">#<\/abbr><\/th>\n<th class=\"u-sticky-cell\" style=\"height: 18px; width: 28.5714%; border-color: #54aae8; background-color: #54aae8;\">Jm\u00e9no<\/th>\n<th class=\"u-ta-center\" style=\"height: 18px; width: 9.3546%; border-color: #54aae8; background-color: #54aae8;\"><abbr title=\"G\u00f3ly\">G<\/abbr><\/th>\n<th class=\"u-ta-center\" style=\"height: 18px; width: 10.6599%; border-color: #54aae8; background-color: #54aae8;\"><abbr title=\"\u017dlut\u00e9 karty\">\u017dK<\/abbr><\/th>\n<th style=\"height: 18px; width: 10.8049%; border-color: #54aae8; background-color: #54aae8;\"><abbr title=\"\u010cerven\u00e9 karty\">\u010cK<\/abbr><\/th>\n<\/tr>\n<\/thead>\n<tbody>\n<tr style=\"height: 24px;\">\n<td class=\"u-sticky-cell\" style=\"height: 10px; width: 11.6026%; border-color: #57e1eb; background-color: #57e1eb;\">1.<\/td>\n<td class=\"u-sticky-cell\" style=\"height: 10px; width: 28.5714%; border-color: #57e1eb; background-color: #57e1eb;\">Tom\u00e1\u0161 Kl\u00e1til<\/td>\n<td class=\"u-ta-center\" style=\"height: 10px; width: 9.3546%; border-color: #57e1eb; background-color: #57e1eb;\">3<\/td>\n<td class=\"u-ta-center\" style=\"height: 10px; width: 10.6599%; border-color: #57e1eb; background-color: #57e1eb;\">1<\/td>\n<td style=\"height: 10px; width: 10.8049%; border-color: #57e1eb; background-color: #57e1eb;\">0<\/td>\n<\/tr>\n<tr style=\"height: 24px;\">\n<td class=\"u-sticky-cell\" style=\"height: 24px; width: 11.6026%; border-color: #57e1eb; background-color: #57e1eb;\">2.<\/td>\n<td class=\"u-sticky-cell\" style=\"height: 24px; width: 28.5714%; border-color: #57e1eb; background-color: #57e1eb;\">Richard Klouda<\/td>\n<td class=\"u-ta-center\" style=\"height: 24px; width: 9.3546%; border-color: #57e1eb; background-color: #57e1eb;\">3<\/td>\n<td class=\"u-ta-center\" style=\"height: 24px; width: 10.6599%; border-color: #57e1eb; background-color: #57e1eb;\">2<\/td>\n<td style=\"height: 24px; width: 10.8049%; border-color: #57e1eb; background-color: #57e1eb;\">0<\/td>\n<\/tr>\n<tr style=\"height: 24px;\">\n<td class=\"u-sticky-cell\" style=\"height: 24px; width: 11.6026%; border-color: #57e1eb; background-color: #57e1eb;\">3.<\/td>\n<td class=\"u-sticky-cell\" style=\"height: 24px; width: 28.5714%; border-color: #57e1eb; background-color: #57e1eb;\">Luk\u00e1\u0161 Pol\u00e1k<\/td>\n<td class=\"u-ta-center\" style=\"height: 24px; width: 9.3546%; border-color: #57e1eb; background-color: #57e1eb;\">2<\/td>\n<td class=\"u-ta-center\" style=\"height: 24px; width: 10.6599%; border-color: #57e1eb; background-color: #57e1eb;\">1<\/td>\n<td style=\"height: 24px; width: 10.8049%; border-color: #57e1eb; background-color: #57e1eb;\">0<\/td>\n<\/tr>\n<tr style=\"height: 24px;\">\n<td class=\"u-sticky-cell\" style=\"height: 24px; width: 11.6026%; border-color: #57e1eb; background-color: #57e1eb;\">4.<\/td>\n<td class=\"u-sticky-cell\" style=\"height: 24px; width: 28.5714%; border-color: #57e1eb; background-color: #57e1eb;\">Jan Fidra<\/td>\n<td class=\"u-ta-center\" style=\"height: 24px; width: 9.3546%; border-color: #57e1eb; background-color: #57e1eb;\">1<\/td>\n<td class=\"u-ta-center\" style=\"height: 24px; width: 10.6599%; border-color: #57e1eb; background-color: #57e1eb;\">1<\/td>\n<td style=\"height: 24px; width: 10.8049%; border-color: #57e1eb; background-color: #57e1eb;\">1<\/td>\n<\/tr>\n<tr style=\"height: 24px;\">\n<td class=\"u-sticky-cell\" style=\"height: 24px; width: 11.6026%; border-color: #57e1eb; background-color: #57e1eb;\">5.<\/td>\n<td class=\"u-sticky-cell\" style=\"height: 24px; width: 28.5714%; border-color: #57e1eb; background-color: #57e1eb;\">Daniel Fotul<\/td>\n<td class=\"u-ta-center\" style=\"height: 24px; width: 9.3546%; border-color: #57e1eb; background-color: #57e1eb;\">1<\/td>\n<td class=\"u-ta-center\" style=\"height: 24px; width: 10.6599%; border-color: #57e1eb; background-color: #57e1eb;\">2<\/td>\n<td style=\"height: 24px; width: 10.8049%; border-color: #57e1eb; background-color: #57e1eb;\">0<\/td>\n<\/tr>\n<tr style=\"height: 24px;\">\n<td class=\"u-sticky-cell\" style=\"height: 24px; width: 11.6026%; border-color: #57e1eb; background-color: #57e1eb;\">6.<\/td>\n<td class=\"u-sticky-cell\" style=\"height: 24px; width: 28.5714%; border-color: #57e1eb; background-color: #57e1eb;\">Martin Hru\u0161ka<\/td>\n<td class=\"u-ta-center\" style=\"height: 24px; width: 9.3546%; border-color: #57e1eb; background-color: #57e1eb;\">1<\/td>\n<td class=\"u-ta-center\" style=\"height: 24px; width: 10.6599%; border-color: #57e1eb; background-color: #57e1eb;\">2<\/td>\n<td style=\"height: 24px; width: 10.8049%; border-color: #57e1eb; background-color: #57e1eb;\">0<\/td>\n<\/tr>\n<tr style=\"height: 24px;\">\n<td class=\"u-sticky-cell\" style=\"height: 24px; width: 11.6026%; border-color: #57e1eb; background-color: #57e1eb;\">7.<\/td>\n<td class=\"u-sticky-cell\" style=\"height: 24px; width: 28.5714%; border-color: #57e1eb; background-color: #57e1eb;\">Martin Hund\u00e1k<\/td>\n<td class=\"u-ta-center\" style=\"height: 24px; width: 9.3546%; border-color: #57e1eb; background-color: #57e1eb;\">1<\/td>\n<td class=\"u-ta-center\" style=\"height: 24px; width: 10.6599%; border-color: #57e1eb; background-color: #57e1eb;\">1<\/td>\n<td style=\"height: 24px; width: 10.8049%; border-color: #57e1eb; background-color: #57e1eb;\">0<\/td>\n<\/tr>\n<tr style=\"height: 24px;\">\n<td class=\"u-sticky-cell\" style=\"height: 24px; width: 11.6026%; border-color: #57e1eb; background-color: #57e1eb;\">8.<\/td>\n<td class=\"u-sticky-cell\" style=\"height: 24px; width: 28.5714%; border-color: #57e1eb; background-color: #57e1eb;\">Luk\u00e1\u0161 Nepivoda<\/td>\n<td class=\"u-ta-center\" style=\"height: 24px; width: 9.3546%; border-color: #57e1eb; background-color: #57e1eb;\">1<\/td>\n<td class=\"u-ta-center\" style=\"height: 24px; width: 10.6599%; border-color: #57e1eb; background-color: #57e1eb;\">1<\/td>\n<td style=\"height: 24px; width: 10.8049%; border-color: #57e1eb; background-color: #57e1eb;\">1<\/td>\n<\/tr>\n<tr style=\"height: 24px;\">\n<td class=\"u-sticky-cell\" style=\"height: 24px; width: 11.6026%; border-color: #57e1eb; background-color: #57e1eb;\">9.<\/td>\n<td class=\"u-sticky-cell\" style=\"height: 24px; width: 28.5714%; border-color: #57e1eb; background-color: #57e1eb;\">Filip Panch\u00e1rtek<\/td>\n<td class=\"u-ta-center\" style=\"height: 24px; width: 9.3546%; border-color: #57e1eb; background-color: #57e1eb;\">1<\/td>\n<td class=\"u-ta-center\" style=\"height: 24px; width: 10.6599%; border-color: #57e1eb; background-color: #57e1eb;\">1<\/td>\n<td style=\"height: 24px; width: 10.8049%; border-color: #57e1eb; background-color: #57e1eb;\">0<\/td>\n<\/tr>\n<tr style=\"height: 24px;\">\n<td class=\"u-sticky-cell\" style=\"height: 24px; width: 11.6026%; border-color: #57e1eb; background-color: #57e1eb;\">10.<\/td>\n<td class=\"u-sticky-cell\" style=\"height: 24px; width: 28.5714%; border-color: #57e1eb; background-color: #57e1eb;\">Tom\u00e1\u0161 Virt<\/td>\n<td class=\"u-ta-center\" style=\"width: 9.3546%; border-color: #57e1eb; background-color: #57e1eb; height: 24px;\">1<\/td>\n<td class=\"u-ta-center\" style=\"width: 10.6599%; border-color: #57e1eb; background-color: #57e1eb; height: 24px;\">0<\/td>\n<td style=\"width: 10.8049%; border-color: #57e1eb; background-color: #57e1eb; height: 24px;\">1<\/td>\n<\/tr>\n<tr style=\"height: 24px;\">\n<td class=\"u-sticky-cell\" style=\"height: 24px; width: 11.6026%; border-color: #57e1eb; background-color: #57e1eb;\">11.<\/td>\n<td class=\"u-sticky-cell\" style=\"height: 24px; width: 28.5714%; border-color: #57e1eb; background-color: #57e1eb;\">V\u00e1clav Kejmar<\/td>\n<td class=\"u-ta-center\" style=\"width: 9.3546%; border-color: #57e1eb; background-color: #57e1eb; height: 24px;\">0<\/td>\n<td class=\"u-ta-center\" style=\"width: 10.6599%; border-color: #57e1eb; background-color: #57e1eb; height: 24px;\">2<\/td>\n<td style=\"width: 10.8049%; border-color: #57e1eb; background-color: #57e1eb; height: 24px;\">0<\/td>\n<\/tr>\n<tr style=\"height: 24px;\">\n<td class=\"u-sticky-cell\" style=\"height: 24px; width: 11.6026%; border-color: #57e1eb; background-color: #57e1eb;\">12.<\/td>\n<td class=\"u-sticky-cell\" style=\"height: 24px; width: 28.5714%; border-color: #57e1eb; background-color: #57e1eb;\">Libor Flekr<\/td>\n<td class=\"u-ta-center\" style=\"width: 9.3546%; border-color: #57e1eb; background-color: #57e1eb; height: 24px;\">0<\/td>\n<td class=\"u-ta-center\" style=\"width: 10.6599%; border-color: #57e1eb; background-color: #57e1eb; height: 24px;\">1<\/td>\n<td style=\"width: 10.8049%; border-color: #57e1eb; background-color: #57e1eb; height: 24px;\">0<\/td>\n<\/tr>\n<tr style=\"height: 24px;\">\n<td style=\"width: 11.6026%; border-color: #57e1eb; background-color: #57e1eb; height: 24px;\">13.<\/td>\n<td style=\"width: 28.5714%; border-color: #57e1eb; background-color: #57e1eb; height: 24px;\">Damien Zelinger<\/td>\n<td style=\"width: 9.3546%; border-color: #57e1eb; background-color: #57e1eb; height: 24px;\">0<\/td>\n<td style=\"width: 10.6599%; border-color: #57e1eb; background-color: #57e1eb; height: 24px;\">1<\/td>\n<td style=\"width: 10.8049%; border-color: #57e1eb; background-color: #57e1eb; height: 24px;\">1<\/td>\n<\/tr>\n<tr style=\"height: 24px;\">\n<td class=\"u-sticky-cell\" style=\"height: 24px; width: 11.6026%; border-color: #57e1eb; background-color: #57e1eb;\">14.<\/td>\n<td class=\"u-sticky-cell\" style=\"height: 24px; width: 28.5714%; border-color: #57e1eb; background-color: #57e1eb;\">David Koukal<\/td>\n<td class=\"u-ta-center\" style=\"width: 9.3546%; border-color: #57e1eb; background-color: #57e1eb; height: 24px;\">0<\/td>\n<td class=\"u-ta-center\" style=\"width: 10.6599%; border-color: #57e1eb; background-color: #57e1eb; height: 24px;\">1<\/td>\n<td style=\"width: 10.8049%; border-color: #57e1eb; background-color: #57e1eb; height: 24px;\">0<\/td>\n<\/tr>\n<tr style=\"height: 24px;\">\n<td class=\"u-sticky-cell\" style=\"height: 24px; width: 11.6026%; border-color: #57e1eb; background-color: #57e1eb;\">15.<\/td>\n<td class=\"u-sticky-cell\" style=\"height: 24px; width: 28.5714%; border-color: #57e1eb; background-color: #57e1eb;\">Petr Moty\u010dka<\/td>\n<td class=\"u-ta-center\" style=\"width: 9.3546%; border-color: #57e1eb; background-color: #57e1eb; height: 24px;\">0<\/td>\n<td class=\"u-ta-center\" style=\"width: 10.6599%; border-color: #57e1eb; background-color: #57e1eb; height: 24px;\">1<\/td>\n<td style=\"width: 10.8049%; border-color: #57e1eb; background-color: #57e1eb; height: 24px;\">0<\/td>\n<\/tr>\n<tr style=\"height: 24px;\">\n<td class=\"u-sticky-cell\" style=\"height: 24px; width: 11.6026%; border-color: #57e1eb; background-color: #57e1eb;\">16.<\/td>\n<td class=\"u-sticky-cell\" style=\"height: 24px; width: 28.5714%; border-color: #57e1eb; background-color: #57e1eb;\">Jan \u0160v\u00e1b<\/td>\n<td class=\"u-ta-center\" style=\"width: 9.3546%; border-color: #57e1eb; background-color: #57e1eb; height: 24px;\">0<\/td>\n<td class=\"u-ta-center\" style=\"width: 10.6599%; border-color: #57e1eb; background-color: #57e1eb; height: 24px;\">1<\/td>\n<td style=\"width: 10.8049%; border-color: #57e1eb; background-color: #57e1eb; height: 24px;\">0<\/td>\n<\/tr>\n<\/tbody>\n<\/table>\n","protected":false},"excerpt":{"rendered":"<p>Celkov\u00e9 statistiky cel\u00e9 sout\u011b\u017ee jsou zde # Jm\u00e9no G \u017dK \u010cK 1. Tom\u00e1\u0161 Kl\u00e1til 3 1 0 2. Richard Klouda 3 2 0 3. Luk\u00e1\u0161 Pol\u00e1k 2 1 0 4. Jan Fidra 1 1 1 5. Daniel Fotul 1 2 0 6. Martin Hru\u0161ka 1 2 0 7. Martin Hund\u00e1k \u2026 <a class=\"continue-reading-link\" href=\"http:\/\/www.sklaznebohdanec.cz\/fotbal\/statistiky-muzi\/\">Pokra\u010dov\u00e1n\u00ed zde&#8230;. <span class=\"meta-nav\">&rarr; <\/span><\/a><\/p>\n","protected":false},"author":18,"featured_media":0,"parent":0,"menu_order":0,"comment_status":"closed","ping_status":"closed","template":"","meta":{"_mc_calendar":[],"footnotes":""},"class_list":["post-14401","page","type-page","status-publish","hentry"],"aioseo_notices":[],"_links":{"self":[{"href":"http:\/\/www.sklaznebohdanec.cz\/fotbal\/wp-json\/wp\/v2\/pages\/14401","targetHints":{"allow":["GET"]}}],"collection":[{"href":"http:\/\/www.sklaznebohdanec.cz\/fotbal\/wp-json\/wp\/v2\/pages"}],"about":[{"href":"http:\/\/www.sklaznebohdanec.cz\/fotbal\/wp-json\/wp\/v2\/types\/page"}],"author":[{"embeddable":true,"href":"http:\/\/www.sklaznebohdanec.cz\/fotbal\/wp-json\/wp\/v2\/users\/18"}],"replies":[{"embeddable":true,"href":"http:\/\/www.sklaznebohdanec.cz\/fotbal\/wp-json\/wp\/v2\/comments?post=14401"}],"version-history":[{"count":12,"href":"http:\/\/www.sklaznebohdanec.cz\/fotbal\/wp-json\/wp\/v2\/pages\/14401\/revisions"}],"predecessor-version":[{"id":14544,"href":"http:\/\/www.sklaznebohdanec.cz\/fotbal\/wp-json\/wp\/v2\/pages\/14401\/revisions\/14544"}],"wp:attachment":[{"href":"http:\/\/www.sklaznebohdanec.cz\/fotbal\/wp-json\/wp\/v2\/media?parent=14401"}],"curies":[{"name":"wp","href":"https:\/\/api.w.org\/{rel}","templated":true}]}}