{"id":19,"date":"2012-06-26T23:06:00","date_gmt":"2012-06-26T21:06:00","guid":{"rendered":"http:\/\/www.sklaznebohdanec.cz\/fotbal\/?page_id=19"},"modified":"2016-07-15T11:50:47","modified_gmt":"2016-07-15T09:50:47","slug":"klub__trashed","status":"publish","type":"page","link":"http:\/\/www.sklaznebohdanec.cz\/fotbal\/klub__trashed\/","title":{"rendered":"KLUB"},"content":{"rendered":"<p><a href=\"http:\/\/www.sklaznebohdanec.cz\/fotbal\/o-klubu\/\">Veden\u00ed klubu<\/a><\/p>\n<p><a href=\"http:\/\/www.sklaznebohdanec.cz\/fotbal\/kontakty\/\">Kontakty<\/a><\/p>\n<p><a href=\"http:\/\/www.sklaznebohdanec.cz\/fotbal\/category\/klub-sdeleni\/\">\u010cl\u00e1nky a sd\u011blen\u00ed<\/a><\/p>\n<p><a href=\"http:\/\/www.sklaznebohdanec.cz\/fotbal\/nabory\/\">N\u00e1bor nov\u00fdch hr\u00e1\u010d\u016f<\/a><\/p>\n<p>&nbsp;<\/p>\n","protected":false},"excerpt":{"rendered":"<p>Veden\u00ed klubu Kontakty \u010cl\u00e1nky a sd\u011blen\u00ed N\u00e1bor nov\u00fdch hr\u00e1\u010d\u016f &nbsp;<\/p>\n","protected":false},"author":8,"featured_media":0,"parent":0,"menu_order":0,"comment_status":"closed","ping_status":"open","template":"","meta":{"_mc_calendar":[],"footnotes":""},"class_list":["post-19","page","type-page","status-publish","hentry"],"aioseo_notices":[],"_links":{"self":[{"href":"http:\/\/www.sklaznebohdanec.cz\/fotbal\/wp-json\/wp\/v2\/pages\/19","targetHints":{"allow":["GET"]}}],"collection":[{"href":"http:\/\/www.sklaznebohdanec.cz\/fotbal\/wp-json\/wp\/v2\/pages"}],"about":[{"href":"http:\/\/www.sklaznebohdanec.cz\/fotbal\/wp-json\/wp\/v2\/types\/page"}],"author":[{"embeddable":true,"href":"http:\/\/www.sklaznebohdanec.cz\/fotbal\/wp-json\/wp\/v2\/users\/8"}],"replies":[{"embeddable":true,"href":"http:\/\/www.sklaznebohdanec.cz\/fotbal\/wp-json\/wp\/v2\/comments?post=19"}],"version-history":[{"count":4,"href":"http:\/\/www.sklaznebohdanec.cz\/fotbal\/wp-json\/wp\/v2\/pages\/19\/revisions"}],"predecessor-version":[{"id":7266,"href":"http:\/\/www.sklaznebohdanec.cz\/fotbal\/wp-json\/wp\/v2\/pages\/19\/revisions\/7266"}],"wp:attachment":[{"href":"http:\/\/www.sklaznebohdanec.cz\/fotbal\/wp-json\/wp\/v2\/media?parent=19"}],"curies":[{"name":"wp","href":"https:\/\/api.w.org\/{rel}","templated":true}]}}