{"id":23,"date":"2012-06-26T23:06:25","date_gmt":"2012-06-26T21:06:25","guid":{"rendered":"http:\/\/www.sklaznebohdanec.cz\/fotbal\/?page_id=23"},"modified":"2014-07-26T11:47:39","modified_gmt":"2014-07-26T09:47:39","slug":"historie","status":"publish","type":"page","link":"http:\/\/www.sklaznebohdanec.cz\/fotbal\/klub__trashed\/historie\/","title":{"rendered":"HISTORIE"},"content":{"rendered":"<p>&nbsp;<\/p>\n<p>Pardubice nepat\u0159\u00ed mezi fotbalov\u00e9 ba\u0161ty, v nich\u017e se nejvy\u0161\u0161\u00ed sout\u011b\u017e hraje \u010di hr\u00e1la des\u00edtky sezon. Kluby SK, Dukla a VCHZ pat\u0159ily mezi prvoligov\u00e9 \u00fa\u010dastn\u00edky. Ov\u0161em v \u201ed\u00e1vn\u00e9\u201c historii. Posledn\u00ed ro\u010dn\u00edk nejvy\u0161\u0161\u00ed sout\u011b\u017ee s pardubick\u00fdm t\u00fdmem se hr\u00e1l v letech 1968\/69. Od t\u00e9 doby se liga vyh\u00fdb\u00e1 m\u011bstu obloukem. <strong>Tedy s jedinou v\u00fdjimkou.<\/strong><\/p>\n<p><a href=\"http:\/\/www.sklaznebohdanec.cz\/fotbal\/wp-content\/uploads\/2012\/06\/znak-2.jpg\"><img loading=\"lazy\" decoding=\"async\" class=\"wp-image-404 aligncenter\" title=\"Znak\" src=\"http:\/\/www.sklaznebohdanec.cz\/fotbal\/wp-content\/uploads\/2012\/06\/znak-2-300x275.jpg\" alt=\"\" width=\"240\" height=\"220\" \/><\/a><\/p>\n<h4>Atlantic stoup\u00e1 vzh\u016fru<\/h4>\n<p align=\"left\">V listopadu 1991 do\u0161lo ke slou\u010den\u00ed Tesly Pardubice B a Sokola Bohdane\u010d, kter\u00fd tehdy hr\u00e1l okresn\u00ed p\u0159ebor. Nov\u00fd majitel klubu Ji\u0159\u00ed Nov\u00e1k se v\u0161ak netajil sm\u011bl\u00fdmi pl\u00e1ny. A v n\u00e1sleduj\u00edc\u00edch letech je tak\u00e9 uskute\u010dnil.<\/p>\n<p align=\"left\">Za\u010dala nejslavn\u011bj\u0161\u00ed \u00e9ra fotbalu v l\u00e1ze\u0148sk\u00e9m m\u011bst\u011b. Do klubu AFK Atlantic p\u0159ich\u00e1zeli ka\u017edoro\u010dn\u011b hr\u00e1\u010di zvu\u010dn\u00fdch jmen a s nimi i postup vzh\u016fru. A v roce 1997 p\u0159i\u0161el i spln\u011bn\u00fd sen. T\u00fdm obsadil st\u0159\u00edbrnou p\u0159\u00ed\u010dku ve druh\u00e9 lize a zajistil si \u00fa\u010dast v nejvy\u0161\u0161\u00ed sout\u011b\u017ei. \u201eByly to kr\u00e1sn\u00e9 roky,\u201c vzpom\u00ednaly tehdej\u0161\u00ed opory Ji\u0159\u00ed Valta a Rostislav Mach\u00e1\u010dek na p\u016fsoben\u00ed v Bohdan\u010di.<br \/>\nKub\u00edk, Heinz, Petr Kosteln\u00edk, Ji\u0159\u00ed Kaufman, Kuli\u010d, Trval nebo Schindler. To je jen n\u011bkolik hr\u00e1\u010d\u016f, kte\u0159\u00ed v prvoligov\u00e9 sezon\u011b obl\u00e9kali bohdane\u010dsk\u00fd dres.<\/p>\n<p align=\"left\">Ov\u0161em premi\u00e9rov\u00e9 utk\u00e1n\u00ed na stadionu Na Ba\u0161t\u011b skon\u010dilo ne\u00fasp\u011bchem. Atlantic prohr\u00e1l 0:1 v derby s Hradcem Kr\u00e1lov\u00e9. A byla to p\u0159edzv\u011bst neradostn\u00fdch \u010das\u016f.<\/p>\n<p align=\"left\"><iframe loading=\"lazy\" src=\"http:\/\/www.youtube.com\/embed\/mcbPkT2ggv0\" width=\"425\" height=\"350\" frameborder=\"0\"><\/iframe><\/p>\n<h4>Sestup a z\u00e1hy konec<\/h4>\n<p align=\"left\">\u00a0Por\u00e1\u017eky neust\u00e1le p\u0159ib\u00fdvaly a prvoligov\u00e9 \u00fa\u010dinkov\u00e1n\u00ed se scvrklo v ro\u010dn\u00ed epizodu. Chud\u00fd zisk 11 bod\u016f a pouze dv\u011b v\u00edt\u011bzn\u00e1 utk\u00e1n\u00ed odsoudila Atlantic k posledn\u00edmu m\u00edstu v tabulce a sestupu. \u00a0Ro\u010dn\u00ed \u00fa\u010dinkov\u00e1n\u00ed fotbalist\u016f z l\u00e1ze\u0148sk\u00e9ho m\u011bsta v nejvy\u0161\u0161\u00ed sout\u011b\u017ei se ch\u00fdlilo ke konci. Od t\u00e9 doby u\u017e t\u0159eba Sparta nebo Slavia do Pardubick\u00e9ho kraje nep\u0159ijely bojovat o mistrovsk\u00e9 body.<br \/>\n\u201eDo Pardubic prvn\u00ed liga pat\u0159\u00ed,\u201c pronesl mnohokr\u00e1t Martin Pulpit, tren\u00e9r sou\u010dasn\u00e9ho druholigov\u00e9ho t\u00fdmu.<\/p>\n<p align=\"left\">Druh\u00e1 liga se pak v Bohdan\u010di hr\u00e1la je\u0161t\u011b dv\u011b sezony. Slou\u010den\u00ed s pardubick\u00fdm Slovanem a p\u0159esun nov\u011b vznikl\u00e9ho klubu FK AS do Pardubic znamenaly konec.<\/p>\n<p align=\"left\">Na \u010das pot\u00e9 sice op\u011bt bohdane\u010dsk\u00fd fotbal o\u017eil. Vr\u00e1tila se \u0159ad hr\u00e1\u010d\u016f ze star\u00e9 sestavy a znovu t\u00e1hli Atlantic vzh\u016fru v krajsk\u00fdch sout\u011b\u017e\u00ed. V roce 2003 vyhr\u00e1l p\u0159ebor, ov\u0161em do divize se u\u017e nep\u0159ihl\u00e1sil a klub zanikl.<\/p>\n<p>Zdroj:<a href=\"http:\/\/sport.idnes.cz\/sportovni-stalice-na-pardubicku-zustaly-fpn-\/sporty.aspx?c=A060412_131116_sporty_ber\">http:\/\/sport.idnes.cz\/sportovni-stalice-na-pardubicku-zustaly-fpn-\/sporty.aspx?c=A060412_131116_sporty_ber<\/a><\/p>\n<p><img loading=\"lazy\" decoding=\"async\" class=\"aligncenter size-medium wp-image-407\" title=\"Minulost\" src=\"http:\/\/www.sklaznebohdanec.cz\/fotbal\/wp-content\/uploads\/2012\/06\/atlant03-300x217.jpg\" alt=\"\" width=\"300\" height=\"217\" \/><\/p>\n","protected":false},"excerpt":{"rendered":"<p>&nbsp; Pardubice nepat\u0159\u00ed mezi fotbalov\u00e9 ba\u0161ty, v nich\u017e se nejvy\u0161\u0161\u00ed sout\u011b\u017e hraje \u010di hr\u00e1la des\u00edtky sezon. Kluby SK, Dukla a VCHZ pat\u0159ily mezi prvoligov\u00e9 \u00fa\u010dastn\u00edky. Ov\u0161em v \u201ed\u00e1vn\u00e9\u201c historii. Posledn\u00ed ro\u010dn\u00edk nejvy\u0161\u0161\u00ed sout\u011b\u017ee s pardubick\u00fdm t\u00fdmem se hr\u00e1l v letech 1968\/69. Od t\u00e9 doby se liga vyh\u00fdb\u00e1 m\u011bstu obloukem. Tedy \u2026 <a class=\"continue-reading-link\" href=\"http:\/\/www.sklaznebohdanec.cz\/fotbal\/klub__trashed\/historie\/\">Pokra\u010dov\u00e1n\u00ed zde&#8230;. <span class=\"meta-nav\">&rarr; <\/span><\/a><\/p>\n","protected":false},"author":8,"featured_media":0,"parent":19,"menu_order":0,"comment_status":"closed","ping_status":"open","template":"","meta":{"_mc_calendar":[],"footnotes":""},"class_list":["post-23","page","type-page","status-publish","hentry"],"aioseo_notices":[],"_links":{"self":[{"href":"http:\/\/www.sklaznebohdanec.cz\/fotbal\/wp-json\/wp\/v2\/pages\/23","targetHints":{"allow":["GET"]}}],"collection":[{"href":"http:\/\/www.sklaznebohdanec.cz\/fotbal\/wp-json\/wp\/v2\/pages"}],"about":[{"href":"http:\/\/www.sklaznebohdanec.cz\/fotbal\/wp-json\/wp\/v2\/types\/page"}],"author":[{"embeddable":true,"href":"http:\/\/www.sklaznebohdanec.cz\/fotbal\/wp-json\/wp\/v2\/users\/8"}],"replies":[{"embeddable":true,"href":"http:\/\/www.sklaznebohdanec.cz\/fotbal\/wp-json\/wp\/v2\/comments?post=23"}],"version-history":[{"count":3,"href":"http:\/\/www.sklaznebohdanec.cz\/fotbal\/wp-json\/wp\/v2\/pages\/23\/revisions"}],"predecessor-version":[{"id":4713,"href":"http:\/\/www.sklaznebohdanec.cz\/fotbal\/wp-json\/wp\/v2\/pages\/23\/revisions\/4713"}],"up":[{"embeddable":true,"href":"http:\/\/www.sklaznebohdanec.cz\/fotbal\/wp-json\/wp\/v2\/pages\/19"}],"wp:attachment":[{"href":"http:\/\/www.sklaznebohdanec.cz\/fotbal\/wp-json\/wp\/v2\/media?parent=23"}],"curies":[{"name":"wp","href":"https:\/\/api.w.org\/{rel}","templated":true}]}}