{"id":25,"date":"2012-06-26T23:06:37","date_gmt":"2012-06-26T21:06:37","guid":{"rendered":"http:\/\/www.sklaznebohdanec.cz\/fotbal\/?page_id=25"},"modified":"2025-09-02T13:14:44","modified_gmt":"2025-09-02T11:14:44","slug":"kontakty","status":"publish","type":"page","link":"http:\/\/www.sklaznebohdanec.cz\/fotbal\/kontakty\/","title":{"rendered":"KONTAKTY"},"content":{"rendered":"<p><span style=\"text-decoration: underline;\"><strong>ADRESA:<\/strong><\/span><\/p>\n<p><strong>SK L\u00e1zn\u011b Bohdane\u010d, z.s.<\/strong><\/p>\n<p>Kosinova 282<\/p>\n<p>533 41 L\u00e1zn\u011b Bohdane\u010d<\/p>\n<p>klubov\u00fd e-mail: <a style=\"text-decoration: underline;\" href=\"mailto:sklaznebohdanec@seznam.cz\" target=\"_blank\" rel=\"noopener\">sklaznebohdanec@seznam.cz<\/a><\/p>\n<p><a href=\"https:\/\/www.facebook.com\/sklaznebohdanec\/\" target=\"_blank\" rel=\"noopener noreferrer\"><img loading=\"lazy\" decoding=\"async\" class=\"alignnone wp-image-10154\" src=\"http:\/\/www.sklaznebohdanec.cz\/fotbal\/wp-content\/uploads\/2018\/11\/1437000604121-300x300.png\" alt=\"\" width=\"40\" height=\"40\" srcset=\"http:\/\/www.sklaznebohdanec.cz\/fotbal\/wp-content\/uploads\/2018\/11\/1437000604121-300x300.png 300w, http:\/\/www.sklaznebohdanec.cz\/fotbal\/wp-content\/uploads\/2018\/11\/1437000604121-150x150.png 150w, http:\/\/www.sklaznebohdanec.cz\/fotbal\/wp-content\/uploads\/2018\/11\/1437000604121.png 686w\" sizes=\"auto, (max-width: 40px) 100vw, 40px\" \/><\/a>\u00a0<a href=\"https:\/\/twitter.com\/SKBohdanec\" target=\"_blank\" rel=\"noopener noreferrer\"><img loading=\"lazy\" decoding=\"async\" class=\"alignnone wp-image-10153\" src=\"http:\/\/www.sklaznebohdanec.cz\/fotbal\/wp-content\/uploads\/2018\/11\/Twitter_logo_blue-300x244.png\" alt=\"\" width=\"49\" height=\"40\" srcset=\"http:\/\/www.sklaznebohdanec.cz\/fotbal\/wp-content\/uploads\/2018\/11\/Twitter_logo_blue-300x244.png 300w, http:\/\/www.sklaznebohdanec.cz\/fotbal\/wp-content\/uploads\/2018\/11\/Twitter_logo_blue-150x122.png 150w, http:\/\/www.sklaznebohdanec.cz\/fotbal\/wp-content\/uploads\/2018\/11\/Twitter_logo_blue-768x624.png 768w, http:\/\/www.sklaznebohdanec.cz\/fotbal\/wp-content\/uploads\/2018\/11\/Twitter_logo_blue-1024x833.png 1024w, http:\/\/www.sklaznebohdanec.cz\/fotbal\/wp-content\/uploads\/2018\/11\/Twitter_logo_blue-185x150.png 185w, http:\/\/www.sklaznebohdanec.cz\/fotbal\/wp-content\/uploads\/2018\/11\/Twitter_logo_blue.png 1139w\" sizes=\"auto, (max-width: 49px) 100vw, 49px\" \/>\u00a0<\/a><a href=\"https:\/\/www.instagram.com\/sklaznebohdanec\/\" target=\"_blank\" rel=\"noopener noreferrer\"><img loading=\"lazy\" decoding=\"async\" class=\"alignnone wp-image-10156\" src=\"http:\/\/www.sklaznebohdanec.cz\/fotbal\/wp-content\/uploads\/2018\/11\/instagram-mod-apk.png\" alt=\"\" width=\"40\" height=\"40\" srcset=\"http:\/\/www.sklaznebohdanec.cz\/fotbal\/wp-content\/uploads\/2018\/11\/instagram-mod-apk.png 200w, http:\/\/www.sklaznebohdanec.cz\/fotbal\/wp-content\/uploads\/2018\/11\/instagram-mod-apk-150x150.png 150w\" sizes=\"auto, (max-width: 40px) 100vw, 40px\" \/><\/a>\u00a0<a href=\"https:\/\/www.youtube.com\/channel\/UCiivCzwDz1Z_C4n9mg4xLzw?view_as=subscriber\" target=\"_blank\" rel=\"noopener noreferrer\"><img loading=\"lazy\" decoding=\"async\" class=\"alignnone wp-image-10155\" src=\"http:\/\/www.sklaznebohdanec.cz\/fotbal\/wp-content\/uploads\/2018\/11\/ikona_youtube.jpg\" alt=\"\" width=\"40\" height=\"40\" srcset=\"http:\/\/www.sklaznebohdanec.cz\/fotbal\/wp-content\/uploads\/2018\/11\/ikona_youtube.jpg 178w, http:\/\/www.sklaznebohdanec.cz\/fotbal\/wp-content\/uploads\/2018\/11\/ikona_youtube-150x150.jpg 150w, http:\/\/www.sklaznebohdanec.cz\/fotbal\/wp-content\/uploads\/2018\/11\/ikona_youtube-151x150.jpg 151w\" sizes=\"auto, (max-width: 40px) 100vw, 40px\" \/><\/a><\/p>\n<p>&nbsp;<\/p>\n<p>SEKRET\u00c1\u0158 KLUBU:\u00a0<strong>Tom\u00e1\u0161 Jupa<\/strong> (+420 606 639 567, <a href=\"mailto:sklaznebohdanec2011@gmail.com\" target=\"_blank\" rel=\"noopener\">sklaznebodanec2011@gmail.com<\/a>)<\/p>\n<p>SEKRET\u00c1\u0158 DOROSTU A \u017d\u00c1K\u016e: <strong>Ale\u0161 Eisner<\/strong> (+420 602 238 962,\u00a0<a href=\"mailto:ales.eisner@upce.cz\" target=\"_blank\" rel=\"noopener noreferrer\">ales.eisner@upce.cz<\/a>)<\/p>\n<p>\u0160\u00c9FTREN\u00c9R DOROSTU A \u017d\u00c1K\u016e: <strong>Samuel Nov\u00e1k <\/strong>(+421 915 738 943, <a href=\"mailto:cipisek10@gmail.com\">cipisek10@gmail.com<\/a>)<\/p>\n<p>\u0160\u00c9FTREN\u00c9R P\u0158\u00cdPRAVEK: <strong>Jan Baldrych <\/strong>(+420 721 700 726, <a href=\"mailto:janbaldrych@seznam.cz\">janbaldrych@seznam.cz<\/a>)<\/p>\n<p>SPR\u00c1VCE STADIONU:\u00a0<strong>Roman \u010cada<\/strong> (+420 724 401 275, <a href=\"mailto:roman.cud@seznam.cz\" target=\"_blank\" rel=\"noopener noreferrer\">roman.cud@seznam.cz<\/a>)<\/p>\n<hr \/>\n<p>&nbsp;<\/p>\n<p><span style=\"text-decoration: underline;\"><strong>KATEGORIE:<\/strong><\/span><\/p>\n<p><em><span style=\"text-decoration: underline;\"><strong>MU\u017dI:<\/strong><\/span><\/em><\/p>\n<ul>\n<li>VEDOUC\u00cd MU\u017dSTVA: <strong>Eisner Ale\u0161<br \/>\n<\/strong>TREN\u00c9R: <strong><span style=\"color: #000000;\"><b>Hendrych Roman<\/b><\/span><br \/>\n<\/strong>ASISTENT TREN\u00c9RA:<strong> Vok\u00e1l David<br \/>\n<\/strong><\/li>\n<\/ul>\n<hr \/>\n<p>&nbsp;<\/p>\n<p><strong><span style=\"text-decoration: underline;\"><em>STAR\u0160\u00cd DOROST &#8211; U19:<\/em><\/span><\/strong><\/p>\n<ul>\n<li>TREN\u00c9R: <span style=\"color: #000000;\"><b>Filip Uhl\u00ed\u0159 <\/b>(+420 730 104 311)<b><br \/>\n<\/b>ASISTENT TREN\u00c9RA: <strong>Lyson\u011bk Enrique<\/strong><b><strong>\u00a0<\/strong><\/b>(+420 724 391 188)<\/span><\/li>\n<\/ul>\n<p><span style=\"color: #000000;\"><b><i><u>MLAD\u0160\u00cd DOROST &#8211; U17:<\/u><\/i><\/b><\/span><\/p>\n<ul>\n<li>TREN\u00c9R: <strong>Nov\u00e1k Samuel\u00a0<\/strong>(+421 915 738 943, <a href=\"mailto:cipisek10@gmail.com\">cipisek10@gmail.com<\/a>)<\/li>\n<li>ASISENT TREN\u00c9RA: <strong>Ale\u0161 Eisner<\/strong> (+420 602 238 962,\u00a0<a href=\"mailto:ales.eisner@upce.cz\" target=\"_blank\" rel=\"noopener noreferrer\">ales.eisner@upce.cz<\/a>)<\/li>\n<\/ul>\n<hr \/>\n<p><em><strong><span style=\"text-decoration: underline;\">STAR\u0160\u00cd \u017d\u00c1CI &#8211; U15:<\/span><\/strong><\/em><\/p>\n<ul>\n<li>TREN\u00c9R: <span style=\"color: #000000;\"><b>Maty\u00e1\u0161 Barton\u00ed\u010dek\u00a0<\/b>(+420 737 272 004)<\/span><br \/>\nASISENT TREN\u00c9RA: <strong>Ond\u0159ej Norek\u00a0<\/strong>(+420 773 621 448)<\/li>\n<\/ul>\n<p><strong><em><span style=\"text-decoration: underline;\">MLAD\u0160\u00cd \u017d\u00c1CI &#8211; U13:<\/span><\/em><\/strong><\/p>\n<ul>\n<li>TREN\u00c9R:<strong> Kova\u0159\u00edk Jan <\/strong>(+420 605 046 380)<strong><br \/>\n<\/strong><span style=\"color: #000000;\">ASISENT TREN\u00c9RA:<b> Jand\u00e1k Martin\u00a0<\/b>(+420 724 401 287)<\/span><\/li>\n<\/ul>\n<hr \/>\n<p><span style=\"text-decoration: underline;\"><em><strong>STAR\u0160\u00cd P\u0158\u00cdPRAVKA &#8211; U11:<\/strong><\/em><\/span><\/p>\n<ul>\n<li>TREN\u00c9R: <span style=\"color: #000000;\"><b>Marek Putnar\u00a0<\/b>(+420 725 954 150)<\/span><\/li>\n<li><span style=\"color: #000000;\">TREN\u00c9R: <strong><b>Ond\u0159ej Vlk <\/b><\/strong>(+420 608 284 770)<\/span><\/li>\n<li><span style=\"color: #000000;\">ASISENT TREN\u00c9RA: <strong>Sl\u00e1dek<\/strong><\/span><\/li>\n<li><span style=\"color: #000000;\">ASISENT TREN\u00c9RA: <strong>Langr<\/strong><br \/>\n<b><\/b><b><\/b><\/span><\/li>\n<\/ul>\n<p><em><span style=\"text-decoration: underline;\"><strong>MLAD\u0160\u00cd P\u0158\u00cdPRAVKA &#8211; U9:<\/strong><\/span><\/em><\/p>\n<ul>\n<li>TREN\u00c9R: <strong>Jan Baldrych <\/strong>(+420 721 700 726, <a href=\"mailto:janbaldrych@seznam.cz\">janbaldrych@seznam.cz<\/a>)<\/li>\n<li><span style=\"color: #000000;\">ASISENT TREN\u00c9RA:<b>\u00a0<\/b><\/span><strong>Lud\u011bk Bro\u017e<\/strong>\n<\/li>\n<\/ul>\n<p><em><span style=\"text-decoration: underline;\"><strong>MLAD\u0160\u00cd P\u0158\u00cdPRAVKA &#8211; U8:<\/strong><\/span><\/em><\/p>\n<ul>\n<li>TREN\u00c9R: <strong>Jan Baldrych <\/strong>(+420 721 700 726, <a href=\"mailto:janbaldrych@seznam.cz\">janbaldrych@seznam.cz<\/a>)<\/li>\n<li><span style=\"color: #000000;\">ASISENT TREN\u00c9RA: <strong>Fidra<\/strong><\/span><\/li>\n<\/ul>\n<p><em><span style=\"text-decoration: underline;\"><strong>FOTBALOV\u00c1 \u0160KOLI\u010cKA &#8211; U7 a mlad\u0161\u00ed:<\/strong><\/span><\/em><\/p>\n<ul>\n<li>TREN\u00c9R:<strong> Sam\u010denko<\/strong><\/li>\n<li><span style=\"color: #000000;\">ASISENT TREN\u00c9RA: <strong>Jakub Reich<\/strong><\/span><\/li>\n<li><span style=\"color: #000000;\">ASISENT TREN\u00c9RA:<strong> Szekereszov\u00e1<\/strong><\/span><b><\/b><\/li>\n<\/ul>\n","protected":false},"excerpt":{"rendered":"<p>ADRESA: SK L\u00e1zn\u011b Bohdane\u010d, z.s. Kosinova 282 533 41 L\u00e1zn\u011b Bohdane\u010d klubov\u00fd e-mail: sklaznebohdanec@seznam.cz \u00a0\u00a0\u00a0 &nbsp; SEKRET\u00c1\u0158 KLUBU:\u00a0Tom\u00e1\u0161 Jupa (+420 606 639 567, sklaznebodanec2011@gmail.com) SEKRET\u00c1\u0158 DOROSTU A \u017d\u00c1K\u016e: Ale\u0161 Eisner (+420 602 238 962,\u00a0ales.eisner@upce.cz) \u0160\u00c9FTREN\u00c9R DOROSTU A \u017d\u00c1K\u016e: Samuel Nov\u00e1k (+421 915 738 943, cipisek10@gmail.com) \u0160\u00c9FTREN\u00c9R P\u0158\u00cdPRAVEK: Jan Baldrych (+420 \u2026 <a class=\"continue-reading-link\" href=\"http:\/\/www.sklaznebohdanec.cz\/fotbal\/kontakty\/\">Pokra\u010dov\u00e1n\u00ed zde&#8230;. <span class=\"meta-nav\">&rarr; <\/span><\/a><\/p>\n","protected":false},"author":8,"featured_media":0,"parent":0,"menu_order":0,"comment_status":"closed","ping_status":"open","template":"","meta":{"_mc_calendar":[],"footnotes":""},"class_list":["post-25","page","type-page","status-publish","hentry"],"aioseo_notices":[],"_links":{"self":[{"href":"http:\/\/www.sklaznebohdanec.cz\/fotbal\/wp-json\/wp\/v2\/pages\/25","targetHints":{"allow":["GET"]}}],"collection":[{"href":"http:\/\/www.sklaznebohdanec.cz\/fotbal\/wp-json\/wp\/v2\/pages"}],"about":[{"href":"http:\/\/www.sklaznebohdanec.cz\/fotbal\/wp-json\/wp\/v2\/types\/page"}],"author":[{"embeddable":true,"href":"http:\/\/www.sklaznebohdanec.cz\/fotbal\/wp-json\/wp\/v2\/users\/8"}],"replies":[{"embeddable":true,"href":"http:\/\/www.sklaznebohdanec.cz\/fotbal\/wp-json\/wp\/v2\/comments?post=25"}],"version-history":[{"count":121,"href":"http:\/\/www.sklaznebohdanec.cz\/fotbal\/wp-json\/wp\/v2\/pages\/25\/revisions"}],"predecessor-version":[{"id":4284,"href":"http:\/\/www.sklaznebohdanec.cz\/fotbal\/wp-json\/wp\/v2\/pages\/25\/revisions\/4284"}],"wp:attachment":[{"href":"http:\/\/www.sklaznebohdanec.cz\/fotbal\/wp-json\/wp\/v2\/media?parent=25"}],"curies":[{"name":"wp","href":"https:\/\/api.w.org\/{rel}","templated":true}]}}