{"id":31,"date":"2012-06-26T23:07:26","date_gmt":"2012-06-26T21:07:26","guid":{"rendered":"http:\/\/www.sklaznebohdanec.cz\/fotbal\/?page_id=31"},"modified":"2017-11-30T14:40:55","modified_gmt":"2017-11-30T13:40:55","slug":"muzi","status":"publish","type":"page","link":"http:\/\/www.sklaznebohdanec.cz\/fotbal\/muzi\/","title":{"rendered":"MU\u017dI"},"content":{"rendered":"<p><a href=\"http:\/\/www.sklaznebohdanec.cz\/fotbal\/category\/muzi\/\">\u010cl\u00e1nky a sd\u011blen\u00ed<\/a><\/p>\n<p><a href=\"http:\/\/www.sklaznebohdanec.cz\/fotbal\/rozlosovani-a-vysledky-2\/\">Rozpis z\u00e1pas\u016f, v\u00fdsledky<\/a><\/p>\n<p><a href=\"http:\/\/www.sklaznebohdanec.cz\/fotbal\/treninky\/\">Tr\u00e9ninky<\/a><\/p>\n<p><a href=\"http:\/\/www.sklaznebohdanec.cz\/fotbal\/muzi\/soupiska\/\" target=\"_blank\" rel=\"noopener\">Soupiska<\/a><\/p>\n<p><a href=\"http:\/\/www.sklaznebohdanec.cz\/fotbal\/pripravky\/u-12\/statistika\/\">Archiv v\u00fdsledk\u016f<\/a><\/p>\n","protected":false},"excerpt":{"rendered":"<p>\u010cl\u00e1nky a sd\u011blen\u00ed Rozpis z\u00e1pas\u016f, v\u00fdsledky Tr\u00e9ninky Soupiska Archiv v\u00fdsledk\u016f<\/p>\n","protected":false},"author":8,"featured_media":0,"parent":0,"menu_order":0,"comment_status":"closed","ping_status":"open","template":"","meta":{"_mc_calendar":[],"footnotes":""},"class_list":["post-31","page","type-page","status-publish","hentry"],"aioseo_notices":[],"_links":{"self":[{"href":"http:\/\/www.sklaznebohdanec.cz\/fotbal\/wp-json\/wp\/v2\/pages\/31","targetHints":{"allow":["GET"]}}],"collection":[{"href":"http:\/\/www.sklaznebohdanec.cz\/fotbal\/wp-json\/wp\/v2\/pages"}],"about":[{"href":"http:\/\/www.sklaznebohdanec.cz\/fotbal\/wp-json\/wp\/v2\/types\/page"}],"author":[{"embeddable":true,"href":"http:\/\/www.sklaznebohdanec.cz\/fotbal\/wp-json\/wp\/v2\/users\/8"}],"replies":[{"embeddable":true,"href":"http:\/\/www.sklaznebohdanec.cz\/fotbal\/wp-json\/wp\/v2\/comments?post=31"}],"version-history":[{"count":7,"href":"http:\/\/www.sklaznebohdanec.cz\/fotbal\/wp-json\/wp\/v2\/pages\/31\/revisions"}],"predecessor-version":[{"id":8789,"href":"http:\/\/www.sklaznebohdanec.cz\/fotbal\/wp-json\/wp\/v2\/pages\/31\/revisions\/8789"}],"wp:attachment":[{"href":"http:\/\/www.sklaznebohdanec.cz\/fotbal\/wp-json\/wp\/v2\/media?parent=31"}],"curies":[{"name":"wp","href":"https:\/\/api.w.org\/{rel}","templated":true}]}}