{"id":35,"date":"2012-06-26T23:08:08","date_gmt":"2012-06-26T21:08:08","guid":{"rendered":"http:\/\/www.sklaznebohdanec.cz\/fotbal\/?page_id=35"},"modified":"2018-01-11T10:04:04","modified_gmt":"2018-01-11T09:04:04","slug":"rozlosovani-a-vysledky-2","status":"publish","type":"page","link":"http:\/\/www.sklaznebohdanec.cz\/fotbal\/rozlosovani-a-vysledky-2\/","title":{"rendered":"Rozlosov\u00e1n\u00ed a v\u00fdsledky"},"content":{"rendered":"","protected":false},"excerpt":{"rendered":"","protected":false},"author":8,"featured_media":0,"parent":0,"menu_order":0,"comment_status":"closed","ping_status":"closed","template":"","meta":{"_mc_calendar":[],"footnotes":""},"class_list":["post-35","page","type-page","status-publish","hentry"],"aioseo_notices":[],"_links":{"self":[{"href":"http:\/\/www.sklaznebohdanec.cz\/fotbal\/wp-json\/wp\/v2\/pages\/35","targetHints":{"allow":["GET"]}}],"collection":[{"href":"http:\/\/www.sklaznebohdanec.cz\/fotbal\/wp-json\/wp\/v2\/pages"}],"about":[{"href":"http:\/\/www.sklaznebohdanec.cz\/fotbal\/wp-json\/wp\/v2\/types\/page"}],"author":[{"embeddable":true,"href":"http:\/\/www.sklaznebohdanec.cz\/fotbal\/wp-json\/wp\/v2\/users\/8"}],"replies":[{"embeddable":true,"href":"http:\/\/www.sklaznebohdanec.cz\/fotbal\/wp-json\/wp\/v2\/comments?post=35"}],"version-history":[{"count":172,"href":"http:\/\/www.sklaznebohdanec.cz\/fotbal\/wp-json\/wp\/v2\/pages\/35\/revisions"}],"predecessor-version":[{"id":8855,"href":"http:\/\/www.sklaznebohdanec.cz\/fotbal\/wp-json\/wp\/v2\/pages\/35\/revisions\/8855"}],"wp:attachment":[{"href":"http:\/\/www.sklaznebohdanec.cz\/fotbal\/wp-json\/wp\/v2\/media?parent=35"}],"curies":[{"name":"wp","href":"https:\/\/api.w.org\/{rel}","templated":true}]}}