{"id":41,"date":"2012-06-26T23:08:36","date_gmt":"2012-06-26T21:08:36","guid":{"rendered":"http:\/\/www.sklaznebohdanec.cz\/fotbal\/?page_id=41"},"modified":"2024-07-24T15:36:10","modified_gmt":"2024-07-24T13:36:10","slug":"dorost","status":"publish","type":"page","link":"http:\/\/www.sklaznebohdanec.cz\/fotbal\/dorost\/","title":{"rendered":"DOROST\/ U19"},"content":{"rendered":"<p><a href=\"http:\/\/www.sklaznebohdanec.cz\/fotbal\/category\/clanky-a-sdeleni-dorost\/\">\u010cl\u00e1nky a sd\u011blen\u00ed &#8211; dorost<\/a><\/p>\n<p><a href=\"http:\/\/www.sklaznebohdanec.cz\/fotbal\/rozpis-zapasu-vysledky\/\">Rozpis z\u00e1pas\u016f &#8211; v\u00fdsledky<\/a><\/p>\n<p><a href=\"http:\/\/www.sklaznebohdanec.cz\/fotbal\/tabulka-3\/\">Tabulka<\/a><\/p>\n<p><a href=\"http:\/\/www.sklaznebohdanec.cz\/fotbal\/treninky-2\/\">Tr\u00e9ninky<\/a><\/p>\n<p><a href=\"http:\/\/www.sklaznebohdanec.cz\/fotbal\/soupiska-3\/\">Soupiska<\/a><\/p>\n","protected":false},"excerpt":{"rendered":"<p>\u010cl\u00e1nky a sd\u011blen\u00ed &#8211; dorost Rozpis z\u00e1pas\u016f &#8211; v\u00fdsledky Tabulka Tr\u00e9ninky Soupiska<\/p>\n","protected":false},"author":8,"featured_media":0,"parent":0,"menu_order":0,"comment_status":"closed","ping_status":"closed","template":"","meta":{"_mc_calendar":[],"footnotes":""},"class_list":["post-41","page","type-page","status-publish","hentry"],"aioseo_notices":[],"_links":{"self":[{"href":"http:\/\/www.sklaznebohdanec.cz\/fotbal\/wp-json\/wp\/v2\/pages\/41","targetHints":{"allow":["GET"]}}],"collection":[{"href":"http:\/\/www.sklaznebohdanec.cz\/fotbal\/wp-json\/wp\/v2\/pages"}],"about":[{"href":"http:\/\/www.sklaznebohdanec.cz\/fotbal\/wp-json\/wp\/v2\/types\/page"}],"author":[{"embeddable":true,"href":"http:\/\/www.sklaznebohdanec.cz\/fotbal\/wp-json\/wp\/v2\/users\/8"}],"replies":[{"embeddable":true,"href":"http:\/\/www.sklaznebohdanec.cz\/fotbal\/wp-json\/wp\/v2\/comments?post=41"}],"version-history":[{"count":5,"href":"http:\/\/www.sklaznebohdanec.cz\/fotbal\/wp-json\/wp\/v2\/pages\/41\/revisions"}],"predecessor-version":[{"id":14189,"href":"http:\/\/www.sklaznebohdanec.cz\/fotbal\/wp-json\/wp\/v2\/pages\/41\/revisions\/14189"}],"wp:attachment":[{"href":"http:\/\/www.sklaznebohdanec.cz\/fotbal\/wp-json\/wp\/v2\/media?parent=41"}],"curies":[{"name":"wp","href":"https:\/\/api.w.org\/{rel}","templated":true}]}}