{"id":55,"date":"2012-06-26T23:10:00","date_gmt":"2012-06-26T21:10:00","guid":{"rendered":"http:\/\/www.sklaznebohdanec.cz\/fotbal\/?page_id=55"},"modified":"2018-10-15T13:02:17","modified_gmt":"2018-10-15T11:02:17","slug":"u-10","status":"publish","type":"page","link":"http:\/\/www.sklaznebohdanec.cz\/fotbal\/u-10\/","title":{"rendered":"Star\u0161\u00ed p\u0159\u00edpravka"},"content":{"rendered":"<p><a href=\"http:\/\/www.sklaznebohdanec.cz\/fotbal\/category\/clanky-a-sdeleni-st-pripravka\/\">\u010cl\u00e1nky a sd\u011blen\u00ed<\/a><\/p>\n<p><a href=\"http:\/\/www.sklaznebohdanec.cz\/fotbal\/spolecny-trenink-pripravek\/\">Spole\u010dn\u00fd tr\u00e9nink p\u0159\u00edpravek<\/a><\/p>\n<p><a href=\"http:\/\/www.sklaznebohdanec.cz\/fotbal\/pripravky\/u-10\/soupiska\/\">Soupiska<\/a><\/p>\n<p><a href=\"http:\/\/www.sklaznebohdanec.cz\/fotbal\/u-8\/statistiky\/\">Los krajsk\u00e9 sout\u011b\u017ee<\/a><\/p>\n<p><a title=\"heslo na vy\u017e\u00e1d\u00e1n\u00ed u tren\u00e9r\u016f\" href=\"https:\/\/www.zonerama.com\/SKLBU11\/631265\">Fotogalerie<\/a><\/p>\n","protected":false},"excerpt":{"rendered":"<p>\u010cl\u00e1nky a sd\u011blen\u00ed Spole\u010dn\u00fd tr\u00e9nink p\u0159\u00edpravek Soupiska Los krajsk\u00e9 sout\u011b\u017ee Fotogalerie<\/p>\n","protected":false},"author":8,"featured_media":0,"parent":0,"menu_order":0,"comment_status":"closed","ping_status":"open","template":"","meta":{"_mc_calendar":[],"footnotes":""},"class_list":["post-55","page","type-page","status-publish","hentry"],"aioseo_notices":[],"_links":{"self":[{"href":"http:\/\/www.sklaznebohdanec.cz\/fotbal\/wp-json\/wp\/v2\/pages\/55","targetHints":{"allow":["GET"]}}],"collection":[{"href":"http:\/\/www.sklaznebohdanec.cz\/fotbal\/wp-json\/wp\/v2\/pages"}],"about":[{"href":"http:\/\/www.sklaznebohdanec.cz\/fotbal\/wp-json\/wp\/v2\/types\/page"}],"author":[{"embeddable":true,"href":"http:\/\/www.sklaznebohdanec.cz\/fotbal\/wp-json\/wp\/v2\/users\/8"}],"replies":[{"embeddable":true,"href":"http:\/\/www.sklaznebohdanec.cz\/fotbal\/wp-json\/wp\/v2\/comments?post=55"}],"version-history":[{"count":3,"href":"http:\/\/www.sklaznebohdanec.cz\/fotbal\/wp-json\/wp\/v2\/pages\/55\/revisions"}],"predecessor-version":[{"id":8407,"href":"http:\/\/www.sklaznebohdanec.cz\/fotbal\/wp-json\/wp\/v2\/pages\/55\/revisions\/8407"}],"wp:attachment":[{"href":"http:\/\/www.sklaznebohdanec.cz\/fotbal\/wp-json\/wp\/v2\/media?parent=55"}],"curies":[{"name":"wp","href":"https:\/\/api.w.org\/{rel}","templated":true}]}}