{"id":57,"date":"2012-06-26T23:10:10","date_gmt":"2012-06-26T21:10:10","guid":{"rendered":"http:\/\/www.sklaznebohdanec.cz\/fotbal\/?page_id=57"},"modified":"2018-09-17T08:05:16","modified_gmt":"2018-09-17T06:05:16","slug":"u-8","status":"publish","type":"page","link":"http:\/\/www.sklaznebohdanec.cz\/fotbal\/u-8\/","title":{"rendered":"Mlad\u0161\u00ed p\u0159\u00edpravka"},"content":{"rendered":"<p><a href=\"http:\/\/www.sklaznebohdanec.cz\/fotbal\/category\/clanky-a-sdeleni-ml-pripravka\/\">\u010cl\u00e1nky a sd\u011blen\u00ed &#8211; mlad\u0161\u00ed p\u0159\u00edpravka<\/a><\/p>\n<p><a href=\"http:\/\/www.sklaznebohdanec.cz\/fotbal\/spolecny-trenink-pripravek\/\">Spole\u010dn\u00fd tr\u00e9nink p\u0159\u00edpravek<\/a><\/p>\n<p><a href=\"http:\/\/www.sklaznebohdanec.cz\/fotbal\/soupiska\/\">Soupiska U9<\/a><\/p>\n<p><a href=\"http:\/\/www.sklaznebohdanec.cz\/fotbal\/u-8\/statistiky\/\">Los krajsk\u00e9 sout\u011b\u017ee<\/a><\/p>\n<p>&nbsp;<\/p>\n<p>&nbsp;<\/p>\n","protected":false},"excerpt":{"rendered":"<p>\u010cl\u00e1nky a sd\u011blen\u00ed &#8211; mlad\u0161\u00ed p\u0159\u00edpravka Spole\u010dn\u00fd tr\u00e9nink p\u0159\u00edpravek Soupiska U9 Los krajsk\u00e9 sout\u011b\u017ee &nbsp; &nbsp;<\/p>\n","protected":false},"author":8,"featured_media":0,"parent":0,"menu_order":0,"comment_status":"closed","ping_status":"open","template":"","meta":{"_mc_calendar":[],"footnotes":""},"class_list":["post-57","page","type-page","status-publish","hentry"],"aioseo_notices":[],"_links":{"self":[{"href":"http:\/\/www.sklaznebohdanec.cz\/fotbal\/wp-json\/wp\/v2\/pages\/57","targetHints":{"allow":["GET"]}}],"collection":[{"href":"http:\/\/www.sklaznebohdanec.cz\/fotbal\/wp-json\/wp\/v2\/pages"}],"about":[{"href":"http:\/\/www.sklaznebohdanec.cz\/fotbal\/wp-json\/wp\/v2\/types\/page"}],"author":[{"embeddable":true,"href":"http:\/\/www.sklaznebohdanec.cz\/fotbal\/wp-json\/wp\/v2\/users\/8"}],"replies":[{"embeddable":true,"href":"http:\/\/www.sklaznebohdanec.cz\/fotbal\/wp-json\/wp\/v2\/comments?post=57"}],"version-history":[{"count":5,"href":"http:\/\/www.sklaznebohdanec.cz\/fotbal\/wp-json\/wp\/v2\/pages\/57\/revisions"}],"predecessor-version":[{"id":9574,"href":"http:\/\/www.sklaznebohdanec.cz\/fotbal\/wp-json\/wp\/v2\/pages\/57\/revisions\/9574"}],"wp:attachment":[{"href":"http:\/\/www.sklaznebohdanec.cz\/fotbal\/wp-json\/wp\/v2\/media?parent=57"}],"curies":[{"name":"wp","href":"https:\/\/api.w.org\/{rel}","templated":true}]}}