{"id":61,"date":"2012-06-26T23:10:28","date_gmt":"2012-06-26T21:10:28","guid":{"rendered":"http:\/\/www.sklaznebohdanec.cz\/fotbal\/?page_id=61"},"modified":"2019-06-03T12:03:16","modified_gmt":"2019-06-03T10:03:16","slug":"fotogalerie","status":"publish","type":"page","link":"http:\/\/www.sklaznebohdanec.cz\/fotbal\/fotogalerie\/","title":{"rendered":"FOTOGALERIE"},"content":{"rendered":"<p><a href=\"http:\/\/sklaznebohdanec.rajce.idnes.cz\/\" target=\"_blank\" rel=\"noopener noreferrer\">Sklaznebohdanec &#8211; raj\u010de<\/a><\/p>\n<p><a href=\"http:\/\/bucker.rajce.idnes.cz\/\" target=\"_blank\" rel=\"noopener noreferrer\">Bucker &#8211; raj\u010de<\/a><\/p>\n<p><a href=\"http:\/\/corstvy.rajce.idnes.cz\/\" target=\"_blank\" rel=\"noopener noreferrer\">Corstvy &#8211; raj\u010de<\/a><\/p>\n<p><a title=\"Heslo na vy\u017e\u00e1d\u00e1n\u00ed u tren\u00e9r\u016f U11\" href=\"https:\/\/www.zonerama.com\/Link\/Account\/210756\">U11 &#8211; Zonerama<\/a><\/p>\n","protected":false},"excerpt":{"rendered":"<p>Sklaznebohdanec &#8211; raj\u010de Bucker &#8211; raj\u010de Corstvy &#8211; raj\u010de U11 &#8211; Zonerama<\/p>\n","protected":false},"author":8,"featured_media":0,"parent":0,"menu_order":0,"comment_status":"closed","ping_status":"open","template":"","meta":{"_mc_calendar":[],"footnotes":""},"class_list":["post-61","page","type-page","status-publish","hentry"],"aioseo_notices":[],"_links":{"self":[{"href":"http:\/\/www.sklaznebohdanec.cz\/fotbal\/wp-json\/wp\/v2\/pages\/61","targetHints":{"allow":["GET"]}}],"collection":[{"href":"http:\/\/www.sklaznebohdanec.cz\/fotbal\/wp-json\/wp\/v2\/pages"}],"about":[{"href":"http:\/\/www.sklaznebohdanec.cz\/fotbal\/wp-json\/wp\/v2\/types\/page"}],"author":[{"embeddable":true,"href":"http:\/\/www.sklaznebohdanec.cz\/fotbal\/wp-json\/wp\/v2\/users\/8"}],"replies":[{"embeddable":true,"href":"http:\/\/www.sklaznebohdanec.cz\/fotbal\/wp-json\/wp\/v2\/comments?post=61"}],"version-history":[{"count":6,"href":"http:\/\/www.sklaznebohdanec.cz\/fotbal\/wp-json\/wp\/v2\/pages\/61\/revisions"}],"predecessor-version":[{"id":11345,"href":"http:\/\/www.sklaznebohdanec.cz\/fotbal\/wp-json\/wp\/v2\/pages\/61\/revisions\/11345"}],"wp:attachment":[{"href":"http:\/\/www.sklaznebohdanec.cz\/fotbal\/wp-json\/wp\/v2\/media?parent=61"}],"curies":[{"name":"wp","href":"https:\/\/api.w.org\/{rel}","templated":true}]}}