{"id":9334,"date":"2018-07-10T14:35:11","date_gmt":"2018-07-10T12:35:11","guid":{"rendered":"http:\/\/www.sklaznebohdanec.cz\/fotbal\/?page_id=9334"},"modified":"2020-12-08T17:21:55","modified_gmt":"2020-12-08T16:21:55","slug":"clanky-a-sdeleni-muzi-b__trashed","status":"publish","type":"page","link":"http:\/\/www.sklaznebohdanec.cz\/fotbal\/clanky-a-sdeleni-muzi-b__trashed\/","title":{"rendered":"\u010cl\u00e1nky a sd\u011blen\u00ed &#8211; Mu\u017ei B"},"content":{"rendered":"","protected":false},"excerpt":{"rendered":"","protected":false},"author":13,"featured_media":0,"parent":0,"menu_order":0,"comment_status":"closed","ping_status":"closed","template":"","meta":{"_mc_calendar":[],"footnotes":""},"class_list":["post-9334","page","type-page","status-publish","hentry"],"aioseo_notices":[],"_links":{"self":[{"href":"http:\/\/www.sklaznebohdanec.cz\/fotbal\/wp-json\/wp\/v2\/pages\/9334","targetHints":{"allow":["GET"]}}],"collection":[{"href":"http:\/\/www.sklaznebohdanec.cz\/fotbal\/wp-json\/wp\/v2\/pages"}],"about":[{"href":"http:\/\/www.sklaznebohdanec.cz\/fotbal\/wp-json\/wp\/v2\/types\/page"}],"author":[{"embeddable":true,"href":"http:\/\/www.sklaznebohdanec.cz\/fotbal\/wp-json\/wp\/v2\/users\/13"}],"replies":[{"embeddable":true,"href":"http:\/\/www.sklaznebohdanec.cz\/fotbal\/wp-json\/wp\/v2\/comments?post=9334"}],"version-history":[{"count":4,"href":"http:\/\/www.sklaznebohdanec.cz\/fotbal\/wp-json\/wp\/v2\/pages\/9334\/revisions"}],"predecessor-version":[{"id":13007,"href":"http:\/\/www.sklaznebohdanec.cz\/fotbal\/wp-json\/wp\/v2\/pages\/9334\/revisions\/13007"}],"wp:attachment":[{"href":"http:\/\/www.sklaznebohdanec.cz\/fotbal\/wp-json\/wp\/v2\/media?parent=9334"}],"curies":[{"name":"wp","href":"https:\/\/api.w.org\/{rel}","templated":true}]}}