{"id":9938,"date":"2018-10-18T15:58:02","date_gmt":"2018-10-18T13:58:02","guid":{"rendered":"http:\/\/www.sklaznebohdanec.cz\/fotbal\/?page_id=9938"},"modified":"2019-06-28T16:01:16","modified_gmt":"2019-06-28T14:01:16","slug":"los-krajske-souteze-pripravek","status":"publish","type":"page","link":"http:\/\/www.sklaznebohdanec.cz\/fotbal\/los-krajske-souteze-pripravek\/","title":{"rendered":"Los krajsk\u00e9 sout\u011b\u017ee p\u0159\u00edpravek"},"content":{"rendered":"","protected":false},"excerpt":{"rendered":"","protected":false},"author":13,"featured_media":0,"parent":0,"menu_order":0,"comment_status":"closed","ping_status":"closed","template":"","meta":{"_mc_calendar":[],"footnotes":""},"class_list":["post-9938","page","type-page","status-publish","hentry"],"aioseo_notices":[],"_links":{"self":[{"href":"http:\/\/www.sklaznebohdanec.cz\/fotbal\/wp-json\/wp\/v2\/pages\/9938","targetHints":{"allow":["GET"]}}],"collection":[{"href":"http:\/\/www.sklaznebohdanec.cz\/fotbal\/wp-json\/wp\/v2\/pages"}],"about":[{"href":"http:\/\/www.sklaznebohdanec.cz\/fotbal\/wp-json\/wp\/v2\/types\/page"}],"author":[{"embeddable":true,"href":"http:\/\/www.sklaznebohdanec.cz\/fotbal\/wp-json\/wp\/v2\/users\/13"}],"replies":[{"embeddable":true,"href":"http:\/\/www.sklaznebohdanec.cz\/fotbal\/wp-json\/wp\/v2\/comments?post=9938"}],"version-history":[{"count":6,"href":"http:\/\/www.sklaznebohdanec.cz\/fotbal\/wp-json\/wp\/v2\/pages\/9938\/revisions"}],"predecessor-version":[{"id":11521,"href":"http:\/\/www.sklaznebohdanec.cz\/fotbal\/wp-json\/wp\/v2\/pages\/9938\/revisions\/11521"}],"wp:attachment":[{"href":"http:\/\/www.sklaznebohdanec.cz\/fotbal\/wp-json\/wp\/v2\/media?parent=9938"}],"curies":[{"name":"wp","href":"https:\/\/api.w.org\/{rel}","templated":true}]}}