{"id":10276,"date":"2018-12-04T13:30:10","date_gmt":"2018-12-04T12:30:10","guid":{"rendered":"http:\/\/www.sklaznebohdanec.cz\/fotbal\/?page_id=10276"},"modified":"2022-03-15T15:27:41","modified_gmt":"2022-03-15T14:27:41","slug":"rozpis-treninku-muzi__trashed","status":"publish","type":"page","link":"https:\/\/www.sklaznebohdanec.cz\/fotbal\/rozpis-treninku-muzi__trashed\/","title":{"rendered":"Rozpis tr\u00e9nink\u016f &#8211; mu\u017ei"},"content":{"rendered":"<p>Od 1.3.2022<\/p>\n<p>pond\u011bl\u00ed, st\u0159eda, p\u00e1tek &#8211; 18,00 hod. Na Ba\u0161t\u011b<\/p>\n<p>&nbsp;<\/p>\n","protected":false},"excerpt":{"rendered":"<p>Od 1.3.2022 pond\u011bl\u00ed, st\u0159eda, p\u00e1tek &#8211; 18,00 hod. Na Ba\u0161t\u011b &nbsp;<\/p>\n","protected":false},"author":13,"featured_media":0,"parent":0,"menu_order":0,"comment_status":"closed","ping_status":"closed","template":"","meta":{"_mc_calendar":[],"footnotes":""},"class_list":["post-10276","page","type-page","status-publish","hentry"],"aioseo_notices":[],"_links":{"self":[{"href":"https:\/\/www.sklaznebohdanec.cz\/fotbal\/wp-json\/wp\/v2\/pages\/10276","targetHints":{"allow":["GET"]}}],"collection":[{"href":"https:\/\/www.sklaznebohdanec.cz\/fotbal\/wp-json\/wp\/v2\/pages"}],"about":[{"href":"https:\/\/www.sklaznebohdanec.cz\/fotbal\/wp-json\/wp\/v2\/types\/page"}],"author":[{"embeddable":true,"href":"https:\/\/www.sklaznebohdanec.cz\/fotbal\/wp-json\/wp\/v2\/users\/13"}],"replies":[{"embeddable":true,"href":"https:\/\/www.sklaznebohdanec.cz\/fotbal\/wp-json\/wp\/v2\/comments?post=10276"}],"version-history":[{"count":15,"href":"https:\/\/www.sklaznebohdanec.cz\/fotbal\/wp-json\/wp\/v2\/pages\/10276\/revisions"}],"predecessor-version":[{"id":13364,"href":"https:\/\/www.sklaznebohdanec.cz\/fotbal\/wp-json\/wp\/v2\/pages\/10276\/revisions\/13364"}],"wp:attachment":[{"href":"https:\/\/www.sklaznebohdanec.cz\/fotbal\/wp-json\/wp\/v2\/media?parent=10276"}],"curies":[{"name":"wp","href":"https:\/\/api.w.org\/{rel}","templated":true}]}}