{"id":10325,"date":"2018-12-15T14:10:55","date_gmt":"2018-12-15T13:10:55","guid":{"rendered":"http:\/\/www.sklaznebohdanec.cz\/fotbal\/?page_id=10325"},"modified":"2019-01-07T13:18:37","modified_gmt":"2019-01-07T12:18:37","slug":"zimni-priprava-u11","status":"publish","type":"page","link":"https:\/\/www.sklaznebohdanec.cz\/fotbal\/zimni-priprava-u11\/","title":{"rendered":"Zimn\u00ed p\u0159\u00edprava U11"},"content":{"rendered":"<table style=\"width: 511px; height: 483px;\">\n<tbody>\n<tr style=\"height: 10px;\">\n<td style=\"width: 110.199px; height: 10px;\"><span style=\"background-color: #99cc00;\">7. 1. 2019<\/span><\/td>\n<td style=\"width: 101.108px; height: 10px;\"><span style=\"background-color: #99cc00;\">18:00-19:30<\/span><\/td>\n<td style=\"width: 153.835px; height: 10px;\"><span style=\"background-color: #99cc00;\">S\u0160 Rybitv\u00ed<\/span><\/td>\n<\/tr>\n<tr style=\"height: 27px;\">\n<td style=\"width: 110.199px; height: 27px;\"><span style=\"background-color: #00ffff;\">10. 1. 2019<\/span><\/td>\n<td style=\"width: 101.108px; height: 27px;\"><span style=\"background-color: #00ffff;\">18:00-19:00<\/span><\/td>\n<td style=\"width: 153.835px; height: 27px;\"><span style=\"background-color: #00ffff;\">Sokolovna L. B.<\/span><\/td>\n<\/tr>\n<tr style=\"height: 24px;\">\n<td style=\"width: 110.199px; height: 24px;\"><span style=\"background-color: #99cc00;\">14. 1. 2019<\/span><\/td>\n<td style=\"width: 101.108px; height: 24px;\"><span style=\"background-color: #99cc00;\">18:00-19:30<\/span><\/td>\n<td style=\"width: 153.835px; height: 24px;\"><span style=\"background-color: #99cc00;\">S\u0160 Rybitv\u00ed<\/span><\/td>\n<\/tr>\n<tr style=\"height: 26px;\">\n<td style=\"width: 110.199px; height: 26px;\">16. 1. 2019<\/td>\n<td style=\"width: 101.108px; height: 26px;\">16:00-17:00<\/td>\n<td style=\"width: 153.835px; height: 26px;\">Z\u0160 Rybitv\u00ed<\/td>\n<\/tr>\n<tr style=\"height: 24px;\">\n<td style=\"width: 110.199px; height: 24px;\"><span style=\"background-color: #99cc00;\">21. 1. 2019<\/span><\/td>\n<td style=\"width: 101.108px; height: 24px;\"><span style=\"background-color: #99cc00;\">18:00-19:30<\/span><\/td>\n<td style=\"width: 153.835px; height: 24px;\"><span style=\"background-color: #99cc00;\">S\u0160 Rybitv\u00ed<\/span><\/td>\n<\/tr>\n<tr style=\"height: 30px;\">\n<td style=\"width: 110.199px; height: 30px;\"><span style=\"background-color: #00ffff;\">24. 1. 2019<\/span><\/td>\n<td style=\"width: 101.108px; height: 30px;\"><span style=\"background-color: #00ffff;\">18:00-19:00<\/span><\/td>\n<td style=\"width: 153.835px; height: 30px;\"><span style=\"background-color: #00ffff;\">Sokolovna L. B.<\/span><\/td>\n<\/tr>\n<tr style=\"height: 23px;\">\n<td style=\"width: 110.199px; height: 23px;\"><span style=\"background-color: #99cc00;\">28. 1. 2019<\/span><\/td>\n<td style=\"width: 101.108px; height: 23px;\"><span style=\"background-color: #99cc00;\">18:00-19:30<\/span><\/td>\n<td style=\"width: 153.835px; height: 23px;\"><span style=\"background-color: #99cc00;\">S\u0160 Rybitv\u00ed<\/span><\/td>\n<\/tr>\n<tr style=\"height: 22px;\">\n<td style=\"width: 110.199px; height: 22px;\">30. 1. 2019<\/td>\n<td style=\"width: 101.108px; height: 22px;\">16:00-17:00<\/td>\n<td style=\"width: 153.835px; height: 22px;\">Z\u0160 Rybitv\u00ed<\/td>\n<\/tr>\n<tr style=\"height: 24px;\">\n<td style=\"width: 110.199px; height: 24px;\"><span style=\"background-color: #99cc00;\">11. 2. 2019<\/span><\/td>\n<td style=\"width: 101.108px; height: 24px;\"><span style=\"background-color: #99cc00;\">18:00-19:30<\/span><\/td>\n<td style=\"width: 153.835px; height: 24px;\"><span style=\"background-color: #99cc00;\">S\u0160 Rybitv\u00ed<\/span><\/td>\n<\/tr>\n<tr style=\"height: 25px;\">\n<td style=\"width: 110.199px; height: 25px;\"><span style=\"background-color: #00ffff;\">14. 2. 2019<\/span><\/td>\n<td style=\"width: 101.108px; height: 25px;\"><span style=\"background-color: #00ffff;\">18:00-19:00<\/span><\/td>\n<td style=\"width: 153.835px; height: 25px;\"><span style=\"background-color: #00ffff;\">Sokolovna L. B.<\/span><\/td>\n<\/tr>\n<tr style=\"height: 24px;\">\n<td style=\"width: 110.199px; height: 24px;\"><span style=\"background-color: #99cc00;\">18. 2. 2019<\/span><\/td>\n<td style=\"width: 101.108px; height: 24px;\"><span style=\"background-color: #99cc00;\">18:00-19:30<\/span><\/td>\n<td style=\"width: 153.835px; height: 24px;\"><span style=\"background-color: #99cc00;\">S\u0160 Rybitv\u00ed<\/span><\/td>\n<\/tr>\n<tr style=\"height: 23px;\">\n<td style=\"width: 110.199px; height: 23px;\"><span style=\"background-color: #99cc00;\">25. 2. 2019<\/span><\/td>\n<td style=\"width: 101.108px; height: 23px;\"><span style=\"background-color: #99cc00;\">18:00-19:30<\/span><\/td>\n<td style=\"width: 153.835px; height: 23px;\"><span style=\"background-color: #99cc00;\">S\u0160 Rybitv\u00ed<\/span><\/td>\n<\/tr>\n<tr style=\"height: 21px;\">\n<td style=\"width: 110.199px; height: 21px;\">27. 2. 2019<\/td>\n<td style=\"width: 101.108px; height: 21px;\">16:00-17:00<\/td>\n<td style=\"width: 153.835px; height: 21px;\">Z\u0160 Rybitv\u00ed<\/td>\n<\/tr>\n<tr style=\"height: 15px;\">\n<td style=\"width: 110.199px; height: 15px;\"><span style=\"background-color: #99cc00;\">4. 3. 2019<\/span><\/td>\n<td style=\"width: 101.108px; height: 15px;\"><span style=\"background-color: #99cc00;\">18:00-19:30<\/span><\/td>\n<td style=\"width: 153.835px; height: 15px;\"><span style=\"background-color: #99cc00;\">S\u0160 Rybitv\u00ed<\/span><\/td>\n<\/tr>\n<tr style=\"height: 22px;\">\n<td style=\"width: 110.199px; height: 22px;\"><span style=\"background-color: #00ffff;\">7. 3. 2019<\/span><\/td>\n<td style=\"width: 101.108px; height: 22px;\"><span style=\"background-color: #00ffff;\">18:00-19:00<\/span><\/td>\n<td style=\"width: 153.835px; height: 22px;\"><span style=\"background-color: #00ffff;\">Sokolovna L. B.<\/span><\/td>\n<\/tr>\n<tr style=\"height: 29px;\">\n<td style=\"width: 110.199px; height: 29px;\"><span style=\"background-color: #99cc00;\">11. 3. 2019<\/span><\/td>\n<td style=\"width: 101.108px; height: 29px;\"><span style=\"background-color: #99cc00;\">18:00-19:30<\/span><\/td>\n<td style=\"width: 153.835px; height: 29px;\"><span style=\"background-color: #99cc00;\">S\u0160 Rybitv\u00ed<\/span><\/td>\n<\/tr>\n<tr style=\"height: 23px;\">\n<td style=\"width: 110.199px; height: 23px;\">13. 3. 2019<\/td>\n<td style=\"width: 101.108px; height: 23px;\">16:00-17:00<\/td>\n<td style=\"width: 153.835px; height: 23px;\">Z\u0160 Rybitv\u00ed<\/td>\n<\/tr>\n<tr style=\"height: 24px;\">\n<td style=\"width: 110.199px; height: 24px;\"><span style=\"background-color: #99cc00;\">18. 3. 2019<\/span><\/td>\n<td style=\"width: 101.108px; height: 24px;\"><span style=\"background-color: #99cc00;\">18:00-19:30<\/span><\/td>\n<td style=\"width: 153.835px; height: 24px;\"><span style=\"background-color: #99cc00;\">S\u0160 Rybitv\u00ed<\/span><\/td>\n<\/tr>\n<tr style=\"height: 20px;\">\n<td style=\"width: 110.199px; height: 20px;\"><span style=\"background-color: #00ffff;\">21. 3. 2019<\/span><\/td>\n<td style=\"width: 101.108px; height: 20px;\"><span style=\"background-color: #00ffff;\">18:00-19:00<\/span><\/td>\n<td style=\"width: 153.835px; height: 20px;\"><span style=\"background-color: #00ffff;\">Sokolovna L. B.<\/span><\/td>\n<\/tr>\n<tr style=\"height: 19px;\">\n<td style=\"width: 110.199px; height: 19px;\"><span style=\"background-color: #99cc00;\">25. 3. 2019<\/span><\/td>\n<td style=\"width: 101.108px; height: 19px;\"><span style=\"background-color: #99cc00;\">18:00-19:30<\/span><\/td>\n<td style=\"width: 153.835px; height: 19px;\"><span style=\"background-color: #99cc00;\">S\u0160 Rybitv\u00ed<\/span><\/td>\n<\/tr>\n<tr style=\"height: 28px;\">\n<td style=\"width: 110.199px; height: 28px;\">27. 3. 2019<\/td>\n<td style=\"width: 101.108px; height: 28px;\">16:00-17:00<\/td>\n<td style=\"width: 153.835px; height: 28px;\">Z\u0160 Rybitv\u00ed<\/td>\n<\/tr>\n<\/tbody>\n<\/table>\n","protected":false},"excerpt":{"rendered":"<p>7. 1. 2019 18:00-19:30 S\u0160 Rybitv\u00ed 10. 1. 2019 18:00-19:00 Sokolovna L. B. 14. 1. 2019 18:00-19:30 S\u0160 Rybitv\u00ed 16. 1. 2019 16:00-17:00 Z\u0160 Rybitv\u00ed 21. 1. 2019 18:00-19:30 S\u0160 Rybitv\u00ed 24. 1. 2019 18:00-19:00 Sokolovna L. B. 28. 1. 2019 18:00-19:30 S\u0160 Rybitv\u00ed 30. 1. 2019 16:00-17:00 Z\u0160 Rybitv\u00ed \u2026 <a class=\"continue-reading-link\" href=\"https:\/\/www.sklaznebohdanec.cz\/fotbal\/zimni-priprava-u11\/\">Pokra\u010dov\u00e1n\u00ed zde&#8230;. <span class=\"meta-nav\">&rarr; <\/span><\/a><\/p>\n","protected":false},"author":13,"featured_media":0,"parent":0,"menu_order":0,"comment_status":"closed","ping_status":"closed","template":"","meta":{"_mc_calendar":[],"footnotes":""},"class_list":["post-10325","page","type-page","status-publish","hentry"],"aioseo_notices":[],"_links":{"self":[{"href":"https:\/\/www.sklaznebohdanec.cz\/fotbal\/wp-json\/wp\/v2\/pages\/10325","targetHints":{"allow":["GET"]}}],"collection":[{"href":"https:\/\/www.sklaznebohdanec.cz\/fotbal\/wp-json\/wp\/v2\/pages"}],"about":[{"href":"https:\/\/www.sklaznebohdanec.cz\/fotbal\/wp-json\/wp\/v2\/types\/page"}],"author":[{"embeddable":true,"href":"https:\/\/www.sklaznebohdanec.cz\/fotbal\/wp-json\/wp\/v2\/users\/13"}],"replies":[{"embeddable":true,"href":"https:\/\/www.sklaznebohdanec.cz\/fotbal\/wp-json\/wp\/v2\/comments?post=10325"}],"version-history":[{"count":1,"href":"https:\/\/www.sklaznebohdanec.cz\/fotbal\/wp-json\/wp\/v2\/pages\/10325\/revisions"}],"predecessor-version":[{"id":10326,"href":"https:\/\/www.sklaznebohdanec.cz\/fotbal\/wp-json\/wp\/v2\/pages\/10325\/revisions\/10326"}],"wp:attachment":[{"href":"https:\/\/www.sklaznebohdanec.cz\/fotbal\/wp-json\/wp\/v2\/media?parent=10325"}],"curies":[{"name":"wp","href":"https:\/\/api.w.org\/{rel}","templated":true}]}}