{"id":5219,"date":"2014-11-09T13:40:07","date_gmt":"2014-11-09T12:40:07","guid":{"rendered":"http:\/\/www.sklaznebohdanec.cz\/fotbal\/?page_id=5219"},"modified":"2015-08-03T13:49:07","modified_gmt":"2015-08-03T11:49:07","slug":"20112012-2","status":"publish","type":"page","link":"https:\/\/www.sklaznebohdanec.cz\/fotbal\/20112012-2\/","title":{"rendered":"2011\/2012"},"content":{"rendered":"<h4><span style=\"font-size: 12pt;\">A3B &#8211; IV. t\u0159\u00edda &#8211; P\u0159elou\u010dsko &#8211; mu\u017ei<\/span><\/h4>\n<table border=\"0\" width=\"470\" cellspacing=\"0\" cellpadding=\"1\">\n<tbody>\n<tr>\n<td class=\"Titulka\" colspan=\"9\"><span style=\"font-size: 12pt;\">\u00a0\u00a0TABULKA<\/span><\/td>\n<\/tr>\n<tr bgcolor=\"bbbbbb\">\n<td><b>Rk.<\/b><\/td>\n<td><b>T\u00fdm<\/b><\/td>\n<td><b>Z\u00e1p<\/b><\/td>\n<td><b>+<\/b><\/td>\n<td><b>0<\/b><\/td>\n<td><b>&#8211;<\/b><\/td>\n<td><b>Sk\u00f3re<\/b><\/td>\n<td><b>Body<\/b><\/td>\n<td><b>(Prav)<\/b><\/td>\n<\/tr>\n<tr bgcolor=\"#aaaaaa\">\n<td colspan=\"9\" height=\"1\"><\/td>\n<\/tr>\n<tr bgcolor=\"#ffffff\">\n<td>1.<\/td>\n<td>L. Bohdane\u010d<\/td>\n<td>26<\/td>\n<td>24<\/td>\n<td>0<\/td>\n<td>2<\/td>\n<td>146: 25<\/td>\n<td>72<\/td>\n<td>( 33)<\/td>\n<\/tr>\n<tr bgcolor=\"#aaaaaa\">\n<td colspan=\"9\" height=\"1\"><\/td>\n<\/tr>\n<tr bgcolor=\"#f8f8f8\">\n<td>2.<\/td>\n<td>Rohoznice<\/td>\n<td>26<\/td>\n<td>19<\/td>\n<td>4<\/td>\n<td>3<\/td>\n<td>80: 29<\/td>\n<td>61<\/td>\n<td>( 22)<\/td>\n<\/tr>\n<tr bgcolor=\"#aaaaaa\">\n<td colspan=\"9\" height=\"1\"><\/td>\n<\/tr>\n<tr bgcolor=\"#ffffff\">\n<td>3.<\/td>\n<td>\u0158e\u010dany B<\/td>\n<td>26<\/td>\n<td>12<\/td>\n<td>7<\/td>\n<td>7<\/td>\n<td>66: 59<\/td>\n<td>43<\/td>\n<td>( 4)<\/td>\n<\/tr>\n<tr bgcolor=\"#aaaaaa\">\n<td colspan=\"9\" height=\"1\"><\/td>\n<\/tr>\n<tr bgcolor=\"#f8f8f8\">\n<td>4.<\/td>\n<td>Sem\u00edn B<\/td>\n<td>26<\/td>\n<td>12<\/td>\n<td>7<\/td>\n<td>7<\/td>\n<td>61: 53<\/td>\n<td>43<\/td>\n<td>( 4)<\/td>\n<\/tr>\n<tr bgcolor=\"#aaaaaa\">\n<td colspan=\"9\" height=\"1\"><\/td>\n<\/tr>\n<tr bgcolor=\"#ffffff\">\n<td>5.<\/td>\n<td>Choltice B<\/td>\n<td>26<\/td>\n<td>11<\/td>\n<td>3<\/td>\n<td>12<\/td>\n<td>61: 59<\/td>\n<td>36<\/td>\n<td>( -3)<\/td>\n<\/tr>\n<tr bgcolor=\"#aaaaaa\">\n<td colspan=\"9\" height=\"1\"><\/td>\n<\/tr>\n<tr bgcolor=\"#f8f8f8\">\n<td>6.<\/td>\n<td>Chvaletice B<\/td>\n<td>26<\/td>\n<td>11<\/td>\n<td>3<\/td>\n<td>12<\/td>\n<td>43: 63<\/td>\n<td>36<\/td>\n<td>( -3)<\/td>\n<\/tr>\n<tr bgcolor=\"#aaaaaa\">\n<td colspan=\"9\" height=\"1\"><\/td>\n<\/tr>\n<tr bgcolor=\"#ffffff\">\n<td>7.<\/td>\n<td>Bukovka<\/td>\n<td>26<\/td>\n<td>11<\/td>\n<td>3<\/td>\n<td>12<\/td>\n<td>57: 65<\/td>\n<td>36<\/td>\n<td>( -3)<\/td>\n<\/tr>\n<tr bgcolor=\"#aaaaaa\">\n<td colspan=\"9\" height=\"1\"><\/td>\n<\/tr>\n<tr bgcolor=\"#f8f8f8\">\n<td>8.<\/td>\n<td>Valy B<\/td>\n<td>26<\/td>\n<td>10<\/td>\n<td>5<\/td>\n<td>11<\/td>\n<td>50: 59<\/td>\n<td>35<\/td>\n<td>( -4)<\/td>\n<\/tr>\n<tr bgcolor=\"#aaaaaa\">\n<td colspan=\"9\" height=\"1\"><\/td>\n<\/tr>\n<tr bgcolor=\"#ffffff\">\n<td>9.<\/td>\n<td>Kojice<\/td>\n<td>26<\/td>\n<td>10<\/td>\n<td>4<\/td>\n<td>12<\/td>\n<td>49: 49<\/td>\n<td>34<\/td>\n<td>( -5)<\/td>\n<\/tr>\n<tr bgcolor=\"#aaaaaa\">\n<td colspan=\"9\" height=\"1\"><\/td>\n<\/tr>\n<tr bgcolor=\"#f8f8f8\">\n<td>10.<\/td>\n<td>Jankovice<\/td>\n<td>26<\/td>\n<td>9<\/td>\n<td>2<\/td>\n<td>15<\/td>\n<td>44: 54<\/td>\n<td>29<\/td>\n<td>(-10)<\/td>\n<\/tr>\n<tr bgcolor=\"#aaaaaa\">\n<td colspan=\"9\" height=\"1\"><\/td>\n<\/tr>\n<tr bgcolor=\"#ffffff\">\n<td>11.<\/td>\n<td>Sop\u0159e\u010d<\/td>\n<td>26<\/td>\n<td>8<\/td>\n<td>4<\/td>\n<td>14<\/td>\n<td>52: 57<\/td>\n<td>28<\/td>\n<td>(-11)<\/td>\n<\/tr>\n<tr bgcolor=\"#aaaaaa\">\n<td colspan=\"9\" height=\"1\"><\/td>\n<\/tr>\n<tr bgcolor=\"#f8f8f8\">\n<td>12.<\/td>\n<td>Zdechovice<\/td>\n<td>26<\/td>\n<td>8<\/td>\n<td>3<\/td>\n<td>15<\/td>\n<td>48: 72<\/td>\n<td>27<\/td>\n<td>(-12)<\/td>\n<\/tr>\n<tr bgcolor=\"#aaaaaa\">\n<td colspan=\"9\" height=\"1\"><\/td>\n<\/tr>\n<tr bgcolor=\"#ffffff\">\n<td>13.<\/td>\n<td>Tetov<\/td>\n<td>26<\/td>\n<td>7<\/td>\n<td>5<\/td>\n<td>14<\/td>\n<td>43: 81<\/td>\n<td>26<\/td>\n<td>(-13)<\/td>\n<\/tr>\n<tr bgcolor=\"#aaaaaa\">\n<td colspan=\"9\" height=\"1\"><\/td>\n<\/tr>\n<tr bgcolor=\"#f8f8f8\">\n<td>14.<\/td>\n<td>L. Chr\u010dice<\/td>\n<td>26<\/td>\n<td>4<\/td>\n<td>2<\/td>\n<td>20<\/td>\n<td>30:105<\/td>\n<td>14<\/td>\n<td>(-25)<\/td>\n<\/tr>\n<tr bgcolor=\"#aaaaaa\">\n<td colspan=\"9\" height=\"1\"><\/td>\n<\/tr>\n<\/tbody>\n<\/table>\n<p><span style=\"font-size: 14pt;\"><strong>V\u0161echny v\u00fdsledky\u00a0<a href=\"http:\/\/nv.fotbal.cz\/domaci-souteze\/kao\/pardubicky\/pardubice\/archiv_d.asp?fs=532&amp;rok=2011&amp;soutez=532A3B\">ZDE:<\/a><\/strong><\/span><\/p>\n","protected":false},"excerpt":{"rendered":"<p>A3B &#8211; IV. t\u0159\u00edda &#8211; P\u0159elou\u010dsko &#8211; mu\u017ei \u00a0\u00a0TABULKA Rk. T\u00fdm Z\u00e1p + 0 &#8211; Sk\u00f3re Body (Prav) 1. L. Bohdane\u010d 26 24 0 2 146: 25 72 ( 33) 2. Rohoznice 26 19 4 3 80: 29 61 ( 22) 3. \u0158e\u010dany B 26 12 7 7 66: 59 \u2026 <a class=\"continue-reading-link\" href=\"https:\/\/www.sklaznebohdanec.cz\/fotbal\/20112012-2\/\">Pokra\u010dov\u00e1n\u00ed zde&#8230;. <span class=\"meta-nav\">&rarr; <\/span><\/a><\/p>\n","protected":false},"author":13,"featured_media":0,"parent":0,"menu_order":0,"comment_status":"open","ping_status":"closed","template":"","meta":{"_mc_calendar":[],"footnotes":""},"class_list":["post-5219","page","type-page","status-publish","hentry"],"aioseo_notices":[],"_links":{"self":[{"href":"https:\/\/www.sklaznebohdanec.cz\/fotbal\/wp-json\/wp\/v2\/pages\/5219","targetHints":{"allow":["GET"]}}],"collection":[{"href":"https:\/\/www.sklaznebohdanec.cz\/fotbal\/wp-json\/wp\/v2\/pages"}],"about":[{"href":"https:\/\/www.sklaznebohdanec.cz\/fotbal\/wp-json\/wp\/v2\/types\/page"}],"author":[{"embeddable":true,"href":"https:\/\/www.sklaznebohdanec.cz\/fotbal\/wp-json\/wp\/v2\/users\/13"}],"replies":[{"embeddable":true,"href":"https:\/\/www.sklaznebohdanec.cz\/fotbal\/wp-json\/wp\/v2\/comments?post=5219"}],"version-history":[{"count":6,"href":"https:\/\/www.sklaznebohdanec.cz\/fotbal\/wp-json\/wp\/v2\/pages\/5219\/revisions"}],"predecessor-version":[{"id":6127,"href":"https:\/\/www.sklaznebohdanec.cz\/fotbal\/wp-json\/wp\/v2\/pages\/5219\/revisions\/6127"}],"wp:attachment":[{"href":"https:\/\/www.sklaznebohdanec.cz\/fotbal\/wp-json\/wp\/v2\/media?parent=5219"}],"curies":[{"name":"wp","href":"https:\/\/api.w.org\/{rel}","templated":true}]}}