{"id":5221,"date":"2014-11-09T13:40:38","date_gmt":"2014-11-09T12:40:38","guid":{"rendered":"http:\/\/www.sklaznebohdanec.cz\/fotbal\/?page_id=5221"},"modified":"2015-08-03T13:50:09","modified_gmt":"2015-08-03T11:50:09","slug":"20122013-2","status":"publish","type":"page","link":"https:\/\/www.sklaznebohdanec.cz\/fotbal\/20122013-2\/","title":{"rendered":"2012\/2013"},"content":{"rendered":"<h4><span style=\"font-size: 12pt;\">A2B &#8211; III. t\u0159\u00edda &#8211; P\u0159elou\u010dsko &#8211; mu\u017ei<\/span><\/h4>\n<table border=\"0\" width=\"470\" cellspacing=\"0\" cellpadding=\"1\">\n<tbody>\n<tr>\n<td class=\"Titulka\" colspan=\"9\"><span style=\"font-size: 12pt;\">\u00a0\u00a0TABULKA<\/span><\/td>\n<\/tr>\n<tr bgcolor=\"bbbbbb\">\n<td><b>Rk.<\/b><\/td>\n<td><b>T\u00fdm<\/b><\/td>\n<td><b>Z\u00e1p<\/b><\/td>\n<td><b>+<\/b><\/td>\n<td><b>0<\/b><\/td>\n<td><b>&#8211;<\/b><\/td>\n<td><b>Sk\u00f3re<\/b><\/td>\n<td><b>Body<\/b><\/td>\n<td><b>(Prav)<\/b><\/td>\n<\/tr>\n<tr bgcolor=\"#aaaaaa\">\n<td colspan=\"9\" height=\"1\"><\/td>\n<\/tr>\n<tr bgcolor=\"#ffffff\">\n<td>1.<\/td>\n<td>L. Bohdane\u010d<\/td>\n<td>26<\/td>\n<td>21<\/td>\n<td>1<\/td>\n<td>4<\/td>\n<td>127: 41<\/td>\n<td>64<\/td>\n<td>( 25)<\/td>\n<\/tr>\n<tr bgcolor=\"#aaaaaa\">\n<td colspan=\"9\" height=\"1\"><\/td>\n<\/tr>\n<tr bgcolor=\"#f8f8f8\">\n<td>2.<\/td>\n<td>K\u0159i\u010de\u0148 A<\/td>\n<td>26<\/td>\n<td>17<\/td>\n<td>3<\/td>\n<td>6<\/td>\n<td>83: 40<\/td>\n<td>54<\/td>\n<td>( 15)<\/td>\n<\/tr>\n<tr bgcolor=\"#aaaaaa\">\n<td colspan=\"9\" height=\"1\"><\/td>\n<\/tr>\n<tr bgcolor=\"#ffffff\">\n<td>3.<\/td>\n<td>Lipoltice<\/td>\n<td>26<\/td>\n<td>16<\/td>\n<td>2<\/td>\n<td>8<\/td>\n<td>68: 36<\/td>\n<td>50<\/td>\n<td>( 11)<\/td>\n<\/tr>\n<tr bgcolor=\"#aaaaaa\">\n<td colspan=\"9\" height=\"1\"><\/td>\n<\/tr>\n<tr bgcolor=\"#f8f8f8\">\n<td>4.<\/td>\n<td>Rybitv\u00ed<\/td>\n<td>26<\/td>\n<td>12<\/td>\n<td>4<\/td>\n<td>10<\/td>\n<td>55: 42<\/td>\n<td>40<\/td>\n<td>( 1)<\/td>\n<\/tr>\n<tr bgcolor=\"#aaaaaa\">\n<td colspan=\"9\" height=\"1\"><\/td>\n<\/tr>\n<tr bgcolor=\"#ffffff\">\n<td>5.<\/td>\n<td>Kolesa<\/td>\n<td>26<\/td>\n<td>13<\/td>\n<td>1<\/td>\n<td>12<\/td>\n<td>56: 62<\/td>\n<td>40<\/td>\n<td>( 1)<\/td>\n<\/tr>\n<tr bgcolor=\"#aaaaaa\">\n<td colspan=\"9\" height=\"1\"><\/td>\n<\/tr>\n<tr bgcolor=\"#f8f8f8\">\n<td>6.<\/td>\n<td>\u00dajezd B<\/td>\n<td>26<\/td>\n<td>12<\/td>\n<td>4<\/td>\n<td>10<\/td>\n<td>60: 69<\/td>\n<td>40<\/td>\n<td>( 1)<\/td>\n<\/tr>\n<tr bgcolor=\"#aaaaaa\">\n<td colspan=\"9\" height=\"1\"><\/td>\n<\/tr>\n<tr bgcolor=\"#ffffff\">\n<td>7.<\/td>\n<td>L\u00e1ny<\/td>\n<td>26<\/td>\n<td>11<\/td>\n<td>2<\/td>\n<td>13<\/td>\n<td>59: 61<\/td>\n<td>35<\/td>\n<td>( -4)<\/td>\n<\/tr>\n<tr bgcolor=\"#aaaaaa\">\n<td colspan=\"9\" height=\"1\"><\/td>\n<\/tr>\n<tr bgcolor=\"#f8f8f8\">\n<td>8.<\/td>\n<td>St. \u017dd\u00e1nice<\/td>\n<td>26<\/td>\n<td>10<\/td>\n<td>3<\/td>\n<td>13<\/td>\n<td>41: 54<\/td>\n<td>33<\/td>\n<td>( -6)<\/td>\n<\/tr>\n<tr bgcolor=\"#aaaaaa\">\n<td colspan=\"9\" height=\"1\"><\/td>\n<\/tr>\n<tr bgcolor=\"#ffffff\">\n<td>9.<\/td>\n<td>Srch B<\/td>\n<td>26<\/td>\n<td>10<\/td>\n<td>0<\/td>\n<td>16<\/td>\n<td>50: 86<\/td>\n<td>30<\/td>\n<td>( -9)<\/td>\n<\/tr>\n<tr bgcolor=\"#aaaaaa\">\n<td colspan=\"9\" height=\"1\"><\/td>\n<\/tr>\n<tr bgcolor=\"#f8f8f8\">\n<td>10.<\/td>\n<td>Rohoznice<\/td>\n<td>26<\/td>\n<td>9<\/td>\n<td>3<\/td>\n<td>14<\/td>\n<td>49: 62<\/td>\n<td>30<\/td>\n<td>( -9)<\/td>\n<\/tr>\n<tr bgcolor=\"#aaaaaa\">\n<td colspan=\"9\" height=\"1\"><\/td>\n<\/tr>\n<tr bgcolor=\"#ffffff\">\n<td>11.<\/td>\n<td>\u0158e\u010dany B<\/td>\n<td>26<\/td>\n<td>9<\/td>\n<td>3<\/td>\n<td>14<\/td>\n<td>48: 72<\/td>\n<td>30<\/td>\n<td>( -9)<\/td>\n<\/tr>\n<tr bgcolor=\"#aaaaaa\">\n<td colspan=\"9\" height=\"1\"><\/td>\n<\/tr>\n<tr bgcolor=\"#f8f8f8\">\n<td>12.<\/td>\n<td>P\u0159elovice B<\/td>\n<td>26<\/td>\n<td>8<\/td>\n<td>4<\/td>\n<td>14<\/td>\n<td>46: 72<\/td>\n<td>28<\/td>\n<td>(-11)<\/td>\n<\/tr>\n<tr bgcolor=\"#aaaaaa\">\n<td colspan=\"9\" height=\"1\"><\/td>\n<\/tr>\n<tr bgcolor=\"#ffffff\">\n<td>13.<\/td>\n<td>St. \u010c\u00edvice<\/td>\n<td>26<\/td>\n<td>7<\/td>\n<td>5<\/td>\n<td>14<\/td>\n<td>58: 80<\/td>\n<td>26<\/td>\n<td>(-13)<\/td>\n<\/tr>\n<tr bgcolor=\"#aaaaaa\">\n<td colspan=\"9\" height=\"1\"><\/td>\n<\/tr>\n<tr bgcolor=\"#f8f8f8\">\n<td>14.<\/td>\n<td>Sem\u00edn A<\/td>\n<td>26<\/td>\n<td>7<\/td>\n<td>5<\/td>\n<td>14<\/td>\n<td>36: 59<\/td>\n<td>26<\/td>\n<td>(-13)<\/td>\n<\/tr>\n<tr bgcolor=\"#aaaaaa\">\n<td colspan=\"9\" height=\"1\"><\/td>\n<\/tr>\n<\/tbody>\n<\/table>\n<p><span style=\"font-size: 14pt;\"><strong>V\u0161echny\u00a0v\u00fdsledky\u00a0<a href=\"http:\/\/nv.fotbal.cz\/domaci-souteze\/kao\/pardubicky\/pardubice\/archiv_d.asp?fs=532&amp;rok=2012&amp;soutez=532A2B\">ZDE:<\/a><\/strong><\/span><\/p>\n<p>&nbsp;<\/p>\n<p>&nbsp;<\/p>\n","protected":false},"excerpt":{"rendered":"<p>A2B &#8211; III. t\u0159\u00edda &#8211; P\u0159elou\u010dsko &#8211; mu\u017ei \u00a0\u00a0TABULKA Rk. T\u00fdm Z\u00e1p + 0 &#8211; Sk\u00f3re Body (Prav) 1. L. Bohdane\u010d 26 21 1 4 127: 41 64 ( 25) 2. K\u0159i\u010de\u0148 A 26 17 3 6 83: 40 54 ( 15) 3. Lipoltice 26 16 2 8 68: 36 \u2026 <a class=\"continue-reading-link\" href=\"https:\/\/www.sklaznebohdanec.cz\/fotbal\/20122013-2\/\">Pokra\u010dov\u00e1n\u00ed zde&#8230;. <span class=\"meta-nav\">&rarr; <\/span><\/a><\/p>\n","protected":false},"author":13,"featured_media":0,"parent":0,"menu_order":0,"comment_status":"open","ping_status":"closed","template":"","meta":{"_mc_calendar":[],"footnotes":""},"class_list":["post-5221","page","type-page","status-publish","hentry"],"aioseo_notices":[],"_links":{"self":[{"href":"https:\/\/www.sklaznebohdanec.cz\/fotbal\/wp-json\/wp\/v2\/pages\/5221","targetHints":{"allow":["GET"]}}],"collection":[{"href":"https:\/\/www.sklaznebohdanec.cz\/fotbal\/wp-json\/wp\/v2\/pages"}],"about":[{"href":"https:\/\/www.sklaznebohdanec.cz\/fotbal\/wp-json\/wp\/v2\/types\/page"}],"author":[{"embeddable":true,"href":"https:\/\/www.sklaznebohdanec.cz\/fotbal\/wp-json\/wp\/v2\/users\/13"}],"replies":[{"embeddable":true,"href":"https:\/\/www.sklaznebohdanec.cz\/fotbal\/wp-json\/wp\/v2\/comments?post=5221"}],"version-history":[{"count":6,"href":"https:\/\/www.sklaznebohdanec.cz\/fotbal\/wp-json\/wp\/v2\/pages\/5221\/revisions"}],"predecessor-version":[{"id":6128,"href":"https:\/\/www.sklaznebohdanec.cz\/fotbal\/wp-json\/wp\/v2\/pages\/5221\/revisions\/6128"}],"wp:attachment":[{"href":"https:\/\/www.sklaznebohdanec.cz\/fotbal\/wp-json\/wp\/v2\/media?parent=5221"}],"curies":[{"name":"wp","href":"https:\/\/api.w.org\/{rel}","templated":true}]}}