{"id":5580,"date":"2015-04-01T12:14:52","date_gmt":"2015-04-01T10:14:52","guid":{"rendered":"http:\/\/www.sklaznebohdanec.cz\/fotbal\/?page_id=5580"},"modified":"2019-06-03T17:44:20","modified_gmt":"2019-06-03T15:44:20","slug":"clenstvi-v-klubu-nabory","status":"publish","type":"page","link":"https:\/\/www.sklaznebohdanec.cz\/fotbal\/clenstvi-v-klubu-nabory\/","title":{"rendered":"\u010clenstv\u00ed v klubu, n\u00e1bory"},"content":{"rendered":"<p><strong><span style=\"font-family: verdana, geneva;\"><a href=\"http:\/\/www.sklaznebohdanec.cz\/fotbal\/wp-content\/uploads\/2017\/04\/zdr.-ml%C3%A1de%C5%BE.pdf\" target=\"_blank\" rel=\"noopener noreferrer\">P\u0159ihl\u00e1\u0161ka hr\u00e1\u010de &#8211; dotazn\u00edk<\/a><\/span><\/strong><\/p>\n<p><strong><a href=\"http:\/\/www.sklaznebohdanec.cz\/fotbal\/wp-content\/uploads\/2015\/09\/Souhlas.pdf\" target=\"_blank\" rel=\"noopener noreferrer\">\u017d\u00e1dost o registraci nov\u00e9ho hr\u00e1\u010de &#8211; FA\u010cR<\/a>\u00a0<\/strong><\/p>\n<p><a href=\"http:\/\/www.sklaznebohdanec.cz\/fotbal\/wp-content\/uploads\/2016\/06\/P\u0159ij\u010f.jpg\" target=\"_blank\" rel=\"noopener noreferrer\"><img loading=\"lazy\" decoding=\"async\" class=\"alignnone wp-image-7160 size-medium\" src=\"http:\/\/www.sklaznebohdanec.cz\/fotbal\/wp-content\/uploads\/2016\/06\/P\u0159ij\u010f-225x300.jpg\" alt=\"\" width=\"225\" height=\"300\" \/><\/a><\/p>\n<p>&nbsp;<\/p>\n","protected":false},"excerpt":{"rendered":"<p>P\u0159ihl\u00e1\u0161ka hr\u00e1\u010de &#8211; dotazn\u00edk \u017d\u00e1dost o registraci nov\u00e9ho hr\u00e1\u010de &#8211; FA\u010cR\u00a0 &nbsp;<\/p>\n","protected":false},"author":13,"featured_media":0,"parent":0,"menu_order":0,"comment_status":"open","ping_status":"closed","template":"","meta":{"_mc_calendar":[],"footnotes":""},"class_list":["post-5580","page","type-page","status-publish","hentry"],"aioseo_notices":[],"_links":{"self":[{"href":"https:\/\/www.sklaznebohdanec.cz\/fotbal\/wp-json\/wp\/v2\/pages\/5580","targetHints":{"allow":["GET"]}}],"collection":[{"href":"https:\/\/www.sklaznebohdanec.cz\/fotbal\/wp-json\/wp\/v2\/pages"}],"about":[{"href":"https:\/\/www.sklaznebohdanec.cz\/fotbal\/wp-json\/wp\/v2\/types\/page"}],"author":[{"embeddable":true,"href":"https:\/\/www.sklaznebohdanec.cz\/fotbal\/wp-json\/wp\/v2\/users\/13"}],"replies":[{"embeddable":true,"href":"https:\/\/www.sklaznebohdanec.cz\/fotbal\/wp-json\/wp\/v2\/comments?post=5580"}],"version-history":[{"count":23,"href":"https:\/\/www.sklaznebohdanec.cz\/fotbal\/wp-json\/wp\/v2\/pages\/5580\/revisions"}],"predecessor-version":[{"id":11362,"href":"https:\/\/www.sklaznebohdanec.cz\/fotbal\/wp-json\/wp\/v2\/pages\/5580\/revisions\/11362"}],"wp:attachment":[{"href":"https:\/\/www.sklaznebohdanec.cz\/fotbal\/wp-json\/wp\/v2\/media?parent=5580"}],"curies":[{"name":"wp","href":"https:\/\/api.w.org\/{rel}","templated":true}]}}