{"id":5584,"date":"2015-04-01T12:15:49","date_gmt":"2015-04-01T10:15:49","guid":{"rendered":"http:\/\/www.sklaznebohdanec.cz\/fotbal\/?page_id=5584"},"modified":"2019-07-31T13:18:17","modified_gmt":"2019-07-31T11:18:17","slug":"ostatni","status":"publish","type":"page","link":"https:\/\/www.sklaznebohdanec.cz\/fotbal\/ostatni\/","title":{"rendered":"Ostatn\u00ed"},"content":{"rendered":"<p style=\"text-align: center;\"><a href=\"http:\/\/www.sklaznebohdanec.cz\/fotbal\/wp-content\/uploads\/2016\/04\/znak-1918.gif\">\u00a0\u00a0\u00a0\u00a0\u00a0<\/a><a href=\"http:\/\/www.sklaznebohdanec.cz\/fotbal\/wp-content\/uploads\/2016\/04\/znak-1918.gif\" target=\"_blank\" rel=\"noopener noreferrer\"><img loading=\"lazy\" decoding=\"async\" class=\"alignnone wp-image-6831\" title=\"Klubov\u00fd znak\" src=\"http:\/\/www.sklaznebohdanec.cz\/fotbal\/wp-content\/uploads\/2016\/04\/znak-1918-215x300.gif\" alt=\"\" width=\"69\" height=\"97\" srcset=\"https:\/\/www.sklaznebohdanec.cz\/fotbal\/wp-content\/uploads\/2016\/04\/znak-1918-215x300.gif 215w, https:\/\/www.sklaznebohdanec.cz\/fotbal\/wp-content\/uploads\/2016\/04\/znak-1918-107x150.gif 107w, https:\/\/www.sklaznebohdanec.cz\/fotbal\/wp-content\/uploads\/2016\/04\/znak-1918-250x349.gif 250w\" sizes=\"auto, (max-width: 69px) 100vw, 69px\" \/>\u00a0 \u00a0 <\/a><a href=\"http:\/\/www.sklaznebohdanec.cz\/fotbal\/wp-content\/uploads\/2017\/07\/1918.jpg\" target=\"_blank\" rel=\"noopener noreferrer\"><img loading=\"lazy\" decoding=\"async\" class=\"alignnone wp-image-8278\" src=\"http:\/\/www.sklaznebohdanec.cz\/fotbal\/wp-content\/uploads\/2017\/07\/1918-216x300.jpg\" alt=\"\" width=\"58\" height=\"80\" srcset=\"https:\/\/www.sklaznebohdanec.cz\/fotbal\/wp-content\/uploads\/2017\/07\/1918-216x300.jpg 216w, https:\/\/www.sklaznebohdanec.cz\/fotbal\/wp-content\/uploads\/2017\/07\/1918-108x150.jpg 108w, https:\/\/www.sklaznebohdanec.cz\/fotbal\/wp-content\/uploads\/2017\/07\/1918.jpg 623w\" sizes=\"auto, (max-width: 58px) 100vw, 58px\" \/>\u00a0 \u00a0 <\/a><a href=\"http:\/\/www.sklaznebohdanec.cz\/fotbal\/wp-content\/uploads\/2019\/06\/fotbal.jpg\" target=\"_blank\" rel=\"noopener noreferrer\"><img loading=\"lazy\" decoding=\"async\" class=\"alignnone wp-image-11357\" src=\"http:\/\/www.sklaznebohdanec.cz\/fotbal\/wp-content\/uploads\/2019\/06\/fotbal-204x300.jpg\" alt=\"\" width=\"66\" height=\"96\" srcset=\"https:\/\/www.sklaznebohdanec.cz\/fotbal\/wp-content\/uploads\/2019\/06\/fotbal-204x300.jpg 204w, https:\/\/www.sklaznebohdanec.cz\/fotbal\/wp-content\/uploads\/2019\/06\/fotbal-102x150.jpg 102w, https:\/\/www.sklaznebohdanec.cz\/fotbal\/wp-content\/uploads\/2019\/06\/fotbal.jpg 451w\" sizes=\"auto, (max-width: 66px) 100vw, 66px\" \/><\/a><a href=\"http:\/\/www.sklaznebohdanec.cz\/fotbal\/wp-content\/uploads\/2018\/10\/Desatero.jpg\">\u00a0 \u00a0 \u00a0<\/a><a href=\"http:\/\/www.sklaznebohdanec.cz\/fotbal\/wp-content\/uploads\/2018\/10\/Desatero.jpg\" target=\"_blank\" rel=\"noopener noreferrer\"><img loading=\"lazy\" decoding=\"async\" class=\"alignnone wp-image-10008\" title=\"Desatero pro rodi\u010de\" src=\"http:\/\/www.sklaznebohdanec.cz\/fotbal\/wp-content\/uploads\/2018\/10\/Desatero-217x300.jpg\" alt=\"\" width=\"71\" height=\"98\" srcset=\"https:\/\/www.sklaznebohdanec.cz\/fotbal\/wp-content\/uploads\/2018\/10\/Desatero-217x300.jpg 217w, https:\/\/www.sklaznebohdanec.cz\/fotbal\/wp-content\/uploads\/2018\/10\/Desatero-109x150.jpg 109w, https:\/\/www.sklaznebohdanec.cz\/fotbal\/wp-content\/uploads\/2018\/10\/Desatero.jpg 714w\" sizes=\"auto, (max-width: 71px) 100vw, 71px\" \/><\/a><a href=\"http:\/\/www.sklaznebohdanec.cz\/fotbal\/wp-content\/uploads\/2018\/10\/Vzkaz.jpg\">\u00a0\u00a0\u00a0\u00a0\u00a0<\/a><a href=\"http:\/\/www.sklaznebohdanec.cz\/fotbal\/wp-content\/uploads\/2018\/10\/Vzkaz.jpg\" target=\"_blank\" rel=\"noopener noreferrer\"><img loading=\"lazy\" decoding=\"async\" class=\"alignnone wp-image-10009\" title=\"Vzkaz dosp\u011bl\u00fdm\" src=\"http:\/\/www.sklaznebohdanec.cz\/fotbal\/wp-content\/uploads\/2018\/10\/Vzkaz-218x300.jpg\" alt=\"\" width=\"67\" height=\"92\" srcset=\"https:\/\/www.sklaznebohdanec.cz\/fotbal\/wp-content\/uploads\/2018\/10\/Vzkaz-218x300.jpg 218w, https:\/\/www.sklaznebohdanec.cz\/fotbal\/wp-content\/uploads\/2018\/10\/Vzkaz-109x150.jpg 109w, https:\/\/www.sklaznebohdanec.cz\/fotbal\/wp-content\/uploads\/2018\/10\/Vzkaz.jpg 721w\" sizes=\"auto, (max-width: 67px) 100vw, 67px\" \/><\/a><a href=\"http:\/\/www.sklaznebohdanec.cz\/fotbal\/wp-content\/uploads\/2018\/10\/Devatero.jpg\">\u00a0 \u00a0 \u00a0<\/a><a href=\"http:\/\/www.sklaznebohdanec.cz\/fotbal\/wp-content\/uploads\/2018\/10\/Devatero.jpg\" target=\"_blank\" rel=\"noopener noreferrer\"><img loading=\"lazy\" decoding=\"async\" class=\"alignnone wp-image-9976\" title=\"Devatero tren\u00e9ra ml\u00e1de\u017ee\" src=\"http:\/\/www.sklaznebohdanec.cz\/fotbal\/wp-content\/uploads\/2018\/10\/Devatero-256x300.jpg\" alt=\"\" width=\"75\" height=\"87\" srcset=\"https:\/\/www.sklaznebohdanec.cz\/fotbal\/wp-content\/uploads\/2018\/10\/Devatero-256x300.jpg 256w, https:\/\/www.sklaznebohdanec.cz\/fotbal\/wp-content\/uploads\/2018\/10\/Devatero-128x150.jpg 128w, https:\/\/www.sklaznebohdanec.cz\/fotbal\/wp-content\/uploads\/2018\/10\/Devatero.jpg 720w\" sizes=\"auto, (max-width: 75px) 100vw, 75px\" \/><\/a><a style=\"color: #ff4b33;\" href=\"http:\/\/www.sklaznebohdanec.cz\/fotbal\/wp-content\/uploads\/2016\/06\/P\u0159ij\u010f.jpg\" target=\"_blank\" rel=\"noopener noreferrer\">\u00a0 \u00a0 \u00a0<\/a><\/p>\n<p style=\"text-align: center;\"><a href=\"http:\/\/www.sklaznebohdanec.cz\/fotbal\/wp-content\/uploads\/2016\/06\/P\u0159ij\u010f.jpg\" target=\"_blank\" rel=\"noopener noreferrer\">\u00a0 \u00a0 \u00a0<\/a><span style=\"font-size: 10pt;\"><a href=\"http:\/\/www.sklaznebohdanec.cz\/fotbal\/wp-content\/uploads\/2016\/03\/z\u00e1hlav\u00ed-akzp-se-s.jpg\" target=\"_blank\" rel=\"noopener noreferrer\">\u00a0\u00a0\u00a0\u00a0\u00a0\u00a0<\/a><a href=\"http:\/\/www.sklaznebohdanec.cz\/fotbal\/wp-content\/uploads\/2016\/03\/z\u00e1hlav\u00ed-akzp-se-s.jpg\" target=\"_blank\" rel=\"noopener noreferrer\"><img loading=\"lazy\" decoding=\"async\" class=\"alignnone wp-image-6773\" title=\"Tapeta 1(960x720)\" src=\"http:\/\/www.sklaznebohdanec.cz\/fotbal\/wp-content\/uploads\/2016\/03\/z\u00e1hlav\u00ed-akzp-se-s-300x225.jpg\" alt=\"\" width=\"127\" height=\"95\" srcset=\"https:\/\/www.sklaznebohdanec.cz\/fotbal\/wp-content\/uploads\/2016\/03\/z\u00e1hlav\u00ed-akzp-se-s-300x225.jpg 300w, https:\/\/www.sklaznebohdanec.cz\/fotbal\/wp-content\/uploads\/2016\/03\/z\u00e1hlav\u00ed-akzp-se-s-150x113.jpg 150w, https:\/\/www.sklaznebohdanec.cz\/fotbal\/wp-content\/uploads\/2016\/03\/z\u00e1hlav\u00ed-akzp-se-s-768x576.jpg 768w, https:\/\/www.sklaznebohdanec.cz\/fotbal\/wp-content\/uploads\/2016\/03\/z\u00e1hlav\u00ed-akzp-se-s-250x188.jpg 250w, https:\/\/www.sklaznebohdanec.cz\/fotbal\/wp-content\/uploads\/2016\/03\/z\u00e1hlav\u00ed-akzp-se-s-200x150.jpg 200w, https:\/\/www.sklaznebohdanec.cz\/fotbal\/wp-content\/uploads\/2016\/03\/z\u00e1hlav\u00ed-akzp-se-s.jpg 960w\" sizes=\"auto, (max-width: 127px) 100vw, 127px\" \/><\/a><\/span><span style=\"font-size: 10pt;\"><a href=\"http:\/\/www.sklaznebohdanec.cz\/fotbal\/wp-content\/uploads\/2015\/10\/IMG_20151024_123841.jpg\" target=\"_blank\" rel=\"noopener noreferrer\">\u00a0\u00a0<\/a><a href=\"http:\/\/www.sklaznebohdanec.cz\/fotbal\/wp-content\/uploads\/2015\/10\/IMG_20151024_123841.jpg\" target=\"_blank\" rel=\"noopener noreferrer\">\u00a0 \u00a0 \u00a0<\/a><a href=\"http:\/\/www.sklaznebohdanec.cz\/fotbal\/wp-content\/uploads\/2015\/10\/IMG_20151024_123841.jpg\" target=\"_blank\" rel=\"noopener noreferrer\"><img loading=\"lazy\" decoding=\"async\" class=\"alignnone wp-image-6495\" title=\"Tapeta 2\" src=\"http:\/\/www.sklaznebohdanec.cz\/fotbal\/wp-content\/uploads\/2015\/10\/IMG_20151024_123841-300x225.jpg\" alt=\"\" width=\"119\" height=\"89\" srcset=\"https:\/\/www.sklaznebohdanec.cz\/fotbal\/wp-content\/uploads\/2015\/10\/IMG_20151024_123841-300x225.jpg 300w, https:\/\/www.sklaznebohdanec.cz\/fotbal\/wp-content\/uploads\/2015\/10\/IMG_20151024_123841-150x113.jpg 150w, https:\/\/www.sklaznebohdanec.cz\/fotbal\/wp-content\/uploads\/2015\/10\/IMG_20151024_123841-1024x768.jpg 1024w, https:\/\/www.sklaznebohdanec.cz\/fotbal\/wp-content\/uploads\/2015\/10\/IMG_20151024_123841-250x188.jpg 250w, https:\/\/www.sklaznebohdanec.cz\/fotbal\/wp-content\/uploads\/2015\/10\/IMG_20151024_123841-200x150.jpg 200w, https:\/\/www.sklaznebohdanec.cz\/fotbal\/wp-content\/uploads\/2015\/10\/IMG_20151024_123841.jpg 1600w\" sizes=\"auto, (max-width: 119px) 100vw, 119px\" \/><\/a><a href=\"http:\/\/www.sklaznebohdanec.cz\/fotbal\/wp-content\/uploads\/2018\/09\/100-A4-\u010db.jpg\" target=\"_blank\" rel=\"noopener noreferrer\">\u00a0 \u00a0 \u00a0\u00a0<\/a><a href=\"http:\/\/www.sklaznebohdanec.cz\/fotbal\/wp-content\/uploads\/2017\/10\/IMG_2016022j4_153443.jpg\" target=\"_blank\" rel=\"noopener noreferrer\"><img loading=\"lazy\" decoding=\"async\" class=\"alignnone wp-image-8648\" title=\"Tapeta 3 (1600x1200)\" src=\"http:\/\/www.sklaznebohdanec.cz\/fotbal\/wp-content\/uploads\/2017\/10\/IMG_2016022j4_153443-300x210.jpg\" alt=\"\" width=\"131\" height=\"92\" srcset=\"https:\/\/www.sklaznebohdanec.cz\/fotbal\/wp-content\/uploads\/2017\/10\/IMG_2016022j4_153443-300x210.jpg 300w, https:\/\/www.sklaznebohdanec.cz\/fotbal\/wp-content\/uploads\/2017\/10\/IMG_2016022j4_153443-150x105.jpg 150w, https:\/\/www.sklaznebohdanec.cz\/fotbal\/wp-content\/uploads\/2017\/10\/IMG_2016022j4_153443-768x538.jpg 768w, https:\/\/www.sklaznebohdanec.cz\/fotbal\/wp-content\/uploads\/2017\/10\/IMG_2016022j4_153443-1024x717.jpg 1024w, https:\/\/www.sklaznebohdanec.cz\/fotbal\/wp-content\/uploads\/2017\/10\/IMG_2016022j4_153443-214x150.jpg 214w, https:\/\/www.sklaznebohdanec.cz\/fotbal\/wp-content\/uploads\/2017\/10\/IMG_2016022j4_153443.jpg 1600w\" sizes=\"auto, (max-width: 131px) 100vw, 131px\" \/><\/a><\/span><\/p>\n<p style=\"text-align: center;\"><a href=\"http:\/\/www.sklaznebohdanec.cz\/fotbal\/wp-content\/uploads\/2017\/06\/v\u00fdro\u010d\u00ed-20.jpg\" target=\"_blank\" rel=\"noopener noreferrer\">\u00a0 \u00a0 \u00a0<\/a><a href=\"http:\/\/www.sklaznebohdanec.cz\/fotbal\/wp-content\/uploads\/2017\/06\/v\u00fdro\u010d\u00ed-20.jpg\" target=\"_blank\" rel=\"noopener noreferrer\"><img loading=\"lazy\" decoding=\"async\" class=\"alignnone wp-image-8146\" title=\"20 let od ligy\" src=\"http:\/\/www.sklaznebohdanec.cz\/fotbal\/wp-content\/uploads\/2017\/06\/v\u00fdro\u010d\u00ed-20-300x207.jpg\" alt=\"\" width=\"149\" height=\"103\" srcset=\"https:\/\/www.sklaznebohdanec.cz\/fotbal\/wp-content\/uploads\/2017\/06\/v\u00fdro\u010d\u00ed-20-300x207.jpg 300w, https:\/\/www.sklaznebohdanec.cz\/fotbal\/wp-content\/uploads\/2017\/06\/v\u00fdro\u010d\u00ed-20-150x103.jpg 150w, https:\/\/www.sklaznebohdanec.cz\/fotbal\/wp-content\/uploads\/2017\/06\/v\u00fdro\u010d\u00ed-20-768x530.jpg 768w, https:\/\/www.sklaznebohdanec.cz\/fotbal\/wp-content\/uploads\/2017\/06\/v\u00fdro\u010d\u00ed-20-1024x706.jpg 1024w, https:\/\/www.sklaznebohdanec.cz\/fotbal\/wp-content\/uploads\/2017\/06\/v\u00fdro\u010d\u00ed-20-217x150.jpg 217w, https:\/\/www.sklaznebohdanec.cz\/fotbal\/wp-content\/uploads\/2017\/06\/v\u00fdro\u010d\u00ed-20.jpg 1144w\" sizes=\"auto, (max-width: 149px) 100vw, 149px\" \/><\/a>\u00a0 \u00a0 \u00a0<a href=\"http:\/\/www.sklaznebohdanec.cz\/fotbal\/wp-content\/uploads\/2018\/09\/LBSK.jpg\" target=\"_blank\" rel=\"noopener noreferrer\"><img loading=\"lazy\" decoding=\"async\" class=\"alignnone wp-image-9644\" title=\"L\u00e1ze\u0148sko-Bohdane\u010dsk\u00fd Sportovn\u00ed Klub\" src=\"http:\/\/www.sklaznebohdanec.cz\/fotbal\/wp-content\/uploads\/2018\/09\/LBSK-300x170.jpg\" alt=\"\" width=\"186\" height=\"105\" srcset=\"https:\/\/www.sklaznebohdanec.cz\/fotbal\/wp-content\/uploads\/2018\/09\/LBSK-300x170.jpg 300w, https:\/\/www.sklaznebohdanec.cz\/fotbal\/wp-content\/uploads\/2018\/09\/LBSK-150x85.jpg 150w, https:\/\/www.sklaznebohdanec.cz\/fotbal\/wp-content\/uploads\/2018\/09\/LBSK-768x436.jpg 768w, https:\/\/www.sklaznebohdanec.cz\/fotbal\/wp-content\/uploads\/2018\/09\/LBSK-1024x581.jpg 1024w, https:\/\/www.sklaznebohdanec.cz\/fotbal\/wp-content\/uploads\/2018\/09\/LBSK-250x142.jpg 250w, https:\/\/www.sklaznebohdanec.cz\/fotbal\/wp-content\/uploads\/2018\/09\/LBSK.jpg 1410w\" sizes=\"auto, (max-width: 186px) 100vw, 186px\" \/>\u00a0 \u00a0 \u00a0<\/a><a href=\"http:\/\/www.sklaznebohdanec.cz\/fotbal\/wp-content\/uploads\/2018\/09\/100-A4-\u010db.jpg\" target=\"_blank\" rel=\"noopener noreferrer\"><img loading=\"lazy\" decoding=\"async\" class=\"alignnone wp-image-9641\" title=\"100 let\" src=\"http:\/\/www.sklaznebohdanec.cz\/fotbal\/wp-content\/uploads\/2018\/09\/100-A4-\u010db-300x222.jpg\" alt=\"\" width=\"139\" height=\"102\" srcset=\"https:\/\/www.sklaznebohdanec.cz\/fotbal\/wp-content\/uploads\/2018\/09\/100-A4-\u010db-300x222.jpg 300w, https:\/\/www.sklaznebohdanec.cz\/fotbal\/wp-content\/uploads\/2018\/09\/100-A4-\u010db-150x111.jpg 150w, https:\/\/www.sklaznebohdanec.cz\/fotbal\/wp-content\/uploads\/2018\/09\/100-A4-\u010db-768x568.jpg 768w, https:\/\/www.sklaznebohdanec.cz\/fotbal\/wp-content\/uploads\/2018\/09\/100-A4-\u010db-1024x758.jpg 1024w, https:\/\/www.sklaznebohdanec.cz\/fotbal\/wp-content\/uploads\/2018\/09\/100-A4-\u010db-203x150.jpg 203w, https:\/\/www.sklaznebohdanec.cz\/fotbal\/wp-content\/uploads\/2018\/09\/100-A4-\u010db.jpg 1057w\" sizes=\"auto, (max-width: 139px) 100vw, 139px\" \/><\/a><\/p>\n<p style=\"text-align: center;\"><a href=\"http:\/\/www.sklaznebohdanec.cz\/fotbal\/wp-content\/uploads\/2018\/10\/st\u00edn\u00edtko.jpg\" target=\"_blank\" rel=\"noopener noreferrer\"><img loading=\"lazy\" decoding=\"async\" class=\"alignnone wp-image-10043\" title=\"Tapeta 5 (1123x796)\" src=\"http:\/\/www.sklaznebohdanec.cz\/fotbal\/wp-content\/uploads\/2018\/10\/st\u00edn\u00edtko-300x213.jpg\" alt=\"\" width=\"141\" height=\"100\" \/>\u00a0\u00a0\u00a0\u00a0\u00a0<\/a><a href=\"http:\/\/www.sklaznebohdanec.cz\/fotbal\/wp-content\/uploads\/2018\/10\/SK-plak\u00e1t.jpg\" target=\"_blank\" rel=\"noopener noreferrer\"><img loading=\"lazy\" decoding=\"async\" class=\"alignnone wp-image-10044\" title=\"SK L\u00e1zn\u011b Bohdane\u010d 2016\" src=\"http:\/\/www.sklaznebohdanec.cz\/fotbal\/wp-content\/uploads\/2018\/10\/SK-plak\u00e1t-300x211.jpg\" alt=\"\" width=\"140\" height=\"98\" srcset=\"https:\/\/www.sklaznebohdanec.cz\/fotbal\/wp-content\/uploads\/2018\/10\/SK-plak\u00e1t-300x211.jpg 300w, https:\/\/www.sklaznebohdanec.cz\/fotbal\/wp-content\/uploads\/2018\/10\/SK-plak\u00e1t-150x106.jpg 150w, https:\/\/www.sklaznebohdanec.cz\/fotbal\/wp-content\/uploads\/2018\/10\/SK-plak\u00e1t-768x540.jpg 768w, https:\/\/www.sklaznebohdanec.cz\/fotbal\/wp-content\/uploads\/2018\/10\/SK-plak\u00e1t-1024x720.jpg 1024w, https:\/\/www.sklaznebohdanec.cz\/fotbal\/wp-content\/uploads\/2018\/10\/SK-plak\u00e1t-213x150.jpg 213w, https:\/\/www.sklaznebohdanec.cz\/fotbal\/wp-content\/uploads\/2018\/10\/SK-plak\u00e1t.jpg 1423w\" sizes=\"auto, (max-width: 140px) 100vw, 140px\" \/><\/a><\/p>\n<p style=\"text-align: center;\">\n","protected":false},"excerpt":{"rendered":"<p>\u00a0\u00a0\u00a0\u00a0\u00a0\u00a0 \u00a0 \u00a0 \u00a0 \u00a0 \u00a0 \u00a0\u00a0\u00a0\u00a0\u00a0\u00a0\u00a0 \u00a0 \u00a0\u00a0 \u00a0 \u00a0 \u00a0 \u00a0 \u00a0\u00a0\u00a0\u00a0\u00a0\u00a0\u00a0\u00a0\u00a0\u00a0 \u00a0 \u00a0\u00a0 \u00a0 \u00a0\u00a0 \u00a0 \u00a0 \u00a0\u00a0 \u00a0 \u00a0\u00a0 \u00a0 \u00a0 \u00a0\u00a0\u00a0\u00a0\u00a0<\/p>\n","protected":false},"author":13,"featured_media":0,"parent":0,"menu_order":0,"comment_status":"open","ping_status":"closed","template":"","meta":{"_mc_calendar":[],"footnotes":""},"class_list":["post-5584","page","type-page","status-publish","hentry"],"aioseo_notices":[],"_links":{"self":[{"href":"https:\/\/www.sklaznebohdanec.cz\/fotbal\/wp-json\/wp\/v2\/pages\/5584","targetHints":{"allow":["GET"]}}],"collection":[{"href":"https:\/\/www.sklaznebohdanec.cz\/fotbal\/wp-json\/wp\/v2\/pages"}],"about":[{"href":"https:\/\/www.sklaznebohdanec.cz\/fotbal\/wp-json\/wp\/v2\/types\/page"}],"author":[{"embeddable":true,"href":"https:\/\/www.sklaznebohdanec.cz\/fotbal\/wp-json\/wp\/v2\/users\/13"}],"replies":[{"embeddable":true,"href":"https:\/\/www.sklaznebohdanec.cz\/fotbal\/wp-json\/wp\/v2\/comments?post=5584"}],"version-history":[{"count":67,"href":"https:\/\/www.sklaznebohdanec.cz\/fotbal\/wp-json\/wp\/v2\/pages\/5584\/revisions"}],"predecessor-version":[{"id":11587,"href":"https:\/\/www.sklaznebohdanec.cz\/fotbal\/wp-json\/wp\/v2\/pages\/5584\/revisions\/11587"}],"wp:attachment":[{"href":"https:\/\/www.sklaznebohdanec.cz\/fotbal\/wp-json\/wp\/v2\/media?parent=5584"}],"curies":[{"name":"wp","href":"https:\/\/api.w.org\/{rel}","templated":true}]}}