{"id":6014,"date":"2015-06-14T15:39:31","date_gmt":"2015-06-14T13:39:31","guid":{"rendered":"http:\/\/www.sklaznebohdanec.cz\/fotbal\/?page_id=6014"},"modified":"2017-09-02T11:36:06","modified_gmt":"2017-09-02T09:36:06","slug":"20142015-3","status":"publish","type":"page","link":"https:\/\/www.sklaznebohdanec.cz\/fotbal\/20142015-3\/","title":{"rendered":"2014\/2015"},"content":{"rendered":"<table class=\" alignleft\" width=\"406\">\n<tbody>\n<tr>\n<td colspan=\"9\" width=\"406\"><span style=\"font-size: 8pt;\"><strong><span style=\"color: #000000;\">\u00a0\u00a0TABULKA<\/span><\/strong><\/span><\/td>\n<\/tr>\n<tr>\n<td width=\"26\"><span style=\"font-size: 8pt; color: #000000;\">Rk.<\/span><\/td>\n<td width=\"115\"><span style=\"font-size: 8pt; color: #000000;\">T\u00fdm<\/span><\/td>\n<td width=\"33\"><span style=\"font-size: 8pt; color: #000000;\">Z\u00e1p<\/span><\/td>\n<td width=\"33\"><span style=\"font-size: 8pt; color: #000000;\">+<\/span><\/td>\n<td width=\"33\"><span style=\"font-size: 8pt; color: #000000;\">0<\/span><\/td>\n<td width=\"33\"><span style=\"font-size: 8pt; color: #000000;\">&#8211;<\/span><\/td>\n<td width=\"54\"><span style=\"font-size: 8pt; color: #000000;\">Sk\u00f3re<\/span><\/td>\n<td width=\"37\"><span style=\"font-size: 8pt; color: #000000;\">Body<\/span><\/td>\n<td width=\"42\"><span style=\"font-size: 8pt; color: #000000;\">(Prav)<\/span><\/td>\n<\/tr>\n<tr>\n<td width=\"26\"><span style=\"font-size: 8pt; color: #000000;\">1.<\/span><\/td>\n<td width=\"115\"><span style=\"font-size: 8pt; color: #000000;\">Choltice A<\/span><\/td>\n<td width=\"33\"><span style=\"font-size: 8pt; color: #000000;\">26<\/span><\/td>\n<td width=\"33\"><span style=\"font-size: 8pt; color: #000000;\">16<\/span><\/td>\n<td width=\"33\"><span style=\"font-size: 8pt; color: #000000;\">5<\/span><\/td>\n<td width=\"33\"><span style=\"font-size: 8pt; color: #000000;\">5<\/span><\/td>\n<td width=\"54\"><span style=\"font-size: 8pt; color: #000000;\">57:29<\/span><\/td>\n<td width=\"37\"><span style=\"font-size: 8pt; color: #000000;\">53<\/span><\/td>\n<td width=\"42\"><span style=\"font-size: 8pt; color: #000000;\">-14<\/span><\/td>\n<\/tr>\n<tr>\n<td width=\"26\"><span style=\"font-size: 8pt; color: #000000;\">2.<\/span><\/td>\n<td width=\"115\"><span style=\"font-size: 8pt; color: #000000;\">H. \u0158edice A<\/span><\/td>\n<td width=\"33\"><span style=\"font-size: 8pt; color: #000000;\">26<\/span><\/td>\n<td width=\"33\"><span style=\"font-size: 8pt; color: #000000;\">14<\/span><\/td>\n<td width=\"33\"><span style=\"font-size: 8pt; color: #000000;\">5<\/span><\/td>\n<td width=\"33\"><span style=\"font-size: 8pt; color: #000000;\">7<\/span><\/td>\n<td width=\"54\"><span style=\"font-size: 8pt; color: #000000;\">69:44<\/span><\/td>\n<td width=\"37\"><span style=\"font-size: 8pt; color: #000000;\">47<\/span><\/td>\n<td width=\"42\"><span style=\"font-size: 8pt; color: #000000;\">-8<\/span><\/td>\n<\/tr>\n<tr>\n<td width=\"26\"><span style=\"font-size: 8pt; color: #000000;\">3.<\/span><\/td>\n<td width=\"115\"><span style=\"font-size: 8pt; color: #000000;\">Da\u0161ice A<\/span><\/td>\n<td width=\"33\"><span style=\"font-size: 8pt; color: #000000;\">26<\/span><\/td>\n<td width=\"33\"><span style=\"font-size: 8pt; color: #000000;\">14<\/span><\/td>\n<td width=\"33\"><span style=\"font-size: 8pt; color: #000000;\">1<\/span><\/td>\n<td width=\"33\"><span style=\"font-size: 8pt; color: #000000;\">11<\/span><\/td>\n<td width=\"54\"><span style=\"font-size: 8pt; color: #000000;\">59:45<\/span><\/td>\n<td width=\"37\"><span style=\"font-size: 8pt; color: #000000;\">43<\/span><\/td>\n<td width=\"42\"><span style=\"font-size: 8pt; color: #000000;\">-4<\/span><\/td>\n<\/tr>\n<tr>\n<td width=\"26\"><span style=\"font-size: 8pt; color: #000000;\">4.<\/span><\/td>\n<td width=\"115\"><span style=\"font-size: 8pt; color: #000000;\">Nemo\u0161ice A<\/span><\/td>\n<td width=\"33\"><span style=\"font-size: 8pt; color: #000000;\">26<\/span><\/td>\n<td width=\"33\"><span style=\"font-size: 8pt; color: #000000;\">14<\/span><\/td>\n<td width=\"33\"><span style=\"font-size: 8pt; color: #000000;\">1<\/span><\/td>\n<td width=\"33\"><span style=\"font-size: 8pt; color: #000000;\">11<\/span><\/td>\n<td width=\"54\"><span style=\"font-size: 8pt; color: #000000;\">84:45<\/span><\/td>\n<td width=\"37\"><span style=\"font-size: 8pt; color: #000000;\">43<\/span><\/td>\n<td width=\"42\"><span style=\"font-size: 8pt; color: #000000;\">-4<\/span><\/td>\n<\/tr>\n<tr>\n<td width=\"26\"><span style=\"font-size: 8pt; color: #000000;\">5.<\/span><\/td>\n<td width=\"115\"><span style=\"font-size: 8pt; color: #000000;\">D\u0159\u00edte\u010d A<\/span><\/td>\n<td width=\"33\"><span style=\"font-size: 8pt; color: #000000;\">26<\/span><\/td>\n<td width=\"33\"><span style=\"font-size: 8pt; color: #000000;\">12<\/span><\/td>\n<td width=\"33\"><span style=\"font-size: 8pt; color: #000000;\">5<\/span><\/td>\n<td width=\"33\"><span style=\"font-size: 8pt; color: #000000;\">9<\/span><\/td>\n<td width=\"54\"><span style=\"font-size: 8pt; color: #000000;\">51:56<\/span><\/td>\n<td width=\"37\"><span style=\"font-size: 8pt; color: #000000;\">41<\/span><\/td>\n<td width=\"42\"><span style=\"font-size: 8pt; color: #000000;\">-2<\/span><\/td>\n<\/tr>\n<tr>\n<td width=\"26\"><span style=\"font-size: 8pt; color: #000000;\">6.<\/span><\/td>\n<td width=\"115\"><span style=\"font-size: 8pt; color: #000000;\">P\u0159elou\u010d B<\/span><\/td>\n<td width=\"33\"><span style=\"font-size: 8pt; color: #000000;\">26<\/span><\/td>\n<td width=\"33\"><span style=\"font-size: 8pt; color: #000000;\">12<\/span><\/td>\n<td width=\"33\"><span style=\"font-size: 8pt; color: #000000;\">4<\/span><\/td>\n<td width=\"33\"><span style=\"font-size: 8pt; color: #000000;\">10<\/span><\/td>\n<td width=\"54\"><span style=\"font-size: 8pt; color: #000000;\">54:46<\/span><\/td>\n<td width=\"37\"><span style=\"font-size: 8pt; color: #000000;\">40<\/span><\/td>\n<td width=\"42\"><span style=\"font-size: 8pt; color: #000000;\">-1<\/span><\/td>\n<\/tr>\n<tr>\n<td width=\"26\"><span style=\"font-size: 8pt; color: #000000;\">7.<\/span><\/td>\n<td width=\"115\"><span style=\"font-size: 8pt; color: #000000;\">K\u0159i\u010de\u0148 A<\/span><\/td>\n<td width=\"33\"><span style=\"font-size: 8pt; color: #000000;\">26<\/span><\/td>\n<td width=\"33\"><span style=\"font-size: 8pt; color: #000000;\">11<\/span><\/td>\n<td width=\"33\"><span style=\"font-size: 8pt; color: #000000;\">5<\/span><\/td>\n<td width=\"33\"><span style=\"font-size: 8pt; color: #000000;\">10<\/span><\/td>\n<td width=\"54\"><span style=\"font-size: 8pt; color: #000000;\">55:48<\/span><\/td>\n<td width=\"37\"><span style=\"font-size: 8pt; color: #000000;\">38<\/span><\/td>\n<td width=\"42\"><span style=\"font-size: 8pt; color: #000000;\">( -1)<\/span><\/td>\n<\/tr>\n<tr>\n<td width=\"26\"><span style=\"font-size: 8pt; color: #000000;\">8.<\/span><\/td>\n<td width=\"115\"><span style=\"font-size: 8pt; color: #000000;\">Opatovice n. L. A<\/span><\/td>\n<td width=\"33\"><span style=\"font-size: 8pt; color: #000000;\">26<\/span><\/td>\n<td width=\"33\"><span style=\"font-size: 8pt; color: #000000;\">9<\/span><\/td>\n<td width=\"33\"><span style=\"font-size: 8pt; color: #000000;\">8<\/span><\/td>\n<td width=\"33\"><span style=\"font-size: 8pt; color: #000000;\">9<\/span><\/td>\n<td width=\"54\"><span style=\"font-size: 8pt; color: #000000;\">53:50<\/span><\/td>\n<td width=\"37\"><span style=\"font-size: 8pt; color: #000000;\">35<\/span><\/td>\n<td width=\"42\"><span style=\"font-size: 8pt; color: #000000;\">( -4)<\/span><\/td>\n<\/tr>\n<tr>\n<td width=\"26\"><span style=\"font-size: 8pt; color: #000000;\">9.<\/span><\/td>\n<td width=\"115\"><span style=\"font-size: 8pt; color: #000000;\">Rove\u0148 A<\/span><\/td>\n<td width=\"33\"><span style=\"font-size: 8pt; color: #000000;\">26<\/span><\/td>\n<td width=\"33\"><span style=\"font-size: 8pt; color: #000000;\">11<\/span><\/td>\n<td width=\"33\"><span style=\"font-size: 8pt; color: #000000;\">2<\/span><\/td>\n<td width=\"33\"><span style=\"font-size: 8pt; color: #000000;\">13<\/span><\/td>\n<td width=\"54\"><span style=\"font-size: 8pt; color: #000000;\">42:52<\/span><\/td>\n<td width=\"37\"><span style=\"font-size: 8pt; color: #000000;\">35<\/span><\/td>\n<td width=\"42\"><span style=\"font-size: 8pt; color: #000000;\">( -4)<\/span><\/td>\n<\/tr>\n<tr>\n<td width=\"26\"><span style=\"font-size: 8pt; color: #000000;\">10.<\/span><\/td>\n<td width=\"115\"><span style=\"font-size: 8pt; color: #000000;\">Holice B<\/span><\/td>\n<td width=\"33\"><span style=\"font-size: 8pt; color: #000000;\">26<\/span><\/td>\n<td width=\"33\"><span style=\"font-size: 8pt; color: #000000;\">10<\/span><\/td>\n<td width=\"33\"><span style=\"font-size: 8pt; color: #000000;\">1<\/span><\/td>\n<td width=\"33\"><span style=\"font-size: 8pt; color: #000000;\">15<\/span><\/td>\n<td width=\"54\"><span style=\"font-size: 8pt; color: #000000;\">57:68<\/span><\/td>\n<td width=\"37\"><span style=\"font-size: 8pt; color: #000000;\">31<\/span><\/td>\n<td width=\"42\"><span style=\"font-size: 8pt; color: #000000;\">( -8)<\/span><\/td>\n<\/tr>\n<tr>\n<td width=\"26\"><span style=\"font-size: 8pt; color: #000000;\">11.<\/span><\/td>\n<td width=\"115\"><span style=\"font-size: 8pt; color: #000000;\">L. Bohdane\u010d<\/span><\/td>\n<td width=\"33\"><span style=\"font-size: 8pt; color: #000000;\">26<\/span><\/td>\n<td width=\"33\"><span style=\"font-size: 8pt; color: #000000;\">8<\/span><\/td>\n<td width=\"33\"><span style=\"font-size: 8pt; color: #000000;\">7<\/span><\/td>\n<td width=\"33\"><span style=\"font-size: 8pt; color: #000000;\">11<\/span><\/td>\n<td width=\"54\"><span style=\"font-size: 8pt; color: #000000;\">45:71<\/span><\/td>\n<td width=\"37\"><span style=\"font-size: 8pt; color: #000000;\">31<\/span><\/td>\n<td width=\"42\"><span style=\"font-size: 8pt; color: #000000;\">( -8)<\/span><\/td>\n<\/tr>\n<tr>\n<td width=\"26\"><span style=\"font-size: 8pt; color: #000000;\">12.<\/span><\/td>\n<td width=\"115\"><span style=\"font-size: 8pt; color: #000000;\">Valy<\/span><\/td>\n<td width=\"33\"><span style=\"font-size: 8pt; color: #000000;\">26<\/span><\/td>\n<td width=\"33\"><span style=\"font-size: 8pt; color: #000000;\">9<\/span><\/td>\n<td width=\"33\"><span style=\"font-size: 8pt; color: #000000;\">4<\/span><\/td>\n<td width=\"33\"><span style=\"font-size: 8pt; color: #000000;\">13<\/span><\/td>\n<td width=\"54\"><span style=\"font-size: 8pt; color: #000000;\">54:62<\/span><\/td>\n<td width=\"37\"><span style=\"font-size: 8pt; color: #000000;\">31<\/span><\/td>\n<td width=\"42\"><span style=\"font-size: 8pt; color: #000000;\">( -8)<\/span><\/td>\n<\/tr>\n<tr>\n<td width=\"26\"><span style=\"font-size: 8pt; color: #000000;\">13.<\/span><\/td>\n<td width=\"115\"><span style=\"font-size: 8pt; color: #000000;\">Srch B<\/span><\/td>\n<td width=\"33\"><span style=\"font-size: 8pt; color: #000000;\">26<\/span><\/td>\n<td width=\"33\"><span style=\"font-size: 8pt; color: #000000;\">8<\/span><\/td>\n<td width=\"33\"><span style=\"font-size: 8pt; color: #000000;\">4<\/span><\/td>\n<td width=\"33\"><span style=\"font-size: 8pt; color: #000000;\">14<\/span><\/td>\n<td width=\"54\"><span style=\"font-size: 8pt; color: #000000;\">35:63<\/span><\/td>\n<td width=\"37\"><span style=\"font-size: 8pt; color: #000000;\">28<\/span><\/td>\n<td width=\"42\"><span style=\"font-size: 8pt; color: #000000;\">(-11)<\/span><\/td>\n<\/tr>\n<tr>\n<td width=\"26\"><span style=\"font-size: 8pt; color: #000000;\">14.<\/span><\/td>\n<td width=\"115\"><span style=\"font-size: 8pt; color: #000000;\">P\u0159elovice A<\/span><\/td>\n<td width=\"33\"><span style=\"font-size: 8pt; color: #000000;\">26<\/span><\/td>\n<td width=\"33\"><span style=\"font-size: 8pt; color: #000000;\">7<\/span><\/td>\n<td width=\"33\"><span style=\"font-size: 8pt; color: #000000;\">2<\/span><\/td>\n<td width=\"33\"><span style=\"font-size: 8pt; color: #000000;\">17<\/span><\/td>\n<td width=\"54\"><span style=\"font-size: 8pt; color: #000000;\">39:75<\/span><\/td>\n<td width=\"37\"><span style=\"font-size: 8pt; color: #000000;\">23<\/span><\/td>\n<td width=\"42\"><span style=\"font-size: 8pt; color: #000000;\">(-16)<\/span><\/td>\n<\/tr>\n<\/tbody>\n<\/table>\n","protected":false},"excerpt":{"rendered":"<p>\u00a0\u00a0TABULKA Rk. T\u00fdm Z\u00e1p + 0 &#8211; Sk\u00f3re Body (Prav) 1. Choltice A 26 16 5 5 57:29 53 -14 2. H. \u0158edice A 26 14 5 7 69:44 47 -8 3. Da\u0161ice A 26 14 1 11 59:45 43 -4 4. Nemo\u0161ice A 26 14 1 11 84:45 43 \u2026 <a class=\"continue-reading-link\" href=\"https:\/\/www.sklaznebohdanec.cz\/fotbal\/20142015-3\/\">Pokra\u010dov\u00e1n\u00ed zde&#8230;. <span class=\"meta-nav\">&rarr; <\/span><\/a><\/p>\n","protected":false},"author":13,"featured_media":0,"parent":0,"menu_order":0,"comment_status":"open","ping_status":"closed","template":"","meta":{"_mc_calendar":[],"footnotes":""},"class_list":["post-6014","page","type-page","status-publish","hentry"],"aioseo_notices":[],"_links":{"self":[{"href":"https:\/\/www.sklaznebohdanec.cz\/fotbal\/wp-json\/wp\/v2\/pages\/6014","targetHints":{"allow":["GET"]}}],"collection":[{"href":"https:\/\/www.sklaznebohdanec.cz\/fotbal\/wp-json\/wp\/v2\/pages"}],"about":[{"href":"https:\/\/www.sklaznebohdanec.cz\/fotbal\/wp-json\/wp\/v2\/types\/page"}],"author":[{"embeddable":true,"href":"https:\/\/www.sklaznebohdanec.cz\/fotbal\/wp-json\/wp\/v2\/users\/13"}],"replies":[{"embeddable":true,"href":"https:\/\/www.sklaznebohdanec.cz\/fotbal\/wp-json\/wp\/v2\/comments?post=6014"}],"version-history":[{"count":5,"href":"https:\/\/www.sklaznebohdanec.cz\/fotbal\/wp-json\/wp\/v2\/pages\/6014\/revisions"}],"predecessor-version":[{"id":8399,"href":"https:\/\/www.sklaznebohdanec.cz\/fotbal\/wp-json\/wp\/v2\/pages\/6014\/revisions\/8399"}],"wp:attachment":[{"href":"https:\/\/www.sklaznebohdanec.cz\/fotbal\/wp-json\/wp\/v2\/media?parent=6014"}],"curies":[{"name":"wp","href":"https:\/\/api.w.org\/{rel}","templated":true}]}}