{"id":7308,"date":"2016-07-16T16:35:41","date_gmt":"2016-07-16T14:35:41","guid":{"rendered":"http:\/\/www.sklaznebohdanec.cz\/fotbal\/?page_id=7308"},"modified":"2017-09-02T11:40:51","modified_gmt":"2017-09-02T09:40:51","slug":"20152016-2","status":"publish","type":"page","link":"https:\/\/www.sklaznebohdanec.cz\/fotbal\/20152016-2\/","title":{"rendered":"2015\/2016"},"content":{"rendered":"<div class=\"col combine f-left\">\n<h3 class=\"h3\"><span style=\"font-size: 8pt;\"><strong><span style=\"color: #000000;\">Celkem<\/span><\/strong><\/span><\/h3>\n<table id=\"tsorter-tournament-table-2\" class=\"table\">\n<thead>\n<tr>\n<th data-tsorter=\"numeric\"><span style=\"color: #000000; font-size: 8pt;\">#<\/span><\/th>\n<th><span style=\"color: #000000; font-size: 8pt;\">KLUB<\/span><\/th>\n<th class=\"txt-c\" data-tsorter=\"numeric\"><span style=\"color: #000000; font-size: 8pt;\">Z<\/span><\/th>\n<th class=\"txt-c\" data-tsorter=\"numeric\"><span style=\"color: #000000; font-size: 8pt;\">V<\/span><\/th>\n<th class=\"txt-c\" data-tsorter=\"numeric\"><span style=\"color: #000000; font-size: 8pt;\">R<\/span><\/th>\n<th class=\"txt-c\" data-tsorter=\"numeric\"><span style=\"color: #000000; font-size: 8pt;\">P<\/span><\/th>\n<th class=\"txt-c\" data-tsorter=\"numeric\"><span style=\"color: #000000; font-size: 8pt;\">S<\/span><\/th>\n<th class=\"txt-c\" data-tsorter=\"numeric\"><span style=\"color: #000000; font-size: 8pt;\">B<\/span><\/th>\n<th class=\"txt-c\" data-tsorter=\"numeric\"><span style=\"color: #000000; font-size: 8pt;\">P+<\/span><\/th>\n<th class=\"txt-c\" data-tsorter=\"numeric\"><span style=\"color: #000000; font-size: 8pt;\">P-<\/span><\/th>\n<\/tr>\n<\/thead>\n<tbody>\n<tr>\n<td><span style=\"color: #000000; font-size: 8pt;\">1.<\/span><\/td>\n<td><span style=\"color: #000000; font-size: 8pt;\">Srch A<\/span><\/td>\n<td class=\"txt-c\"><span style=\"color: #000000; font-size: 8pt;\">26<\/span><\/td>\n<td class=\"txt-c\"><span style=\"color: #000000; font-size: 8pt;\">20<\/span><\/td>\n<td class=\"txt-c\"><span style=\"color: #000000; font-size: 8pt;\">1<\/span><\/td>\n<td class=\"txt-c\"><span style=\"color: #000000; font-size: 8pt;\">5<\/span><\/td>\n<td class=\"txt-c\"><span style=\"color: #000000; font-size: 8pt;\">106:38<\/span><\/td>\n<td class=\"txt-c\"><span style=\"color: #000000; font-size: 8pt;\">61<\/span><\/td>\n<td class=\"txt-c\"><span style=\"color: #000000; font-size: 8pt;\">0<\/span><\/td>\n<td class=\"txt-c\"><span style=\"color: #000000; font-size: 8pt;\">0<\/span><\/td>\n<\/tr>\n<tr>\n<td><span style=\"color: #000000; font-size: 8pt;\">2.<\/span><\/td>\n<td><span style=\"color: #000000; font-size: 8pt;\">L. Bohdane\u010d<\/span><\/td>\n<td class=\"txt-c\"><span style=\"color: #000000; font-size: 8pt;\">26<\/span><\/td>\n<td class=\"txt-c\"><span style=\"color: #000000; font-size: 8pt;\">18<\/span><\/td>\n<td class=\"txt-c\"><span style=\"color: #000000; font-size: 8pt;\">3<\/span><\/td>\n<td class=\"txt-c\"><span style=\"color: #000000; font-size: 8pt;\">5<\/span><\/td>\n<td class=\"txt-c\"><span style=\"color: #000000; font-size: 8pt;\">73:34<\/span><\/td>\n<td class=\"txt-c\"><span style=\"color: #000000; font-size: 8pt;\">57<\/span><\/td>\n<td class=\"txt-c\"><span style=\"color: #000000; font-size: 8pt;\">0<\/span><\/td>\n<td class=\"txt-c\"><span style=\"color: #000000; font-size: 8pt;\">0<\/span><\/td>\n<\/tr>\n<tr>\n<td><span style=\"color: #000000; font-size: 8pt;\">3.<\/span><\/td>\n<td><span style=\"color: #000000; font-size: 8pt;\">Rosice n. L. A<\/span><\/td>\n<td class=\"txt-c\"><span style=\"color: #000000; font-size: 8pt;\">26<\/span><\/td>\n<td class=\"txt-c\"><span style=\"color: #000000; font-size: 8pt;\">17<\/span><\/td>\n<td class=\"txt-c\"><span style=\"color: #000000; font-size: 8pt;\">3<\/span><\/td>\n<td class=\"txt-c\"><span style=\"color: #000000; font-size: 8pt;\">6<\/span><\/td>\n<td class=\"txt-c\"><span style=\"color: #000000; font-size: 8pt;\">68:34<\/span><\/td>\n<td class=\"txt-c\"><span style=\"color: #000000; font-size: 8pt;\">54<\/span><\/td>\n<td class=\"txt-c\"><span style=\"color: #000000; font-size: 8pt;\">0<\/span><\/td>\n<td class=\"txt-c\"><span style=\"color: #000000; font-size: 8pt;\">0<\/span><\/td>\n<\/tr>\n<tr>\n<td><span style=\"color: #000000; font-size: 8pt;\">4.<\/span><\/td>\n<td><span style=\"color: #000000; font-size: 8pt;\">Moravany B<\/span><\/td>\n<td class=\"txt-c\"><span style=\"color: #000000; font-size: 8pt;\">26<\/span><\/td>\n<td class=\"txt-c\"><span style=\"color: #000000; font-size: 8pt;\">15<\/span><\/td>\n<td class=\"txt-c\"><span style=\"color: #000000; font-size: 8pt;\">6<\/span><\/td>\n<td class=\"txt-c\"><span style=\"color: #000000; font-size: 8pt;\">5<\/span><\/td>\n<td class=\"txt-c\"><span style=\"color: #000000; font-size: 8pt;\">71:34<\/span><\/td>\n<td class=\"txt-c\"><span style=\"color: #000000; font-size: 8pt;\">51<\/span><\/td>\n<td class=\"txt-c\"><span style=\"color: #000000; font-size: 8pt;\">0<\/span><\/td>\n<td class=\"txt-c\"><span style=\"color: #000000; font-size: 8pt;\">0<\/span><\/td>\n<\/tr>\n<tr>\n<td><span style=\"color: #000000; font-size: 8pt;\">5.<\/span><\/td>\n<td><span style=\"color: #000000; font-size: 8pt;\">Nemo\u0161ice A<\/span><\/td>\n<td class=\"txt-c\"><span style=\"color: #000000; font-size: 8pt;\">26<\/span><\/td>\n<td class=\"txt-c\"><span style=\"color: #000000; font-size: 8pt;\">13<\/span><\/td>\n<td class=\"txt-c\"><span style=\"color: #000000; font-size: 8pt;\">2<\/span><\/td>\n<td class=\"txt-c\"><span style=\"color: #000000; font-size: 8pt;\">11<\/span><\/td>\n<td class=\"txt-c\"><span style=\"color: #000000; font-size: 8pt;\">55:47<\/span><\/td>\n<td class=\"txt-c\"><span style=\"color: #000000; font-size: 8pt;\">41<\/span><\/td>\n<td class=\"txt-c\"><span style=\"color: #000000; font-size: 8pt;\">0<\/span><\/td>\n<td class=\"txt-c\"><span style=\"color: #000000; font-size: 8pt;\">0<\/span><\/td>\n<\/tr>\n<tr>\n<td><span style=\"color: #000000; font-size: 8pt;\">6.<\/span><\/td>\n<td><span style=\"color: #000000; font-size: 8pt;\">Ost\u0159e\u0161any<\/span><\/td>\n<td class=\"txt-c\"><span style=\"color: #000000; font-size: 8pt;\">26<\/span><\/td>\n<td class=\"txt-c\"><span style=\"color: #000000; font-size: 8pt;\">12<\/span><\/td>\n<td class=\"txt-c\"><span style=\"color: #000000; font-size: 8pt;\">3<\/span><\/td>\n<td class=\"txt-c\"><span style=\"color: #000000; font-size: 8pt;\">11<\/span><\/td>\n<td class=\"txt-c\"><span style=\"color: #000000; font-size: 8pt;\">55:59<\/span><\/td>\n<td class=\"txt-c\"><span style=\"color: #000000; font-size: 8pt;\">39<\/span><\/td>\n<td class=\"txt-c\"><span style=\"color: #000000; font-size: 8pt;\">0<\/span><\/td>\n<td class=\"txt-c\"><span style=\"color: #000000; font-size: 8pt;\">0<\/span><\/td>\n<\/tr>\n<tr>\n<td><span style=\"color: #000000; font-size: 8pt;\">7.<\/span><\/td>\n<td><span style=\"color: #000000; font-size: 8pt;\">Opatovice n. L. A<\/span><\/td>\n<td class=\"txt-c\"><span style=\"color: #000000; font-size: 8pt;\">26<\/span><\/td>\n<td class=\"txt-c\"><span style=\"color: #000000; font-size: 8pt;\">11<\/span><\/td>\n<td class=\"txt-c\"><span style=\"color: #000000; font-size: 8pt;\">3<\/span><\/td>\n<td class=\"txt-c\"><span style=\"color: #000000; font-size: 8pt;\">12<\/span><\/td>\n<td class=\"txt-c\"><span style=\"color: #000000; font-size: 8pt;\">44:52<\/span><\/td>\n<td class=\"txt-c\"><span style=\"color: #000000; font-size: 8pt;\">36<\/span><\/td>\n<td class=\"txt-c\"><span style=\"color: #000000; font-size: 8pt;\">0<\/span><\/td>\n<td class=\"txt-c\"><span style=\"color: #000000; font-size: 8pt;\">0<\/span><\/td>\n<\/tr>\n<tr>\n<td><span style=\"color: #000000; font-size: 8pt;\">8.<\/span><\/td>\n<td><span style=\"color: #000000; font-size: 8pt;\">D\u0159\u00edte\u010d A<\/span><\/td>\n<td class=\"txt-c\"><span style=\"color: #000000; font-size: 8pt;\">26<\/span><\/td>\n<td class=\"txt-c\"><span style=\"color: #000000; font-size: 8pt;\">11<\/span><\/td>\n<td class=\"txt-c\"><span style=\"color: #000000; font-size: 8pt;\">2<\/span><\/td>\n<td class=\"txt-c\"><span style=\"color: #000000; font-size: 8pt;\">13<\/span><\/td>\n<td class=\"txt-c\"><span style=\"color: #000000; font-size: 8pt;\">52:63<\/span><\/td>\n<td class=\"txt-c\"><span style=\"color: #000000; font-size: 8pt;\">35<\/span><\/td>\n<td class=\"txt-c\"><span style=\"color: #000000; font-size: 8pt;\">0<\/span><\/td>\n<td class=\"txt-c\"><span style=\"color: #000000; font-size: 8pt;\">0<\/span><\/td>\n<\/tr>\n<tr>\n<td><span style=\"color: #000000; font-size: 8pt;\">9.<\/span><\/td>\n<td><span style=\"color: #000000; font-size: 8pt;\">Da\u0161ice A<\/span><\/td>\n<td class=\"txt-c\"><span style=\"color: #000000; font-size: 8pt;\">26<\/span><\/td>\n<td class=\"txt-c\"><span style=\"color: #000000; font-size: 8pt;\">10<\/span><\/td>\n<td class=\"txt-c\"><span style=\"color: #000000; font-size: 8pt;\">4<\/span><\/td>\n<td class=\"txt-c\"><span style=\"color: #000000; font-size: 8pt;\">12<\/span><\/td>\n<td class=\"txt-c\"><span style=\"color: #000000; font-size: 8pt;\">48:68<\/span><\/td>\n<td class=\"txt-c\"><span style=\"color: #000000; font-size: 8pt;\">34<\/span><\/td>\n<td class=\"txt-c\"><span style=\"color: #000000; font-size: 8pt;\">0<\/span><\/td>\n<td class=\"txt-c\"><span style=\"color: #000000; font-size: 8pt;\">0<\/span><\/td>\n<\/tr>\n<tr>\n<td><span style=\"color: #000000; font-size: 8pt;\">10.<\/span><\/td>\n<td><span style=\"color: #000000; font-size: 8pt;\">Rove\u0148 A<\/span><\/td>\n<td class=\"txt-c\"><span style=\"color: #000000; font-size: 8pt;\">26<\/span><\/td>\n<td class=\"txt-c\"><span style=\"color: #000000; font-size: 8pt;\">8<\/span><\/td>\n<td class=\"txt-c\"><span style=\"color: #000000; font-size: 8pt;\">3<\/span><\/td>\n<td class=\"txt-c\"><span style=\"color: #000000; font-size: 8pt;\">15<\/span><\/td>\n<td class=\"txt-c\"><span style=\"color: #000000; font-size: 8pt;\">54:74<\/span><\/td>\n<td class=\"txt-c\"><span style=\"color: #000000; font-size: 8pt;\">27<\/span><\/td>\n<td class=\"txt-c\"><span style=\"color: #000000; font-size: 8pt;\">0<\/span><\/td>\n<td class=\"txt-c\"><span style=\"color: #000000; font-size: 8pt;\">0<\/span><\/td>\n<\/tr>\n<tr>\n<td><span style=\"color: #000000; font-size: 8pt;\">11.<\/span><\/td>\n<td><span style=\"color: #000000; font-size: 8pt;\">P\u0159elou\u010d B<\/span><\/td>\n<td class=\"txt-c\"><span style=\"color: #000000; font-size: 8pt;\">26<\/span><\/td>\n<td class=\"txt-c\"><span style=\"color: #000000; font-size: 8pt;\">8<\/span><\/td>\n<td class=\"txt-c\"><span style=\"color: #000000; font-size: 8pt;\">2<\/span><\/td>\n<td class=\"txt-c\"><span style=\"color: #000000; font-size: 8pt;\">16<\/span><\/td>\n<td class=\"txt-c\"><span style=\"color: #000000; font-size: 8pt;\">48:76<\/span><\/td>\n<td class=\"txt-c\"><span style=\"color: #000000; font-size: 8pt;\">26<\/span><\/td>\n<td class=\"txt-c\"><span style=\"color: #000000; font-size: 8pt;\">0<\/span><\/td>\n<td class=\"txt-c\"><span style=\"color: #000000; font-size: 8pt;\">0<\/span><\/td>\n<\/tr>\n<tr>\n<td><span style=\"color: #000000; font-size: 8pt;\">12.<\/span><\/td>\n<td><span style=\"color: #000000; font-size: 8pt;\">\u00dajezd A<\/span><\/td>\n<td class=\"txt-c\"><span style=\"color: #000000; font-size: 8pt;\">26<\/span><\/td>\n<td class=\"txt-c\"><span style=\"color: #000000; font-size: 8pt;\">7<\/span><\/td>\n<td class=\"txt-c\"><span style=\"color: #000000; font-size: 8pt;\">3<\/span><\/td>\n<td class=\"txt-c\"><span style=\"color: #000000; font-size: 8pt;\">16<\/span><\/td>\n<td class=\"txt-c\"><span style=\"color: #000000; font-size: 8pt;\">52:70<\/span><\/td>\n<td class=\"txt-c\"><span style=\"color: #000000; font-size: 8pt;\">24<\/span><\/td>\n<td class=\"txt-c\"><span style=\"color: #000000; font-size: 8pt;\">0<\/span><\/td>\n<td class=\"txt-c\"><span style=\"color: #000000; font-size: 8pt;\">0<\/span><\/td>\n<\/tr>\n<tr>\n<td><span style=\"color: #000000; font-size: 8pt;\">13.<\/span><\/td>\n<td><span style=\"color: #000000; font-size: 8pt;\">K\u0159i\u010de\u0148 A<\/span><\/td>\n<td class=\"txt-c\"><span style=\"color: #000000; font-size: 8pt;\">26<\/span><\/td>\n<td class=\"txt-c\"><span style=\"color: #000000; font-size: 8pt;\">6<\/span><\/td>\n<td class=\"txt-c\"><span style=\"color: #000000; font-size: 8pt;\">6<\/span><\/td>\n<td class=\"txt-c\"><span style=\"color: #000000; font-size: 8pt;\">14<\/span><\/td>\n<td class=\"txt-c\"><span style=\"color: #000000; font-size: 8pt;\">60:61<\/span><\/td>\n<td class=\"txt-c\"><span style=\"color: #000000; font-size: 8pt;\">24<\/span><\/td>\n<td class=\"txt-c\"><span style=\"color: #000000; font-size: 8pt;\">0<\/span><\/td>\n<td class=\"txt-c\"><span style=\"color: #000000; font-size: 8pt;\">0<\/span><\/td>\n<\/tr>\n<tr>\n<td><span style=\"color: #000000; font-size: 8pt;\">14.<\/span><\/td>\n<td><span style=\"color: #000000; font-size: 8pt;\">Holice B<\/span><\/td>\n<td class=\"txt-c\"><span style=\"color: #000000; font-size: 8pt;\">26<\/span><\/td>\n<td class=\"txt-c\"><span style=\"color: #000000; font-size: 8pt;\">5<\/span><\/td>\n<td class=\"txt-c\"><span style=\"color: #000000; font-size: 8pt;\">1<\/span><\/td>\n<td class=\"txt-c\"><span style=\"color: #000000; font-size: 8pt;\">20<\/span><\/td>\n<td class=\"txt-c\"><span style=\"color: #000000; font-size: 8pt;\">48:124<\/span><\/td>\n<td class=\"txt-c\"><span style=\"color: #000000; font-size: 8pt;\">16<\/span><\/td>\n<td class=\"txt-c\"><span style=\"color: #000000; font-size: 8pt;\">0<\/span><\/td>\n<td class=\"txt-c\"><span style=\"color: #000000; font-size: 8pt;\">0<\/span><\/td>\n<\/tr>\n<\/tbody>\n<\/table>\n<p><span style=\"color: #000000; font-size: 8pt;\">\u00a0<\/span><\/p>\n<\/div>\n<div><\/div>\n<div class=\"col combine last\"><span style=\"color: #000000; font-size: 8pt;\"><strong>Pern\u0161tejn Okresn\u00ed P\u0159ebor<\/strong><\/span><\/div>\n<p><span style=\"font-size: 8pt; color: #000000;\"><strong>JARO 2016<\/strong><\/span><\/p>\n<p><span style=\"font-size: 8pt; color: #000000;\">14. KOLO \u00a0 27.3. \u00a0 NED\u011aLE \u00a0 15,00 \u00a0 OPATOVICE A &#8211; SK L.B. 0:3<\/span><\/p>\n<p><span style=\"font-size: 8pt; color: #000000;\"><strong>15. KOLO \u00a0 2.4. \u00a0 SOBOTA \u00a0 16,00 \u00a0 SK L.B. &#8211; SRCH A 2:2<\/strong><\/span><\/p>\n<p><span style=\"font-size: 8pt; color: #000000;\">16. KOLO \u00a0 9.4. \u00a0 SOBOTA \u00a0 16,30 \u00a0 D\u0158\u00cdTE\u010c A &#8211; SK L.B. 2:3<\/span><\/p>\n<p><span style=\"font-size: 8pt; color: #000000;\"><strong>17. KOLO \u00a0 16.4. \u00a0 SOBOTA \u00a0 16,30 \u00a0 SK L.B. &#8211; ROSICE A 1:1<\/strong><\/span><\/p>\n<p><span style=\"font-size: 8pt; color: #000000;\">18. KOLO \u00a0 24.4. \u00a0 NED\u011aLE \u00a0 17,00 \u00a0 OST\u0158E\u0160ANY &#8211; SK L.B. 3:1<\/span><\/p>\n<p><span style=\"font-size: 8pt; color: #000000;\"><strong>19. KOLO \u00a0 1.5. \u00a0 NED\u011aLE \u00a0 17,00 \u00a0 SK L.B. &#8211; P\u0158ELOU\u010c B 4:0<\/strong><\/span><\/p>\n<p><span style=\"font-size: 8pt; color: #000000;\">20. KOLO \u00a0 7.5. \u00a0 SOBOTA \u00a0 17,00 \u00a0 DA\u0160ICE A &#8211; SK L.B. 1:5<\/span><\/p>\n<p><span style=\"font-size: 8pt; color: #000000;\"><strong>21. KOLO \u00a0 14.5. \u00a0 SOBOTA \u00a0 17,00 \u00a0 SK L.B. &#8211; NEMO\u0160ICE A 3:2<\/strong><\/span><\/p>\n<p><span style=\"font-size: 8pt; color: #000000;\">22. KOLO \u00a0 22.5. \u00a0 NED\u011aLE\u00a0 \u00a017,00 \u00a0 MORAVANY B &#8211; SK L.B. 0:0<\/span><\/p>\n<p><span style=\"font-size: 8pt; color: #000000;\"><strong>23. KOLO \u00a0 29.5. \u00a0 NED\u011aLE \u00a0 17,00 \u00a0 SK L.B. &#8211; HOLICE B 7:0<\/strong><\/span><\/p>\n<p><span style=\"font-size: 8pt; color: #000000;\">24. KOLO \u00a0 4.6. \u00a0 SOBOTA \u00a0 17,00 \u00a0 K\u0158I\u010cE\u0147 A &#8211; SK L.B. 4:1<\/span><\/p>\n<p><span style=\"font-size: 8pt; color: #000000;\">25. KOLO \u00a0 11.6. \u00a0 \u00a0SOBOTA \u00a0 17,00 \u00a0 ROVE\u0147 A &#8211; SK L.B. 2:1<\/span><\/p>\n<p><span style=\"font-size: 8pt; color: #000000;\"><strong>26. KOLO \u00a0 18.6. \u00a0 SOBOTA \u00a0 17,00 \u00a0 SK L.B. &#8211; \u00daJEZD A 8:3<\/strong><\/span><\/p>\n<p><span style=\"font-size: 8pt; color: #000000;\"><strong>\u00a0 \u00a0<\/strong><\/span><\/p>\n<p>&nbsp;<\/p>\n<p>&nbsp;<\/p>\n<table style=\"height: 378px;\" width=\"987\">\n<tbody>\n<tr>\n<td colspan=\"5\" width=\"423\"><span style=\"font-size: 8pt; color: #000000;\"><strong>PODZIM 2015<\/strong><\/span><\/td>\n<\/tr>\n<tr>\n<td><span style=\"font-size: 8pt; color: #000000;\">2. KOLO<\/span><\/td>\n<td><span style=\"font-size: 8pt; color: #000000;\">15.8.<\/span><\/td>\n<td><span style=\"font-size: 8pt; color: #000000;\">SOBOTA<\/span><\/td>\n<td><span style=\"font-size: 8pt; color: #000000;\">17,00<\/span><\/td>\n<td><span style=\"font-size: 8pt; color: #000000;\">SRCH A &#8211; SK L.B. 3:2<\/span><\/td>\n<\/tr>\n<tr>\n<td><span style=\"font-size: 8pt; color: #000000;\"><strong>3. KOLO<\/strong><\/span><\/td>\n<td><span style=\"font-size: 8pt; color: #000000;\"><strong>22.8.<\/strong><\/span><\/td>\n<td><span style=\"font-size: 8pt; color: #000000;\"><strong>SOBOTA<\/strong><\/span><\/td>\n<td><span style=\"font-size: 8pt; color: #000000;\"><strong>17,00<\/strong><\/span><\/td>\n<td><span style=\"font-size: 8pt; color: #000000;\"><strong>SK L.B. &#8211; D\u0158\u00cdTE\u010c A 3:1<\/strong><\/span><\/td>\n<\/tr>\n<tr>\n<td><span style=\"font-size: 8pt; color: #000000;\">4. KOLO<\/span><\/td>\n<td><span style=\"font-size: 8pt; color: #000000;\">29.8.<\/span><\/td>\n<td><span style=\"font-size: 8pt; color: #000000;\">SOBOTA<\/span><\/td>\n<td><span style=\"font-size: 8pt; color: #000000;\">17,00<\/span><\/td>\n<td><span style=\"font-size: 8pt; color: #000000;\">ROSICE A &#8211; SK L.B. 2:3<\/span><\/td>\n<\/tr>\n<tr>\n<td><span style=\"font-size: 8pt; color: #000000;\"><strong>5. KOLO<\/strong><\/span><\/td>\n<td><span style=\"font-size: 8pt; color: #000000;\"><strong>5.9.<\/strong><\/span><\/td>\n<td><span style=\"font-size: 8pt; color: #000000;\"><strong>SOBOTA<\/strong><\/span><\/td>\n<td><span style=\"font-size: 8pt; color: #000000;\"><strong>17,00<\/strong><\/span><\/td>\n<td><span style=\"font-size: 8pt; color: #000000;\"><strong>SK L.B. &#8211; OST\u0158E\u0160ANY 2:1<\/strong><\/span><\/td>\n<\/tr>\n<tr>\n<td><span style=\"font-size: 8pt; color: #000000;\">6. KOLO<\/span><\/td>\n<td><span style=\"font-size: 8pt; color: #000000;\">13.9.<\/span><\/td>\n<td><span style=\"font-size: 8pt; color: #000000;\">NED\u011aLE<\/span><\/td>\n<td><span style=\"font-size: 8pt; color: #000000;\">17,00<\/span><\/td>\n<td><span style=\"font-size: 8pt; color: #000000;\">P\u0158ELOU\u010c B &#8211; SK L.B. 3:4<\/span><\/td>\n<\/tr>\n<tr>\n<td><span style=\"font-size: 8pt; color: #000000;\"><strong>7. KOLO<\/strong><\/span><\/td>\n<td><span style=\"font-size: 8pt; color: #000000;\"><strong>19.9.<\/strong><\/span><\/td>\n<td><span style=\"font-size: 8pt; color: #000000;\"><strong>SOBOTA<\/strong><\/span><\/td>\n<td><span style=\"font-size: 8pt; color: #000000;\"><strong>16,30<\/strong><\/span><\/td>\n<td><span style=\"font-size: 8pt; color: #000000;\"><strong>SK L.B. &#8211; DA\u0160ICE A 7:0<\/strong><\/span><\/td>\n<\/tr>\n<tr>\n<td><span style=\"font-size: 8pt; color: #000000;\">8. KOLO<\/span><\/td>\n<td><span style=\"font-size: 8pt; color: #000000;\">26.9.<\/span><\/td>\n<td><span style=\"font-size: 8pt; color: #000000;\">SOBOTA<\/span><\/td>\n<td><span style=\"font-size: 8pt; color: #000000;\">16,30<\/span><\/td>\n<td><span style=\"font-size: 8pt; color: #000000;\">NEMO\u0160ICE A &#8211; SK L.B. 1:3<\/span><\/td>\n<\/tr>\n<tr>\n<td><span style=\"font-size: 8pt; color: #000000;\"><strong>9. KOLO<\/strong><\/span><\/td>\n<td><span style=\"font-size: 8pt; color: #000000;\"><strong>4.10.<\/strong><\/span><\/td>\n<td><span style=\"font-size: 8pt; color: #000000;\"><strong>NED\u011aLE<\/strong><\/span><\/td>\n<td><span style=\"font-size: 8pt; color: #000000;\"><strong>10,15<\/strong><\/span><\/td>\n<td><span style=\"font-size: 8pt; color: #000000;\"><strong>SK L.B. &#8211; MORAVANY B 2:0<\/strong><\/span><\/td>\n<\/tr>\n<tr>\n<td><span style=\"font-size: 8pt; color: #000000;\">10. KOLO<\/span><\/td>\n<td><span style=\"font-size: 8pt; color: #000000;\">11.10.<\/span><\/td>\n<td><span style=\"font-size: 8pt; color: #000000;\">NED\u011aLE<\/span><\/td>\n<td><span style=\"font-size: 8pt; color: #000000;\">16,00<\/span><\/td>\n<td><span style=\"font-size: 8pt; color: #000000;\">HOLICE B &#8211; SK L.B. 1:4<\/span><\/td>\n<\/tr>\n<tr>\n<td><span style=\"font-size: 8pt; color: #000000;\"><strong>11. KOLO<\/strong><\/span><\/td>\n<td><span style=\"font-size: 8pt; color: #000000;\"><strong>17.10.<\/strong><\/span><\/td>\n<td><span style=\"font-size: 8pt; color: #000000;\"><strong>SOBOTA<\/strong><\/span><\/td>\n<td><span style=\"font-size: 8pt; color: #000000;\"><strong>14,30<\/strong><\/span><\/td>\n<td><span style=\"font-size: 8pt; color: #000000;\"><strong>SK L.B. &#8211; K\u0158I\u010cE\u0147 A 1:0<\/strong><\/span><\/td>\n<\/tr>\n<tr>\n<td><span style=\"font-size: 8pt; color: #000000;\"><strong>12. KOLO<\/strong><\/span><\/td>\n<td><span style=\"font-size: 8pt; color: #000000;\"><strong>24.10.<\/strong><\/span><\/td>\n<td><span style=\"font-size: 8pt; color: #000000;\"><strong>SOBOTA<\/strong><\/span><\/td>\n<td><span style=\"font-size: 8pt; color: #000000;\"><strong>14,00<\/strong><\/span><\/td>\n<td><span style=\"font-size: 8pt; color: #000000;\"><strong>SK L.B. &#8211; ROVE\u0147 A 1:0<\/strong><\/span><\/td>\n<\/tr>\n<tr>\n<td><span style=\"font-size: 8pt; color: #000000;\">13. KOLO<\/span><\/td>\n<td><span style=\"font-size: 8pt; color: #000000;\">31.10.<\/span><\/td>\n<td><span style=\"font-size: 8pt; color: #000000;\">SOBOTA<\/span><\/td>\n<td><span style=\"font-size: 8pt; color: #000000;\">14,00<\/span><\/td>\n<td><span style=\"font-size: 8pt; color: #000000;\">\u00daJEZD A &#8211; SK L.B. 1:0<\/span><\/td>\n<\/tr>\n<tr>\n<td><span style=\"font-size: 8pt; color: #000000;\"><strong>1. KOLO<\/strong><\/span><\/td>\n<td><span style=\"font-size: 8pt; color: #000000;\"><strong>7.11.<\/strong><\/span><\/td>\n<td><span style=\"font-size: 8pt; color: #000000;\"><strong>SOBOTA<\/strong><\/span><\/td>\n<td><span style=\"font-size: 8pt; color: #000000;\"><strong>14,00<\/strong><\/span><\/td>\n<td><span style=\"font-size: 8pt; color: #000000;\"><strong>SK L.B. &#8211; OPATOVICE A 2:1<\/strong><\/span><\/td>\n<\/tr>\n<\/tbody>\n<\/table>\n","protected":false},"excerpt":{"rendered":"<p>Celkem # KLUB Z V R P S B P+ P- 1. Srch A 26 20 1 5 106:38 61 0 0 2. L. Bohdane\u010d 26 18 3 5 73:34 57 0 0 3. Rosice n. L. A 26 17 3 6 68:34 54 0 0 4. Moravany B 26 \u2026 <a class=\"continue-reading-link\" href=\"https:\/\/www.sklaznebohdanec.cz\/fotbal\/20152016-2\/\">Pokra\u010dov\u00e1n\u00ed zde&#8230;. <span class=\"meta-nav\">&rarr; <\/span><\/a><\/p>\n","protected":false},"author":13,"featured_media":0,"parent":0,"menu_order":0,"comment_status":"closed","ping_status":"closed","template":"","meta":{"_mc_calendar":[],"footnotes":""},"class_list":["post-7308","page","type-page","status-publish","hentry"],"aioseo_notices":[],"_links":{"self":[{"href":"https:\/\/www.sklaznebohdanec.cz\/fotbal\/wp-json\/wp\/v2\/pages\/7308","targetHints":{"allow":["GET"]}}],"collection":[{"href":"https:\/\/www.sklaznebohdanec.cz\/fotbal\/wp-json\/wp\/v2\/pages"}],"about":[{"href":"https:\/\/www.sklaznebohdanec.cz\/fotbal\/wp-json\/wp\/v2\/types\/page"}],"author":[{"embeddable":true,"href":"https:\/\/www.sklaznebohdanec.cz\/fotbal\/wp-json\/wp\/v2\/users\/13"}],"replies":[{"embeddable":true,"href":"https:\/\/www.sklaznebohdanec.cz\/fotbal\/wp-json\/wp\/v2\/comments?post=7308"}],"version-history":[{"count":8,"href":"https:\/\/www.sklaznebohdanec.cz\/fotbal\/wp-json\/wp\/v2\/pages\/7308\/revisions"}],"predecessor-version":[{"id":8401,"href":"https:\/\/www.sklaznebohdanec.cz\/fotbal\/wp-json\/wp\/v2\/pages\/7308\/revisions\/8401"}],"wp:attachment":[{"href":"https:\/\/www.sklaznebohdanec.cz\/fotbal\/wp-json\/wp\/v2\/media?parent=7308"}],"curies":[{"name":"wp","href":"https:\/\/api.w.org\/{rel}","templated":true}]}}