{"id":7509,"date":"2016-09-06T16:18:56","date_gmt":"2016-09-06T14:18:56","guid":{"rendered":"http:\/\/www.sklaznebohdanec.cz\/fotbal\/?page_id=7509"},"modified":"2022-02-08T19:44:40","modified_gmt":"2022-02-08T18:44:40","slug":"vedeni-klubu","status":"publish","type":"page","link":"https:\/\/www.sklaznebohdanec.cz\/fotbal\/vedeni-klubu\/","title":{"rendered":"Veden\u00ed klubu"},"content":{"rendered":"<h1 class=\"entry-title\"><\/h1>\n<div class=\"entry-content\">\n<p>P\u0159edseda:\u00a0<strong>Bc.\u00a0David\u00a0Mart\u00ednek<\/strong><\/p>\n<p>M\u00edstop\u0159edseda:\u00a0<strong>Mgr. Radek L\u00e1t<\/strong><\/p>\n<p>M\u00edstop\u0159edseda: <strong>Ji\u0159\u00ed Zackl<\/strong><\/p>\n<p>Sekret\u00e1\u0159:\u00a0<strong>Tom\u00e1\u0161 Jupa<\/strong><\/p>\n<p>&nbsp;<\/p>\n<p><strong>V\u00ddKONN\u00dd V\u00ddBOR:<\/strong><\/p>\n<p>SK Klub: <strong>Lubo\u0161 Tyller<\/strong><\/p>\n<p>Fotbal: <span style=\"color: #000000;\"><b>Jan Baldrych<\/b><\/span><\/p>\n<p>Volejbal: <strong>Ing. Jan Skl\u00e1dal<\/strong><\/p>\n<p>Vzp\u00edr\u00e1n\u00ed: <strong>Jan Zelen\u00e1k<\/strong><\/p>\n<p>&nbsp;<\/p>\n<p><strong>INFORMACE O KLUBU:<\/strong><\/p>\n<p><strong>I\u010c:\u00a0<\/strong>22897216<\/p>\n<p><strong>ID (FA\u010cR): <\/strong>5320861<\/p>\n<p><strong>\u010d.\u00fa.:\u00a0<\/strong>2600734971\/2010<\/p>\n<\/div>\n","protected":false},"excerpt":{"rendered":"<p>P\u0159edseda:\u00a0Bc.\u00a0David\u00a0Mart\u00ednek M\u00edstop\u0159edseda:\u00a0Mgr. Radek L\u00e1t M\u00edstop\u0159edseda: Ji\u0159\u00ed Zackl Sekret\u00e1\u0159:\u00a0Tom\u00e1\u0161 Jupa &nbsp; V\u00ddKONN\u00dd V\u00ddBOR: SK Klub: Lubo\u0161 Tyller Fotbal: Jan Baldrych Volejbal: Ing. Jan Skl\u00e1dal Vzp\u00edr\u00e1n\u00ed: Jan Zelen\u00e1k &nbsp; INFORMACE O KLUBU: I\u010c:\u00a022897216 ID (FA\u010cR): 5320861 \u010d.\u00fa.:\u00a02600734971\/2010<\/p>\n","protected":false},"author":13,"featured_media":0,"parent":0,"menu_order":0,"comment_status":"closed","ping_status":"closed","template":"","meta":{"_mc_calendar":[],"footnotes":""},"class_list":["post-7509","page","type-page","status-publish","hentry"],"aioseo_notices":[],"_links":{"self":[{"href":"https:\/\/www.sklaznebohdanec.cz\/fotbal\/wp-json\/wp\/v2\/pages\/7509","targetHints":{"allow":["GET"]}}],"collection":[{"href":"https:\/\/www.sklaznebohdanec.cz\/fotbal\/wp-json\/wp\/v2\/pages"}],"about":[{"href":"https:\/\/www.sklaznebohdanec.cz\/fotbal\/wp-json\/wp\/v2\/types\/page"}],"author":[{"embeddable":true,"href":"https:\/\/www.sklaznebohdanec.cz\/fotbal\/wp-json\/wp\/v2\/users\/13"}],"replies":[{"embeddable":true,"href":"https:\/\/www.sklaznebohdanec.cz\/fotbal\/wp-json\/wp\/v2\/comments?post=7509"}],"version-history":[{"count":8,"href":"https:\/\/www.sklaznebohdanec.cz\/fotbal\/wp-json\/wp\/v2\/pages\/7509\/revisions"}],"predecessor-version":[{"id":13315,"href":"https:\/\/www.sklaznebohdanec.cz\/fotbal\/wp-json\/wp\/v2\/pages\/7509\/revisions\/13315"}],"wp:attachment":[{"href":"https:\/\/www.sklaznebohdanec.cz\/fotbal\/wp-json\/wp\/v2\/media?parent=7509"}],"curies":[{"name":"wp","href":"https:\/\/api.w.org\/{rel}","templated":true}]}}