{"id":1051,"date":"2025-09-30T14:48:48","date_gmt":"2025-09-30T12:48:48","guid":{"rendered":"https:\/\/www.sklaznebohdanec.cz\/test\/?page_id=1051"},"modified":"2025-09-30T15:30:58","modified_gmt":"2025-09-30T13:30:58","slug":"tricka-raselina","status":"publish","type":"page","link":"https:\/\/www.sklaznebohdanec.cz\/test\/tricka-raselina\/","title":{"rendered":"tri\u010dka ra\u0161elina"},"content":{"rendered":"\n<h2 class=\"wp-block-heading has-large-font-size\">Tri\u010dka RA\u0160ELINA<\/h2>\n\n\n\n<div class=\"wp-block-essential-blocks-text  root-eb-text-fanxz\"><div class=\"eb-parent-wrapper eb-parent-eb-text-fanxz \"><div class=\"eb-text-wrapper eb-text-fanxz\" data-id=\"eb-text-fanxz\"><h3 class=\"eb-text\">Pro v\u0161echny hr\u00e1\u010de a fanou\u0161ky L.B.S.K.<br><img loading=\"lazy\" decoding=\"async\" width=\"16\" height=\"16\" src=\"https:\/\/static.xx.fbcdn.net\/images\/emoji.php\/v9\/t9e\/1\/16\/27a1.png\" alt=\"\u27a1\ufe0f\">\u00a0Na\u0161e nov\u00e1 promo tri\u010dka jsou nyn\u00ed v prodeji. M\u016f\u017eete je objedn\u00e1vat prost\u0159ednictv\u00edm Facebooku nebo pi\u0161te na:\u00a0<img loading=\"lazy\" decoding=\"async\" width=\"16\" height=\"16\" src=\"https:\/\/static.xx.fbcdn.net\/images\/emoji.php\/v9\/tbe\/1\/16\/1f4e7.png\" alt=\"?\">\u00a0sklaznebohdanec@seznam.cz<br>K zakoupen\u00ed budou tak\u00e9 p\u0159\u00edmo ve Sport Clubu L\u00e1zn\u011b Bohdane\u010d na na\u0161em stadionu.<br><img loading=\"lazy\" decoding=\"async\" width=\"16\" height=\"16\" src=\"https:\/\/static.xx.fbcdn.net\/images\/emoji.php\/v9\/t30\/1\/16\/1f468_1f3fc_200d_1f9b0.png\" alt=\"??\u200d?\">P\u00e1nsk\u00e9 velikosti S, M, L, XL, 2XL, 3XL \u2013 Cena: 250,- K\u010d<br><img loading=\"lazy\" decoding=\"async\" width=\"16\" height=\"16\" src=\"https:\/\/static.xx.fbcdn.net\/images\/emoji.php\/v9\/t73\/1\/16\/1f469_1f3fb_200d_1f9b3.png\" alt=\"??\u200d?\">D\u00e1msk\u00e9 velikosti XS, S, M, L, XL, XXL \u2013 Cena: 250,- K\u010d<br><img loading=\"lazy\" decoding=\"async\" width=\"16\" height=\"16\" src=\"https:\/\/static.xx.fbcdn.net\/images\/emoji.php\/v9\/t9b\/1\/16\/1f9d2_1f3fc.png\" alt=\"??\">D\u011btsk\u00e9 velikosti 122\/6, 134\/8, 146\/10, 158\/12 \u2013 Cena: 200,- K\u010d<\/h3><\/div><\/div><\/div>\n\n\n\n<div class=\"wp-block-columns is-layout-flex wp-container-core-columns-is-layout-9d6595d7 wp-block-columns-is-layout-flex\">\n<div class=\"wp-block-column is-layout-flow wp-block-column-is-layout-flow\">\n<figure class=\"wp-block-image size-full is-style-rounded\"><a href=\"https:\/\/www.sklaznebohdanec.cz\/test\/wp-content\/uploads\/2025\/09\/121019740_3372653886154770_4236985527653591042_n.jpg\"><img loading=\"lazy\" decoding=\"async\" width=\"761\" height=\"960\" src=\"https:\/\/www.sklaznebohdanec.cz\/test\/wp-content\/uploads\/2025\/09\/121019740_3372653886154770_4236985527653591042_n.jpg\" alt=\"\" class=\"wp-image-1052\" srcset=\"https:\/\/www.sklaznebohdanec.cz\/test\/wp-content\/uploads\/2025\/09\/121019740_3372653886154770_4236985527653591042_n.jpg 761w, https:\/\/www.sklaznebohdanec.cz\/test\/wp-content\/uploads\/2025\/09\/121019740_3372653886154770_4236985527653591042_n-238x300.jpg 238w, https:\/\/www.sklaznebohdanec.cz\/test\/wp-content\/uploads\/2025\/09\/121019740_3372653886154770_4236985527653591042_n-101x128.jpg 101w, https:\/\/www.sklaznebohdanec.cz\/test\/wp-content\/uploads\/2025\/09\/121019740_3372653886154770_4236985527653591042_n-25x32.jpg 25w, https:\/\/www.sklaznebohdanec.cz\/test\/wp-content\/uploads\/2025\/09\/121019740_3372653886154770_4236985527653591042_n-119x150.jpg 119w\" sizes=\"auto, (max-width: 761px) 100vw, 761px\" \/><\/a><\/figure>\n<\/div>\n\n\n\n<div class=\"wp-block-column is-layout-flow wp-block-column-is-layout-flow\">\n<figure class=\"wp-block-image size-full is-style-rounded\"><a href=\"https:\/\/www.sklaznebohdanec.cz\/test\/wp-content\/uploads\/2025\/09\/121041837_3372653702821455_9202833331830744402_n-768x460-1.jpg\"><img loading=\"lazy\" decoding=\"async\" width=\"768\" height=\"460\" src=\"https:\/\/www.sklaznebohdanec.cz\/test\/wp-content\/uploads\/2025\/09\/121041837_3372653702821455_9202833331830744402_n-768x460-1.jpg\" alt=\"\" class=\"wp-image-1053\" srcset=\"https:\/\/www.sklaznebohdanec.cz\/test\/wp-content\/uploads\/2025\/09\/121041837_3372653702821455_9202833331830744402_n-768x460-1.jpg 768w, https:\/\/www.sklaznebohdanec.cz\/test\/wp-content\/uploads\/2025\/09\/121041837_3372653702821455_9202833331830744402_n-768x460-1-300x180.jpg 300w, https:\/\/www.sklaznebohdanec.cz\/test\/wp-content\/uploads\/2025\/09\/121041837_3372653702821455_9202833331830744402_n-768x460-1-128x77.jpg 128w, https:\/\/www.sklaznebohdanec.cz\/test\/wp-content\/uploads\/2025\/09\/121041837_3372653702821455_9202833331830744402_n-768x460-1-32x19.jpg 32w, https:\/\/www.sklaznebohdanec.cz\/test\/wp-content\/uploads\/2025\/09\/121041837_3372653702821455_9202833331830744402_n-768x460-1-150x90.jpg 150w, https:\/\/www.sklaznebohdanec.cz\/test\/wp-content\/uploads\/2025\/09\/121041837_3372653702821455_9202833331830744402_n-768x460-1-250x150.jpg 250w\" sizes=\"auto, (max-width: 768px) 100vw, 768px\" \/><\/a><\/figure>\n<\/div>\n<\/div>\n","protected":false},"excerpt":{"rendered":"<p>Tri\u010dka RA\u0160ELINA<\/p>\n","protected":false},"author":1,"featured_media":0,"parent":0,"menu_order":0,"comment_status":"closed","ping_status":"closed","template":"","meta":{"_eb_attr":"","_mc_calendar":[],"footnotes":""},"class_list":["post-1051","page","type-page","status-publish","hentry"],"_links":{"self":[{"href":"https:\/\/www.sklaznebohdanec.cz\/test\/wp-json\/wp\/v2\/pages\/1051","targetHints":{"allow":["GET"]}}],"collection":[{"href":"https:\/\/www.sklaznebohdanec.cz\/test\/wp-json\/wp\/v2\/pages"}],"about":[{"href":"https:\/\/www.sklaznebohdanec.cz\/test\/wp-json\/wp\/v2\/types\/page"}],"author":[{"embeddable":true,"href":"https:\/\/www.sklaznebohdanec.cz\/test\/wp-json\/wp\/v2\/users\/1"}],"replies":[{"embeddable":true,"href":"https:\/\/www.sklaznebohdanec.cz\/test\/wp-json\/wp\/v2\/comments?post=1051"}],"version-history":[{"count":5,"href":"https:\/\/www.sklaznebohdanec.cz\/test\/wp-json\/wp\/v2\/pages\/1051\/revisions"}],"predecessor-version":[{"id":1058,"href":"https:\/\/www.sklaznebohdanec.cz\/test\/wp-json\/wp\/v2\/pages\/1051\/revisions\/1058"}],"wp:attachment":[{"href":"https:\/\/www.sklaznebohdanec.cz\/test\/wp-json\/wp\/v2\/media?parent=1051"}],"curies":[{"name":"wp","href":"https:\/\/api.w.org\/{rel}","templated":true}]}}