{"id":1059,"date":"2025-09-30T15:32:41","date_gmt":"2025-09-30T13:32:41","guid":{"rendered":"https:\/\/www.sklaznebohdanec.cz\/test\/?page_id=1059"},"modified":"2025-09-30T15:36:51","modified_gmt":"2025-09-30T13:36:51","slug":"hrnek","status":"publish","type":"page","link":"https:\/\/www.sklaznebohdanec.cz\/test\/hrnek\/","title":{"rendered":"hrnek"},"content":{"rendered":"\n<h2 class=\"wp-block-heading has-large-font-size\">hrnek se znakem<\/h2>\n\n\n\n<div class=\"wp-block-essential-blocks-text  root-eb-text-s63jg\"><div class=\"eb-parent-wrapper eb-parent-eb-text-s63jg \"><div class=\"eb-text-wrapper eb-text-s63jg\" data-id=\"eb-text-s63jg\"><h3 class=\"eb-text\">Klubov\u00e9 hrnky jsou kvalitn\u011b glazurovan\u00e9 s 3D grav\u00edrovan\u00fdm znakem. Jsou \u00fa\u017easn\u00e9. Cena 200,- K\u010d. K dost\u00e1n\u00ed u sekret\u00e1\u0159e.<\/h3><\/div><\/div><\/div>\n\n\n\n<div class=\"wp-block-columns is-layout-flex wp-container-core-columns-is-layout-9d6595d7 wp-block-columns-is-layout-flex\">\n<div class=\"wp-block-column is-layout-flow wp-block-column-is-layout-flow\">\n<figure class=\"wp-block-image size-full is-style-rounded\"><a href=\"https:\/\/www.sklaznebohdanec.cz\/test\/wp-content\/uploads\/2025\/09\/94947229_2932317903521706_4436904828282601472_n.jpg\"><img loading=\"lazy\" decoding=\"async\" width=\"720\" height=\"960\" src=\"https:\/\/www.sklaznebohdanec.cz\/test\/wp-content\/uploads\/2025\/09\/94947229_2932317903521706_4436904828282601472_n.jpg\" alt=\"\" class=\"wp-image-1064\" srcset=\"https:\/\/www.sklaznebohdanec.cz\/test\/wp-content\/uploads\/2025\/09\/94947229_2932317903521706_4436904828282601472_n.jpg 720w, https:\/\/www.sklaznebohdanec.cz\/test\/wp-content\/uploads\/2025\/09\/94947229_2932317903521706_4436904828282601472_n-225x300.jpg 225w, https:\/\/www.sklaznebohdanec.cz\/test\/wp-content\/uploads\/2025\/09\/94947229_2932317903521706_4436904828282601472_n-96x128.jpg 96w, https:\/\/www.sklaznebohdanec.cz\/test\/wp-content\/uploads\/2025\/09\/94947229_2932317903521706_4436904828282601472_n-24x32.jpg 24w, https:\/\/www.sklaznebohdanec.cz\/test\/wp-content\/uploads\/2025\/09\/94947229_2932317903521706_4436904828282601472_n-113x150.jpg 113w\" sizes=\"auto, (max-width: 720px) 100vw, 720px\" \/><\/a><\/figure>\n<\/div>\n\n\n\n<div class=\"wp-block-column is-layout-flow wp-block-column-is-layout-flow\">\n<figure class=\"wp-block-image size-full is-style-rounded\"><a href=\"https:\/\/www.sklaznebohdanec.cz\/test\/wp-content\/uploads\/2025\/09\/94882375_2932317720188391_3303088154252148736_n-768x576-1.jpg\"><img loading=\"lazy\" decoding=\"async\" width=\"768\" height=\"576\" src=\"https:\/\/www.sklaznebohdanec.cz\/test\/wp-content\/uploads\/2025\/09\/94882375_2932317720188391_3303088154252148736_n-768x576-1.jpg\" alt=\"\" class=\"wp-image-1066\" srcset=\"https:\/\/www.sklaznebohdanec.cz\/test\/wp-content\/uploads\/2025\/09\/94882375_2932317720188391_3303088154252148736_n-768x576-1.jpg 768w, https:\/\/www.sklaznebohdanec.cz\/test\/wp-content\/uploads\/2025\/09\/94882375_2932317720188391_3303088154252148736_n-768x576-1-300x225.jpg 300w, https:\/\/www.sklaznebohdanec.cz\/test\/wp-content\/uploads\/2025\/09\/94882375_2932317720188391_3303088154252148736_n-768x576-1-128x96.jpg 128w, https:\/\/www.sklaznebohdanec.cz\/test\/wp-content\/uploads\/2025\/09\/94882375_2932317720188391_3303088154252148736_n-768x576-1-32x24.jpg 32w, https:\/\/www.sklaznebohdanec.cz\/test\/wp-content\/uploads\/2025\/09\/94882375_2932317720188391_3303088154252148736_n-768x576-1-150x113.jpg 150w, https:\/\/www.sklaznebohdanec.cz\/test\/wp-content\/uploads\/2025\/09\/94882375_2932317720188391_3303088154252148736_n-768x576-1-200x150.jpg 200w\" sizes=\"auto, (max-width: 768px) 100vw, 768px\" \/><\/a><\/figure>\n<\/div>\n<\/div>\n","protected":false},"excerpt":{"rendered":"<p>hrnek se znakem<\/p>\n","protected":false},"author":1,"featured_media":0,"parent":0,"menu_order":0,"comment_status":"closed","ping_status":"closed","template":"","meta":{"_eb_attr":"","_mc_calendar":[],"footnotes":""},"class_list":["post-1059","page","type-page","status-publish","hentry"],"_links":{"self":[{"href":"https:\/\/www.sklaznebohdanec.cz\/test\/wp-json\/wp\/v2\/pages\/1059","targetHints":{"allow":["GET"]}}],"collection":[{"href":"https:\/\/www.sklaznebohdanec.cz\/test\/wp-json\/wp\/v2\/pages"}],"about":[{"href":"https:\/\/www.sklaznebohdanec.cz\/test\/wp-json\/wp\/v2\/types\/page"}],"author":[{"embeddable":true,"href":"https:\/\/www.sklaznebohdanec.cz\/test\/wp-json\/wp\/v2\/users\/1"}],"replies":[{"embeddable":true,"href":"https:\/\/www.sklaznebohdanec.cz\/test\/wp-json\/wp\/v2\/comments?post=1059"}],"version-history":[{"count":6,"href":"https:\/\/www.sklaznebohdanec.cz\/test\/wp-json\/wp\/v2\/pages\/1059\/revisions"}],"predecessor-version":[{"id":1067,"href":"https:\/\/www.sklaznebohdanec.cz\/test\/wp-json\/wp\/v2\/pages\/1059\/revisions\/1067"}],"wp:attachment":[{"href":"https:\/\/www.sklaznebohdanec.cz\/test\/wp-json\/wp\/v2\/media?parent=1059"}],"curies":[{"name":"wp","href":"https:\/\/api.w.org\/{rel}","templated":true}]}}