{"id":1068,"date":"2025-09-30T15:38:21","date_gmt":"2025-09-30T13:38:21","guid":{"rendered":"https:\/\/www.sklaznebohdanec.cz\/test\/?page_id=1068"},"modified":"2025-09-30T15:42:40","modified_gmt":"2025-09-30T13:42:40","slug":"cepice","status":"publish","type":"page","link":"https:\/\/www.sklaznebohdanec.cz\/test\/cepice\/","title":{"rendered":"\u010depice"},"content":{"rendered":"\n<h2 class=\"wp-block-heading\">Funk\u010dn\u00ed \u010depice<\/h2>\n\n\n\n<div class=\"wp-block-essential-blocks-text  root-eb-text-8zgoe\"><div class=\"eb-parent-wrapper eb-parent-eb-text-8zgoe \"><div class=\"eb-text-wrapper eb-text-8zgoe\" data-id=\"eb-text-8zgoe\"><h4 class=\"eb-text\">Tabulka velikost\u00ed:<br>\u200bXS \u2013 obvod hlavy 45-47 cm<br>S \u2013 obvod hlavy 49-51 cm<br>L \u2013 obvod hlavy 55-57 cm<br>XL \u2013 obvod hlavy 58-60 cm<\/h4><\/div><\/div><\/div>\n\n\n\n<figure class=\"wp-block-gallery has-nested-images columns-4 is-cropped wp-block-gallery-1 is-layout-flex wp-block-gallery-is-layout-flex\">\n<figure class=\"wp-block-image size-large\"><a href=\"https:\/\/www.sklaznebohdanec.cz\/test\/wp-content\/uploads\/2025\/09\/IMG-20210120-WA0001-257x300-1.jpg\"><img loading=\"lazy\" decoding=\"async\" width=\"257\" height=\"300\" data-id=\"1074\" src=\"https:\/\/www.sklaznebohdanec.cz\/test\/wp-content\/uploads\/2025\/09\/IMG-20210120-WA0001-257x300-1.jpg\" alt=\"\" class=\"wp-image-1074\" srcset=\"https:\/\/www.sklaznebohdanec.cz\/test\/wp-content\/uploads\/2025\/09\/IMG-20210120-WA0001-257x300-1.jpg 257w, https:\/\/www.sklaznebohdanec.cz\/test\/wp-content\/uploads\/2025\/09\/IMG-20210120-WA0001-257x300-1-110x128.jpg 110w, https:\/\/www.sklaznebohdanec.cz\/test\/wp-content\/uploads\/2025\/09\/IMG-20210120-WA0001-257x300-1-27x32.jpg 27w, https:\/\/www.sklaznebohdanec.cz\/test\/wp-content\/uploads\/2025\/09\/IMG-20210120-WA0001-257x300-1-129x150.jpg 129w\" sizes=\"auto, (max-width: 257px) 100vw, 257px\" \/><\/a><\/figure>\n\n\n\n<figure class=\"wp-block-image size-large\"><a href=\"https:\/\/www.sklaznebohdanec.cz\/test\/wp-content\/uploads\/2025\/09\/IMG-20210120-WA0002-257x300-1.jpg\"><img loading=\"lazy\" decoding=\"async\" width=\"257\" height=\"300\" data-id=\"1073\" src=\"https:\/\/www.sklaznebohdanec.cz\/test\/wp-content\/uploads\/2025\/09\/IMG-20210120-WA0002-257x300-1.jpg\" alt=\"\" class=\"wp-image-1073\" srcset=\"https:\/\/www.sklaznebohdanec.cz\/test\/wp-content\/uploads\/2025\/09\/IMG-20210120-WA0002-257x300-1.jpg 257w, https:\/\/www.sklaznebohdanec.cz\/test\/wp-content\/uploads\/2025\/09\/IMG-20210120-WA0002-257x300-1-110x128.jpg 110w, https:\/\/www.sklaznebohdanec.cz\/test\/wp-content\/uploads\/2025\/09\/IMG-20210120-WA0002-257x300-1-27x32.jpg 27w, https:\/\/www.sklaznebohdanec.cz\/test\/wp-content\/uploads\/2025\/09\/IMG-20210120-WA0002-257x300-1-129x150.jpg 129w\" sizes=\"auto, (max-width: 257px) 100vw, 257px\" \/><\/a><\/figure>\n\n\n\n<figure class=\"wp-block-image size-large\"><a href=\"https:\/\/www.sklaznebohdanec.cz\/test\/wp-content\/uploads\/2025\/09\/IMG-20210120A0000-242x300-1.jpg\"><img loading=\"lazy\" decoding=\"async\" width=\"242\" height=\"300\" data-id=\"1072\" src=\"https:\/\/www.sklaznebohdanec.cz\/test\/wp-content\/uploads\/2025\/09\/IMG-20210120A0000-242x300-1.jpg\" alt=\"\" class=\"wp-image-1072\" srcset=\"https:\/\/www.sklaznebohdanec.cz\/test\/wp-content\/uploads\/2025\/09\/IMG-20210120A0000-242x300-1.jpg 242w, https:\/\/www.sklaznebohdanec.cz\/test\/wp-content\/uploads\/2025\/09\/IMG-20210120A0000-242x300-1-103x128.jpg 103w, https:\/\/www.sklaznebohdanec.cz\/test\/wp-content\/uploads\/2025\/09\/IMG-20210120A0000-242x300-1-26x32.jpg 26w, https:\/\/www.sklaznebohdanec.cz\/test\/wp-content\/uploads\/2025\/09\/IMG-20210120A0000-242x300-1-121x150.jpg 121w\" sizes=\"auto, (max-width: 242px) 100vw, 242px\" \/><\/a><\/figure>\n\n\n\n<figure class=\"wp-block-image size-large\"><a href=\"https:\/\/www.sklaznebohdanec.cz\/test\/wp-content\/uploads\/2025\/09\/IMG-20210120-WA00-243x300-1.jpg\"><img loading=\"lazy\" decoding=\"async\" width=\"243\" height=\"300\" data-id=\"1075\" src=\"https:\/\/www.sklaznebohdanec.cz\/test\/wp-content\/uploads\/2025\/09\/IMG-20210120-WA00-243x300-1.jpg\" alt=\"\" class=\"wp-image-1075\" srcset=\"https:\/\/www.sklaznebohdanec.cz\/test\/wp-content\/uploads\/2025\/09\/IMG-20210120-WA00-243x300-1.jpg 243w, https:\/\/www.sklaznebohdanec.cz\/test\/wp-content\/uploads\/2025\/09\/IMG-20210120-WA00-243x300-1-104x128.jpg 104w, https:\/\/www.sklaznebohdanec.cz\/test\/wp-content\/uploads\/2025\/09\/IMG-20210120-WA00-243x300-1-26x32.jpg 26w, https:\/\/www.sklaznebohdanec.cz\/test\/wp-content\/uploads\/2025\/09\/IMG-20210120-WA00-243x300-1-122x150.jpg 122w\" sizes=\"auto, (max-width: 243px) 100vw, 243px\" \/><\/a><\/figure>\n<\/figure>\n","protected":false},"excerpt":{"rendered":"<p>Funk\u010dn\u00ed \u010depice<\/p>\n","protected":false},"author":1,"featured_media":0,"parent":0,"menu_order":0,"comment_status":"closed","ping_status":"closed","template":"","meta":{"_eb_attr":"","_mc_calendar":[],"footnotes":""},"class_list":["post-1068","page","type-page","status-publish","hentry"],"_links":{"self":[{"href":"https:\/\/www.sklaznebohdanec.cz\/test\/wp-json\/wp\/v2\/pages\/1068","targetHints":{"allow":["GET"]}}],"collection":[{"href":"https:\/\/www.sklaznebohdanec.cz\/test\/wp-json\/wp\/v2\/pages"}],"about":[{"href":"https:\/\/www.sklaznebohdanec.cz\/test\/wp-json\/wp\/v2\/types\/page"}],"author":[{"embeddable":true,"href":"https:\/\/www.sklaznebohdanec.cz\/test\/wp-json\/wp\/v2\/users\/1"}],"replies":[{"embeddable":true,"href":"https:\/\/www.sklaznebohdanec.cz\/test\/wp-json\/wp\/v2\/comments?post=1068"}],"version-history":[{"count":4,"href":"https:\/\/www.sklaznebohdanec.cz\/test\/wp-json\/wp\/v2\/pages\/1068\/revisions"}],"predecessor-version":[{"id":1076,"href":"https:\/\/www.sklaznebohdanec.cz\/test\/wp-json\/wp\/v2\/pages\/1068\/revisions\/1076"}],"wp:attachment":[{"href":"https:\/\/www.sklaznebohdanec.cz\/test\/wp-json\/wp\/v2\/media?parent=1068"}],"curies":[{"name":"wp","href":"https:\/\/api.w.org\/{rel}","templated":true}]}}