{"id":1082,"date":"2025-09-30T15:49:11","date_gmt":"2025-09-30T13:49:11","guid":{"rendered":"https:\/\/www.sklaznebohdanec.cz\/test\/?page_id=1082"},"modified":"2025-09-30T16:03:17","modified_gmt":"2025-09-30T14:03:17","slug":"fun-shop","status":"publish","type":"page","link":"https:\/\/www.sklaznebohdanec.cz\/test\/fun-shop\/","title":{"rendered":"fun shop"},"content":{"rendered":"\n<div class=\"wp-block-essential-blocks-text  root-eb-text-haeep\"><div class=\"eb-parent-wrapper eb-parent-eb-text-haeep \"><div class=\"eb-text-wrapper eb-text-haeep\" data-id=\"eb-text-haeep\"><h3 class=\"eb-text\">Pro na\u0161e hr\u00e1\u010de nab\u00edz\u00edme za zv\u00fdhodn\u011bnou cenu klubov\u00e9 oble\u010den\u00ed <a href=\"https:\/\/www.sklaznebohdanec.cz\/test\/klubove-vybaveni-joma\/\">Joma<\/a> a pro chladn\u011bj\u0161\u00ed po\u010das\u00ed <a href=\"https:\/\/www.sklaznebohdanec.cz\/test\/cepice\/\">funk\u010dn\u00ed \u010depice<\/a>.<br>Pro na\u0161e fanou\u0161ky nab\u00edz\u00edme <a href=\"https:\/\/www.sklaznebohdanec.cz\/test\/tricka-raselina\/\">tri\u010dka ra\u0161elina<\/a> a klubov\u00fd <a href=\"https:\/\/www.sklaznebohdanec.cz\/test\/hrnek\/\">hrnek<\/a> na \u010daj nebo k\u00e1vu.<br><\/h3><\/div><\/div><\/div>\n","protected":false},"excerpt":{"rendered":"","protected":false},"author":1,"featured_media":0,"parent":0,"menu_order":0,"comment_status":"closed","ping_status":"closed","template":"","meta":{"_eb_attr":"","_mc_calendar":[],"footnotes":""},"class_list":["post-1082","page","type-page","status-publish","hentry"],"_links":{"self":[{"href":"https:\/\/www.sklaznebohdanec.cz\/test\/wp-json\/wp\/v2\/pages\/1082","targetHints":{"allow":["GET"]}}],"collection":[{"href":"https:\/\/www.sklaznebohdanec.cz\/test\/wp-json\/wp\/v2\/pages"}],"about":[{"href":"https:\/\/www.sklaznebohdanec.cz\/test\/wp-json\/wp\/v2\/types\/page"}],"author":[{"embeddable":true,"href":"https:\/\/www.sklaznebohdanec.cz\/test\/wp-json\/wp\/v2\/users\/1"}],"replies":[{"embeddable":true,"href":"https:\/\/www.sklaznebohdanec.cz\/test\/wp-json\/wp\/v2\/comments?post=1082"}],"version-history":[{"count":8,"href":"https:\/\/www.sklaznebohdanec.cz\/test\/wp-json\/wp\/v2\/pages\/1082\/revisions"}],"predecessor-version":[{"id":1092,"href":"https:\/\/www.sklaznebohdanec.cz\/test\/wp-json\/wp\/v2\/pages\/1082\/revisions\/1092"}],"wp:attachment":[{"href":"https:\/\/www.sklaznebohdanec.cz\/test\/wp-json\/wp\/v2\/media?parent=1082"}],"curies":[{"name":"wp","href":"https:\/\/api.w.org\/{rel}","templated":true}]}}