{"id":1304,"date":"2026-01-27T13:33:46","date_gmt":"2026-01-27T12:33:46","guid":{"rendered":"https:\/\/www.sklaznebohdanec.cz\/test\/?page_id=1304"},"modified":"2026-01-27T13:39:23","modified_gmt":"2026-01-27T12:39:23","slug":"2011-2012-muzi","status":"publish","type":"page","link":"https:\/\/www.sklaznebohdanec.cz\/test\/2011-2012-muzi\/","title":{"rendered":"2011\/2012 mu\u017ei"},"content":{"rendered":"\n<h4 class=\"wp-block-heading\">A3B &#8211; IV. t\u0159\u00edda &#8211; P\u0159elou\u010dsko &#8211; mu\u017ei 2011\/2012<\/h4>\n\n\n\n<figure class=\"wp-block-table\"><table><tbody><tr><td colspan=\"9\">&nbsp;&nbsp;TABULKA<\/td><\/tr><tr><td><strong>Rk.<\/strong><\/td><td><strong>T\u00fdm<\/strong><\/td><td><strong>Z\u00e1p<\/strong><\/td><td><strong>+<\/strong><\/td><td><strong>0<\/strong><\/td><td><strong>&#8211;<\/strong><\/td><td><strong>Sk\u00f3re<\/strong><\/td><td><strong>Body<\/strong><\/td><td><strong>(Prav)<\/strong><\/td><\/tr><tr><td><strong>1.<\/strong><\/td><td><strong>L. Bohdane\u010d<\/strong><\/td><td><strong>26<\/strong><\/td><td><strong>24<\/strong><\/td><td><strong>0<\/strong><\/td><td><strong>2<\/strong><\/td><td><strong>146: 25<\/strong><\/td><td><strong>72<\/strong><\/td><td><strong>( 33)<\/strong><\/td><\/tr><tr><td>2.<\/td><td>Rohoznice<\/td><td>26<\/td><td>19<\/td><td>4<\/td><td>3<\/td><td>80: 29<\/td><td>61<\/td><td>( 22)<\/td><\/tr><tr><td>3.<\/td><td>\u0158e\u010dany B<\/td><td>26<\/td><td>12<\/td><td>7<\/td><td>7<\/td><td>66: 59<\/td><td>43<\/td><td>( 4)<\/td><\/tr><tr><td>4.<\/td><td>Sem\u00edn B<\/td><td>26<\/td><td>12<\/td><td>7<\/td><td>7<\/td><td>61: 53<\/td><td>43<\/td><td>( 4)<\/td><\/tr><tr><td>5.<\/td><td>Choltice B<\/td><td>26<\/td><td>11<\/td><td>3<\/td><td>12<\/td><td>61: 59<\/td><td>36<\/td><td>( -3)<\/td><\/tr><tr><td>6.<\/td><td>Chvaletice B<\/td><td>26<\/td><td>11<\/td><td>3<\/td><td>12<\/td><td>43: 63<\/td><td>36<\/td><td>( -3)<\/td><\/tr><tr><td>7.<\/td><td>Bukovka<\/td><td>26<\/td><td>11<\/td><td>3<\/td><td>12<\/td><td>57: 65<\/td><td>36<\/td><td>( -3)<\/td><\/tr><tr><td>8.<\/td><td>Valy B<\/td><td>26<\/td><td>10<\/td><td>5<\/td><td>11<\/td><td>50: 59<\/td><td>35<\/td><td>( -4)<\/td><\/tr><tr><td>9.<\/td><td>Kojice<\/td><td>26<\/td><td>10<\/td><td>4<\/td><td>12<\/td><td>49: 49<\/td><td>34<\/td><td>( -5)<\/td><\/tr><tr><td>10.<\/td><td>Jankovice<\/td><td>26<\/td><td>9<\/td><td>2<\/td><td>15<\/td><td>44: 54<\/td><td>29<\/td><td>(-10)<\/td><\/tr><tr><td>11.<\/td><td>Sop\u0159e\u010d<\/td><td>26<\/td><td>8<\/td><td>4<\/td><td>14<\/td><td>52: 57<\/td><td>28<\/td><td>(-11)<\/td><\/tr><tr><td>12.<\/td><td>Zdechovice<\/td><td>26<\/td><td>8<\/td><td>3<\/td><td>15<\/td><td>48: 72<\/td><td>27<\/td><td>(-12)<\/td><\/tr><tr><td>13.<\/td><td>Tetov<\/td><td>26<\/td><td>7<\/td><td>5<\/td><td>14<\/td><td>43: 81<\/td><td>26<\/td><td>(-13)<\/td><\/tr><tr><td>14.<\/td><td>L. Chr\u010dice<\/td><td>26<\/td><td>4<\/td><td>2<\/td><td>20<\/td><td>30:105<\/td><td>14<\/td><td>(-25)<\/td><\/tr><\/tbody><\/table><\/figure>\n","protected":false},"excerpt":{"rendered":"<p>A3B &#8211; IV. t\u0159\u00edda &#8211; P\u0159elou\u010dsko &#8211; mu\u017ei 2011\/2012 &nbsp;&nbsp;TABULKA Rk. T\u00fdm Z\u00e1p + 0 &#8211; Sk\u00f3re Body (Prav) 1. L. Bohdane\u010d 26 24 0 2 146: 25 72 ( 33) 2. Rohoznice 26 19 4 3 80: 29 61 ( 22) 3. \u0158e\u010dany B 26 12 7 7 66:&#8230; <a class=\"continue-reading-link\" href=\"https:\/\/www.sklaznebohdanec.cz\/test\/2011-2012-muzi\/\"> Continue reading <span class=\"meta-nav\">&rarr; <\/span><\/a><\/p>\n","protected":false},"author":1,"featured_media":0,"parent":0,"menu_order":0,"comment_status":"closed","ping_status":"closed","template":"","meta":{"_eb_attr":"","_mc_calendar":[],"footnotes":""},"class_list":["post-1304","page","type-page","status-publish","hentry"],"_links":{"self":[{"href":"https:\/\/www.sklaznebohdanec.cz\/test\/wp-json\/wp\/v2\/pages\/1304","targetHints":{"allow":["GET"]}}],"collection":[{"href":"https:\/\/www.sklaznebohdanec.cz\/test\/wp-json\/wp\/v2\/pages"}],"about":[{"href":"https:\/\/www.sklaznebohdanec.cz\/test\/wp-json\/wp\/v2\/types\/page"}],"author":[{"embeddable":true,"href":"https:\/\/www.sklaznebohdanec.cz\/test\/wp-json\/wp\/v2\/users\/1"}],"replies":[{"embeddable":true,"href":"https:\/\/www.sklaznebohdanec.cz\/test\/wp-json\/wp\/v2\/comments?post=1304"}],"version-history":[{"count":6,"href":"https:\/\/www.sklaznebohdanec.cz\/test\/wp-json\/wp\/v2\/pages\/1304\/revisions"}],"predecessor-version":[{"id":1310,"href":"https:\/\/www.sklaznebohdanec.cz\/test\/wp-json\/wp\/v2\/pages\/1304\/revisions\/1310"}],"wp:attachment":[{"href":"https:\/\/www.sklaznebohdanec.cz\/test\/wp-json\/wp\/v2\/media?parent=1304"}],"curies":[{"name":"wp","href":"https:\/\/api.w.org\/{rel}","templated":true}]}}