{"id":1311,"date":"2026-01-27T13:43:41","date_gmt":"2026-01-27T12:43:41","guid":{"rendered":"https:\/\/www.sklaznebohdanec.cz\/test\/?page_id=1311"},"modified":"2026-01-27T13:43:41","modified_gmt":"2026-01-27T12:43:41","slug":"2012-2013-muzi","status":"publish","type":"page","link":"https:\/\/www.sklaznebohdanec.cz\/test\/2012-2013-muzi\/","title":{"rendered":"2012\/2013 mu\u017ei"},"content":{"rendered":"\n<h4 class=\"wp-block-heading\">A2B &#8211; III. t\u0159\u00edda &#8211; P\u0159elou\u010dsko &#8211; mu\u017ei 2012\/2013<\/h4>\n\n\n\n<figure class=\"wp-block-table\"><table><tbody><tr><td colspan=\"9\">&nbsp;&nbsp;TABULKA<\/td><\/tr><tr><td><strong>Rk.<\/strong><\/td><td><strong>T\u00fdm<\/strong><\/td><td><strong>Z\u00e1p<\/strong><\/td><td><strong>+<\/strong><\/td><td><strong>0<\/strong><\/td><td><strong>&#8211;<\/strong><\/td><td><strong>Sk\u00f3re<\/strong><\/td><td><strong>Body<\/strong><\/td><td><strong>(Prav)<\/strong><\/td><\/tr><tr><td><strong>1.<\/strong><\/td><td><strong>L. Bohdane\u010d<\/strong><\/td><td><strong>26<\/strong><\/td><td><strong>21<\/strong><\/td><td><strong>1<\/strong><\/td><td><strong>4<\/strong><\/td><td><strong>127: 41<\/strong><\/td><td><strong>64<\/strong><\/td><td><strong>( 25)<\/strong><\/td><\/tr><tr><td>2.<\/td><td>K\u0159i\u010de\u0148 A<\/td><td>26<\/td><td>17<\/td><td>3<\/td><td>6<\/td><td>83: 40<\/td><td>54<\/td><td>( 15)<\/td><\/tr><tr><td>3.<\/td><td>Lipoltice<\/td><td>26<\/td><td>16<\/td><td>2<\/td><td>8<\/td><td>68: 36<\/td><td>50<\/td><td>( 11)<\/td><\/tr><tr><td>4.<\/td><td>Rybitv\u00ed<\/td><td>26<\/td><td>12<\/td><td>4<\/td><td>10<\/td><td>55: 42<\/td><td>40<\/td><td>( 1)<\/td><\/tr><tr><td>5.<\/td><td>Kolesa<\/td><td>26<\/td><td>13<\/td><td>1<\/td><td>12<\/td><td>56: 62<\/td><td>40<\/td><td>( 1)<\/td><\/tr><tr><td>6.<\/td><td>\u00dajezd B<\/td><td>26<\/td><td>12<\/td><td>4<\/td><td>10<\/td><td>60: 69<\/td><td>40<\/td><td>( 1)<\/td><\/tr><tr><td>7.<\/td><td>L\u00e1ny<\/td><td>26<\/td><td>11<\/td><td>2<\/td><td>13<\/td><td>59: 61<\/td><td>35<\/td><td>( -4)<\/td><\/tr><tr><td>8.<\/td><td>St. \u017dd\u00e1nice<\/td><td>26<\/td><td>10<\/td><td>3<\/td><td>13<\/td><td>41: 54<\/td><td>33<\/td><td>( -6)<\/td><\/tr><tr><td>9.<\/td><td>Srch B<\/td><td>26<\/td><td>10<\/td><td>0<\/td><td>16<\/td><td>50: 86<\/td><td>30<\/td><td>( -9)<\/td><\/tr><tr><td>10.<\/td><td>Rohoznice<\/td><td>26<\/td><td>9<\/td><td>3<\/td><td>14<\/td><td>49: 62<\/td><td>30<\/td><td>( -9)<\/td><\/tr><tr><td>11.<\/td><td>\u0158e\u010dany B<\/td><td>26<\/td><td>9<\/td><td>3<\/td><td>14<\/td><td>48: 72<\/td><td>30<\/td><td>( -9)<\/td><\/tr><tr><td>12.<\/td><td>P\u0159elovice B<\/td><td>26<\/td><td>8<\/td><td>4<\/td><td>14<\/td><td>46: 72<\/td><td>28<\/td><td>(-11)<\/td><\/tr><tr><td>13.<\/td><td>St. \u010c\u00edvice<\/td><td>26<\/td><td>7<\/td><td>5<\/td><td>14<\/td><td>58: 80<\/td><td>26<\/td><td>(-13)<\/td><\/tr><tr><td>14.<\/td><td>Sem\u00edn A<\/td><td>26<\/td><td>7<\/td><td>5<\/td><td>14<\/td><td>36: 59<\/td><td>26<\/td><td>(-13)<\/td><\/tr><\/tbody><\/table><\/figure>\n","protected":false},"excerpt":{"rendered":"<p>A2B &#8211; III. t\u0159\u00edda &#8211; P\u0159elou\u010dsko &#8211; mu\u017ei 2012\/2013 &nbsp;&nbsp;TABULKA Rk. T\u00fdm Z\u00e1p + 0 &#8211; Sk\u00f3re Body (Prav) 1. L. Bohdane\u010d 26 21 1 4 127: 41 64 ( 25) 2. K\u0159i\u010de\u0148 A 26 17 3 6 83: 40 54 ( 15) 3. Lipoltice 26 16 2 8 68:&#8230; <a class=\"continue-reading-link\" href=\"https:\/\/www.sklaznebohdanec.cz\/test\/2012-2013-muzi\/\"> Continue reading <span class=\"meta-nav\">&rarr; <\/span><\/a><\/p>\n","protected":false},"author":1,"featured_media":0,"parent":0,"menu_order":0,"comment_status":"closed","ping_status":"closed","template":"","meta":{"_eb_attr":"","_mc_calendar":[],"footnotes":""},"class_list":["post-1311","page","type-page","status-publish","hentry"],"_links":{"self":[{"href":"https:\/\/www.sklaznebohdanec.cz\/test\/wp-json\/wp\/v2\/pages\/1311","targetHints":{"allow":["GET"]}}],"collection":[{"href":"https:\/\/www.sklaznebohdanec.cz\/test\/wp-json\/wp\/v2\/pages"}],"about":[{"href":"https:\/\/www.sklaznebohdanec.cz\/test\/wp-json\/wp\/v2\/types\/page"}],"author":[{"embeddable":true,"href":"https:\/\/www.sklaznebohdanec.cz\/test\/wp-json\/wp\/v2\/users\/1"}],"replies":[{"embeddable":true,"href":"https:\/\/www.sklaznebohdanec.cz\/test\/wp-json\/wp\/v2\/comments?post=1311"}],"version-history":[{"count":1,"href":"https:\/\/www.sklaznebohdanec.cz\/test\/wp-json\/wp\/v2\/pages\/1311\/revisions"}],"predecessor-version":[{"id":1312,"href":"https:\/\/www.sklaznebohdanec.cz\/test\/wp-json\/wp\/v2\/pages\/1311\/revisions\/1312"}],"wp:attachment":[{"href":"https:\/\/www.sklaznebohdanec.cz\/test\/wp-json\/wp\/v2\/media?parent=1311"}],"curies":[{"name":"wp","href":"https:\/\/api.w.org\/{rel}","templated":true}]}}