{"id":1313,"date":"2026-01-27T13:47:16","date_gmt":"2026-01-27T12:47:16","guid":{"rendered":"https:\/\/www.sklaznebohdanec.cz\/test\/?page_id=1313"},"modified":"2026-01-27T13:47:16","modified_gmt":"2026-01-27T12:47:16","slug":"2013-2014-muzi","status":"publish","type":"page","link":"https:\/\/www.sklaznebohdanec.cz\/test\/2013-2014-muzi\/","title":{"rendered":"2013\/2014 mu\u017ei"},"content":{"rendered":"\n<h4 class=\"wp-block-heading\"><strong>A1A &#8211; Pern\u0161tejn okresn\u00ed p\u0159ebor &#8211; mu\u017ei<\/strong> 2013\/2014<\/h4>\n\n\n\n<figure class=\"wp-block-table\"><table><tbody><tr><td colspan=\"9\"><strong>&nbsp;&nbsp;TABULKA<\/strong><\/td><\/tr><tr><td><strong>Rk.<\/strong><\/td><td><strong>T\u00fdm<\/strong><\/td><td><strong>Z\u00e1p<\/strong><\/td><td><strong>+<\/strong><\/td><td><strong>0<\/strong><\/td><td><strong>&#8211;<\/strong><\/td><td><strong>Sk\u00f3re<\/strong><\/td><td><strong>Body<\/strong><\/td><td><strong>(Prav)<\/strong><\/td><\/tr><tr><td>1.<\/td><td>Libi\u0161any<\/td><td>30<\/td><td>22<\/td><td>3<\/td><td>5<\/td><td>132: 48<\/td><td>69<\/td><td>( 24)<\/td><\/tr><tr><td>2.<\/td><td>St. Mate\u0159ov A<\/td><td>30<\/td><td>21<\/td><td>4<\/td><td>5<\/td><td>86: 40<\/td><td>67<\/td><td>( 22)<\/td><\/tr><tr><td>3.<\/td><td>Rove\u0148 A<\/td><td>30<\/td><td>12<\/td><td>10<\/td><td>8<\/td><td>58: 51<\/td><td>46<\/td><td>( 1)<\/td><\/tr><tr><td>4.<\/td><td>P\u0159elovice A<\/td><td>30<\/td><td>14<\/td><td>2<\/td><td>14<\/td><td>51: 59<\/td><td>44<\/td><td>( -1)<\/td><\/tr><tr><td><strong>5.<\/strong><\/td><td><strong>L. Bohdane\u010d<\/strong><\/td><td><strong>30<\/strong><\/td><td><strong>14<\/strong><\/td><td><strong>1<\/strong><\/td><td><strong>15<\/strong><\/td><td><strong>77: 82<\/strong><\/td><td><strong>43<\/strong><\/td><td><strong>( -2)<\/strong><\/td><\/tr><tr><td>6.<\/td><td>Da\u0161ice A<\/td><td>30<\/td><td>12<\/td><td>6<\/td><td>12<\/td><td>58: 59<\/td><td>42<\/td><td>( -3)<\/td><\/tr><tr><td>7.<\/td><td>Valy<\/td><td>30<\/td><td>13<\/td><td>2<\/td><td>15<\/td><td>68: 74<\/td><td>41<\/td><td>( -4)<\/td><\/tr><tr><td>8.<\/td><td>Choltice A<\/td><td>30<\/td><td>12<\/td><td>5<\/td><td>13<\/td><td>50: 58<\/td><td>41<\/td><td>( -4)<\/td><\/tr><tr><td>9.<\/td><td>D\u0159\u00edte\u010d A<\/td><td>30<\/td><td>12<\/td><td>5<\/td><td>13<\/td><td>57: 72<\/td><td>41<\/td><td>( -4)<\/td><\/tr><tr><td>10.<\/td><td>K\u0159i\u010de\u0148 A<\/td><td>30<\/td><td>13<\/td><td>2<\/td><td>15<\/td><td>48: 59<\/td><td>41<\/td><td>( -4)<\/td><\/tr><tr><td>11.<\/td><td>Nemo\u0161ice A<\/td><td>30<\/td><td>10<\/td><td>10<\/td><td>10<\/td><td>58: 58<\/td><td>40<\/td><td>( -5)<\/td><\/tr><tr><td>12.<\/td><td>Opatovice A<\/td><td>30<\/td><td>11<\/td><td>7<\/td><td>12<\/td><td>52: 61<\/td><td>40<\/td><td>( -5)<\/td><\/tr><tr><td>13.<\/td><td>Chvojenec A<\/td><td>30<\/td><td>11<\/td><td>4<\/td><td>15<\/td><td>61: 66<\/td><td>37<\/td><td>( -8)<\/td><\/tr><tr><td>14.<\/td><td>\u00dajezd A<\/td><td>30<\/td><td>11<\/td><td>3<\/td><td>16<\/td><td>57: 71<\/td><td>36<\/td><td>( -9)<\/td><\/tr><tr><td>15.<\/td><td>Mikulovice A<\/td><td>30<\/td><td>9<\/td><td>5<\/td><td>16<\/td><td>66: 76<\/td><td>32<\/td><td>(-13)<\/td><\/tr><tr><td>16.<\/td><td>Ost\u0159e\u0161any<\/td><td>30<\/td><td>6<\/td><td>5<\/td><td>19<\/td><td>31: 76<\/td><td>23<\/td><td>(-22)<\/td><\/tr><\/tbody><\/table><\/figure>\n","protected":false},"excerpt":{"rendered":"<p>A1A &#8211; Pern\u0161tejn okresn\u00ed p\u0159ebor &#8211; mu\u017ei 2013\/2014 &nbsp;&nbsp;TABULKA Rk. T\u00fdm Z\u00e1p + 0 &#8211; Sk\u00f3re Body (Prav) 1. Libi\u0161any 30 22 3 5 132: 48 69 ( 24) 2. St. Mate\u0159ov A 30 21 4 5 86: 40 67 ( 22) 3. Rove\u0148 A 30 12 10 8 58:&#8230; <a class=\"continue-reading-link\" href=\"https:\/\/www.sklaznebohdanec.cz\/test\/2013-2014-muzi\/\"> Continue reading <span class=\"meta-nav\">&rarr; <\/span><\/a><\/p>\n","protected":false},"author":1,"featured_media":0,"parent":0,"menu_order":0,"comment_status":"closed","ping_status":"closed","template":"","meta":{"_eb_attr":"","_mc_calendar":[],"footnotes":""},"class_list":["post-1313","page","type-page","status-publish","hentry"],"_links":{"self":[{"href":"https:\/\/www.sklaznebohdanec.cz\/test\/wp-json\/wp\/v2\/pages\/1313","targetHints":{"allow":["GET"]}}],"collection":[{"href":"https:\/\/www.sklaznebohdanec.cz\/test\/wp-json\/wp\/v2\/pages"}],"about":[{"href":"https:\/\/www.sklaznebohdanec.cz\/test\/wp-json\/wp\/v2\/types\/page"}],"author":[{"embeddable":true,"href":"https:\/\/www.sklaznebohdanec.cz\/test\/wp-json\/wp\/v2\/users\/1"}],"replies":[{"embeddable":true,"href":"https:\/\/www.sklaznebohdanec.cz\/test\/wp-json\/wp\/v2\/comments?post=1313"}],"version-history":[{"count":1,"href":"https:\/\/www.sklaznebohdanec.cz\/test\/wp-json\/wp\/v2\/pages\/1313\/revisions"}],"predecessor-version":[{"id":1314,"href":"https:\/\/www.sklaznebohdanec.cz\/test\/wp-json\/wp\/v2\/pages\/1313\/revisions\/1314"}],"wp:attachment":[{"href":"https:\/\/www.sklaznebohdanec.cz\/test\/wp-json\/wp\/v2\/media?parent=1313"}],"curies":[{"name":"wp","href":"https:\/\/api.w.org\/{rel}","templated":true}]}}