{"id":1315,"date":"2026-01-27T13:50:08","date_gmt":"2026-01-27T12:50:08","guid":{"rendered":"https:\/\/www.sklaznebohdanec.cz\/test\/?page_id=1315"},"modified":"2026-01-27T13:50:08","modified_gmt":"2026-01-27T12:50:08","slug":"2014-2015-muzi","status":"publish","type":"page","link":"https:\/\/www.sklaznebohdanec.cz\/test\/2014-2015-muzi\/","title":{"rendered":"2014\/2015 mu\u017ei"},"content":{"rendered":"\n<figure class=\"wp-block-table\"><table><tbody><tr><td colspan=\"9\"><strong>&nbsp;&nbsp;TABULKA<\/strong><\/td><\/tr><tr><td>Rk.<\/td><td>T\u00fdm<\/td><td>Z\u00e1p<\/td><td>+<\/td><td>0<\/td><td>&#8211;<\/td><td>Sk\u00f3re<\/td><td>Body<\/td><td>(Prav)<\/td><\/tr><tr><td>1.<\/td><td>Choltice A<\/td><td>26<\/td><td>16<\/td><td>5<\/td><td>5<\/td><td>57:29<\/td><td>53<\/td><td>-14<\/td><\/tr><tr><td>2.<\/td><td>H. \u0158edice A<\/td><td>26<\/td><td>14<\/td><td>5<\/td><td>7<\/td><td>69:44<\/td><td>47<\/td><td>-8<\/td><\/tr><tr><td>3.<\/td><td>Da\u0161ice A<\/td><td>26<\/td><td>14<\/td><td>1<\/td><td>11<\/td><td>59:45<\/td><td>43<\/td><td>-4<\/td><\/tr><tr><td>4.<\/td><td>Nemo\u0161ice A<\/td><td>26<\/td><td>14<\/td><td>1<\/td><td>11<\/td><td>84:45<\/td><td>43<\/td><td>-4<\/td><\/tr><tr><td>5.<\/td><td>D\u0159\u00edte\u010d A<\/td><td>26<\/td><td>12<\/td><td>5<\/td><td>9<\/td><td>51:56<\/td><td>41<\/td><td>-2<\/td><\/tr><tr><td>6.<\/td><td>P\u0159elou\u010d B<\/td><td>26<\/td><td>12<\/td><td>4<\/td><td>10<\/td><td>54:46<\/td><td>40<\/td><td>-1<\/td><\/tr><tr><td>7.<\/td><td>K\u0159i\u010de\u0148 A<\/td><td>26<\/td><td>11<\/td><td>5<\/td><td>10<\/td><td>55:48<\/td><td>38<\/td><td>( -1)<\/td><\/tr><tr><td>8.<\/td><td>Opatovice n. L. A<\/td><td>26<\/td><td>9<\/td><td>8<\/td><td>9<\/td><td>53:50<\/td><td>35<\/td><td>( -4)<\/td><\/tr><tr><td>9.<\/td><td>Rove\u0148 A<\/td><td>26<\/td><td>11<\/td><td>2<\/td><td>13<\/td><td>42:52<\/td><td>35<\/td><td>( -4)<\/td><\/tr><tr><td>10.<\/td><td>Holice B<\/td><td>26<\/td><td>10<\/td><td>1<\/td><td>15<\/td><td>57:68<\/td><td>31<\/td><td>( -8)<\/td><\/tr><tr><td><strong>11.<\/strong><\/td><td><strong>L. Bohdane\u010d<\/strong><\/td><td><strong>26<\/strong><\/td><td><strong>8<\/strong><\/td><td><strong>7<\/strong><\/td><td><strong>11<\/strong><\/td><td><strong>45:71<\/strong><\/td><td><strong>31<\/strong><\/td><td><strong>( -8)<\/strong><\/td><\/tr><tr><td>12.<\/td><td>Valy<\/td><td>26<\/td><td>9<\/td><td>4<\/td><td>13<\/td><td>54:62<\/td><td>31<\/td><td>( -8)<\/td><\/tr><tr><td>13.<\/td><td>Srch B<\/td><td>26<\/td><td>8<\/td><td>4<\/td><td>14<\/td><td>35:63<\/td><td>28<\/td><td>(-11)<\/td><\/tr><tr><td>14.<\/td><td>P\u0159elovice A<\/td><td>26<\/td><td>7<\/td><td>2<\/td><td>17<\/td><td>39:75<\/td><td>23<\/td><td>(-16)<\/td><\/tr><\/tbody><\/table><\/figure>\n","protected":false},"excerpt":{"rendered":"<p>&nbsp;&nbsp;TABULKA Rk. T\u00fdm Z\u00e1p + 0 &#8211; Sk\u00f3re Body (Prav) 1. Choltice A 26 16 5 5 57:29 53 -14 2. H. \u0158edice A 26 14 5 7 69:44 47 -8 3. Da\u0161ice A 26 14 1 11 59:45 43 -4 4. Nemo\u0161ice A 26 14 1 11 84:45 43&#8230; <a class=\"continue-reading-link\" href=\"https:\/\/www.sklaznebohdanec.cz\/test\/2014-2015-muzi\/\"> Continue reading <span class=\"meta-nav\">&rarr; <\/span><\/a><\/p>\n","protected":false},"author":1,"featured_media":0,"parent":0,"menu_order":0,"comment_status":"closed","ping_status":"closed","template":"","meta":{"_eb_attr":"","_mc_calendar":[],"footnotes":""},"class_list":["post-1315","page","type-page","status-publish","hentry"],"_links":{"self":[{"href":"https:\/\/www.sklaznebohdanec.cz\/test\/wp-json\/wp\/v2\/pages\/1315","targetHints":{"allow":["GET"]}}],"collection":[{"href":"https:\/\/www.sklaznebohdanec.cz\/test\/wp-json\/wp\/v2\/pages"}],"about":[{"href":"https:\/\/www.sklaznebohdanec.cz\/test\/wp-json\/wp\/v2\/types\/page"}],"author":[{"embeddable":true,"href":"https:\/\/www.sklaznebohdanec.cz\/test\/wp-json\/wp\/v2\/users\/1"}],"replies":[{"embeddable":true,"href":"https:\/\/www.sklaznebohdanec.cz\/test\/wp-json\/wp\/v2\/comments?post=1315"}],"version-history":[{"count":1,"href":"https:\/\/www.sklaznebohdanec.cz\/test\/wp-json\/wp\/v2\/pages\/1315\/revisions"}],"predecessor-version":[{"id":1316,"href":"https:\/\/www.sklaznebohdanec.cz\/test\/wp-json\/wp\/v2\/pages\/1315\/revisions\/1316"}],"wp:attachment":[{"href":"https:\/\/www.sklaznebohdanec.cz\/test\/wp-json\/wp\/v2\/media?parent=1315"}],"curies":[{"name":"wp","href":"https:\/\/api.w.org\/{rel}","templated":true}]}}