{"id":2192,"date":"2026-02-04T08:13:31","date_gmt":"2026-02-04T07:13:31","guid":{"rendered":"https:\/\/www.sklaznebohdanec.cz\/test\/?page_id=2192"},"modified":"2026-02-04T13:38:16","modified_gmt":"2026-02-04T12:38:16","slug":"archiv-muzi","status":"publish","type":"page","link":"https:\/\/www.sklaznebohdanec.cz\/test\/archiv-muzi\/","title":{"rendered":"archiv mu\u017ei"},"content":{"rendered":"\n<h2 class=\"wp-block-heading\">Historick\u00e9 v\u00fdsledky mu\u017e\u016f od sez\u00f3ny 2011\/12.<\/h2>\n\n\n\n<p><a href=\"https:\/\/www.sklaznebohdanec.cz\/test\/2011-2012-muzi\/\">2011\/2012<\/a><\/p>\n\n\n\n<p><a href=\"https:\/\/www.sklaznebohdanec.cz\/test\/2012-2013-muzi\/\">2012\/2013<\/a><\/p>\n\n\n\n<p><a href=\"https:\/\/www.sklaznebohdanec.cz\/test\/2013-2014-muzi\/\">2013\/2014<\/a><\/p>\n\n\n\n<p><a href=\"https:\/\/www.sklaznebohdanec.cz\/test\/2014-2015-muzi\/\">2014\/2015<\/a><\/p>\n\n\n\n<p><a href=\"https:\/\/www.sklaznebohdanec.cz\/test\/2015-2016-muzi\/\">2015\/2016<\/a><\/p>\n","protected":false},"excerpt":{"rendered":"<p>Historick\u00e9 v\u00fdsledky mu\u017e\u016f od sez\u00f3ny 2011\/12. 2011\/2012 2012\/2013 2013\/2014 2014\/2015 2015\/2016<\/p>\n","protected":false},"author":1,"featured_media":0,"parent":0,"menu_order":0,"comment_status":"closed","ping_status":"closed","template":"","meta":{"_eb_attr":"","_mc_calendar":[],"footnotes":""},"class_list":["post-2192","page","type-page","status-publish","hentry"],"_links":{"self":[{"href":"https:\/\/www.sklaznebohdanec.cz\/test\/wp-json\/wp\/v2\/pages\/2192","targetHints":{"allow":["GET"]}}],"collection":[{"href":"https:\/\/www.sklaznebohdanec.cz\/test\/wp-json\/wp\/v2\/pages"}],"about":[{"href":"https:\/\/www.sklaznebohdanec.cz\/test\/wp-json\/wp\/v2\/types\/page"}],"author":[{"embeddable":true,"href":"https:\/\/www.sklaznebohdanec.cz\/test\/wp-json\/wp\/v2\/users\/1"}],"replies":[{"embeddable":true,"href":"https:\/\/www.sklaznebohdanec.cz\/test\/wp-json\/wp\/v2\/comments?post=2192"}],"version-history":[{"count":5,"href":"https:\/\/www.sklaznebohdanec.cz\/test\/wp-json\/wp\/v2\/pages\/2192\/revisions"}],"predecessor-version":[{"id":2201,"href":"https:\/\/www.sklaznebohdanec.cz\/test\/wp-json\/wp\/v2\/pages\/2192\/revisions\/2201"}],"wp:attachment":[{"href":"https:\/\/www.sklaznebohdanec.cz\/test\/wp-json\/wp\/v2\/media?parent=2192"}],"curies":[{"name":"wp","href":"https:\/\/api.w.org\/{rel}","templated":true}]}}