{"id":2205,"date":"2026-02-09T14:23:53","date_gmt":"2026-02-09T13:23:53","guid":{"rendered":"https:\/\/www.sklaznebohdanec.cz\/test\/?page_id=2205"},"modified":"2026-02-09T16:01:35","modified_gmt":"2026-02-09T15:01:35","slug":"pojistka","status":"publish","type":"page","link":"https:\/\/www.sklaznebohdanec.cz\/test\/pojistka\/","title":{"rendered":"Pojistka"},"content":{"rendered":"\n<div class=\"wp-block-essential-blocks-text  root-eb-text-1em88\"><div class=\"eb-parent-wrapper eb-parent-eb-text-1em88 \"><div class=\"eb-text-wrapper eb-text-1em88\" data-id=\"eb-text-1em88\"><p class=\"eb-text\">Ka\u017ed\u00fd registrovan\u00fd \u010dlen SK L\u00e1zn\u011b Bohdane\u010d  je poji\u0161t\u011bn\u00fd a v p\u0159\u00edpadn\u011b \u00farazu vznikl\u00e9ho p\u0159i z\u00e1pase m\u016f\u017ee uplat\u0148ovat pln\u011bn\u00ed z t\u00e9to pojistky \u010cOV.<br>Pokud do\u0161lo ke zran\u011bn\u00ed, tak m\u016f\u017eete nal\u00e9zt <a href=\"https:\/\/www.olympijskytym.cz\/zakladni-pojisteni-urazu\" target=\"_blank\" rel=\"noreferrer noopener\">formul\u00e1\u0159<\/a> a vyplnit.<br>Vypln\u011bn\u00fd formul\u00e1\u0159 za\u0161lete nebo p\u0159ed\u00e1te <a href=\"https:\/\/www.sklaznebohdanec.cz\/test\/kontakty\/\" target=\"_blank\" rel=\"noreferrer noopener\">sekret\u00e1\u0159i<\/a> klubu, kter\u00fd ho opat\u0159\u00ed raz\u00edtkem.<br>Po jeho vr\u00e1cen\u00ed ho za\u0161lete poji\u0161\u0165ovn\u011b.<\/p><\/div><\/div><\/div>\n","protected":false},"excerpt":{"rendered":"","protected":false},"author":1,"featured_media":0,"parent":0,"menu_order":0,"comment_status":"closed","ping_status":"closed","template":"","meta":{"_eb_attr":"","_mc_calendar":[],"footnotes":""},"class_list":["post-2205","page","type-page","status-publish","hentry"],"_links":{"self":[{"href":"https:\/\/www.sklaznebohdanec.cz\/test\/wp-json\/wp\/v2\/pages\/2205","targetHints":{"allow":["GET"]}}],"collection":[{"href":"https:\/\/www.sklaznebohdanec.cz\/test\/wp-json\/wp\/v2\/pages"}],"about":[{"href":"https:\/\/www.sklaznebohdanec.cz\/test\/wp-json\/wp\/v2\/types\/page"}],"author":[{"embeddable":true,"href":"https:\/\/www.sklaznebohdanec.cz\/test\/wp-json\/wp\/v2\/users\/1"}],"replies":[{"embeddable":true,"href":"https:\/\/www.sklaznebohdanec.cz\/test\/wp-json\/wp\/v2\/comments?post=2205"}],"version-history":[{"count":7,"href":"https:\/\/www.sklaznebohdanec.cz\/test\/wp-json\/wp\/v2\/pages\/2205\/revisions"}],"predecessor-version":[{"id":2218,"href":"https:\/\/www.sklaznebohdanec.cz\/test\/wp-json\/wp\/v2\/pages\/2205\/revisions\/2218"}],"wp:attachment":[{"href":"https:\/\/www.sklaznebohdanec.cz\/test\/wp-json\/wp\/v2\/media?parent=2205"}],"curies":[{"name":"wp","href":"https:\/\/api.w.org\/{rel}","templated":true}]}}