{"id":2300,"date":"2026-03-12T16:04:40","date_gmt":"2026-03-12T15:04:40","guid":{"rendered":"https:\/\/www.sklaznebohdanec.cz\/test\/?page_id=2300"},"modified":"2026-03-12T16:05:56","modified_gmt":"2026-03-12T15:05:56","slug":"gdpr","status":"publish","type":"page","link":"https:\/\/www.sklaznebohdanec.cz\/test\/gdpr\/","title":{"rendered":"gdpr"},"content":{"rendered":"\n<h2 class=\"wp-block-heading has-text-color has-link-color wp-elements-2d3d3d70cadeafd2914e33f790121441\" style=\"color:#213ddd\">Ochrana osobn\u00edch \u00fadaj\u016f &#8211; GDPR<\/h2>\n\n\n\n<div class=\"wp-block-essential-blocks-text  root-eb-text-sypy7\"><div class=\"eb-parent-wrapper eb-parent-eb-text-sypy7 \"><div class=\"eb-text-wrapper eb-text-sypy7\" data-id=\"eb-text-sypy7\"><p class=\"eb-text\"><strong>Deklarace o ochran\u011b osobn\u00edch \u00fadaj\u016f \u2013 SK L\u00e1zn\u011b Bohdane\u010d, z.s.<\/strong><br>C\u00edlem vyd\u00e1n\u00ed tohoto dokumentu je informov\u00e1n\u00ed subjekt\u016f osobn\u00edch \u00fadaj\u016f (na\u0161ich \u010dlen\u016f, hr\u00e1\u010d\u016f, funkcion\u00e1\u0159\u016f nebo obchodn\u00edch partner\u016f) a cel\u00e9 sportovn\u00ed ve\u0159ejnosti, \u017ee SK L\u00e1zn\u011b Bohdane\u010d, z.s. zcela respektuje v\u00fdznam ochrany osobn\u00edch \u00fadaj\u016f a pot\u0159ebu jejich zabezpe\u010den\u00ed. SK L\u00e1zn\u011b Bohdane\u010d, z.s. z\u00e1rove\u0148 uji\u0161\u0165uje ve\u0159ejnost o z\u00e1konnosti sv\u00fdch postup\u016f a zavazuje vyvinout maxim\u00e1ln\u00ed \u00fasil\u00ed k ochran\u011b soukrom\u00ed subjekt\u016f v r\u00e1mci po\u017eadavk\u016f stanoven\u00fdch pr\u00e1vn\u00edmi p\u0159edpisy.<br>Z\u00e1kladem pro ochranu osobn\u00edch \u00fadaj\u016f je\u00a0<strong>Na\u0159\u00edzen\u00ed Evropsk\u00e9ho parlamentu a Rady (EU) 2016\/679 ze dne 27. dubna 2016 o ochran\u011b fyzick\u00fdch osob v souvislosti se zpracov\u00e1n\u00edm osobn\u00edch \u00fadaj\u016f a o voln\u00e9m pohybu t\u011bchto \u00fadaj\u016f a o zru\u0161en\u00ed sm\u011brnice 95\/46\/ES (d\u00e1le jen \u201eGDPR\u201c)\u00a0<\/strong>a Pr\u00e1vn\u00ed \u0159\u00e1d \u010cR. Tyto pr\u00e1vn\u00ed p\u0159edpisy SK L\u00e1zn\u011b Bohdane\u010d, z.s. dopl\u0148uje o intern\u00ed pravidla ochrany osobn\u00edch \u00fadaj\u016f, nap\u0159. bezpe\u010dnostn\u00ed sm\u011brnici, kter\u00e1 sm\u011b\u0159uje k\u00a0napln\u011bn\u00ed \u00fa\u010delu, tedy pos\u00edlen\u00ed pr\u00e1v subjekt\u016f osobn\u00edch \u00fadaj\u016f.<br><strong>Jak\u00e9 osobn\u00ed \u00fadaje zpracov\u00e1v\u00e1me?<\/strong><br>Osobn\u00edmi \u00fadaji se rozum\u00ed jak\u00e9koliv \u00fadaje, na jejich\u017e z\u00e1klad\u011b lze identifikovat fyzickou osobu. Nap\u0159. pokud o n\u011bkom v\u00edme, \u017ee je obr\u00e1nce Ban\u00edku Ostrava, nejedn\u00e1 se o osobn\u00ed \u00fadaj, nebo\u0165 jej na z\u00e1klad\u011b t\u00e9to informace neidentifikujeme. Pokud ale zn\u00e1me jeho \u010d\u00edslo na soupisce, lze kontrolou webov\u00e9ho prohl\u00ed\u017ee\u010de dohledat, o kterou osobu se konkr\u00e9tn\u011b jedn\u00e1. Jakmile je fyzick\u00e1 osoba identifikov\u00e1na, osobn\u00edm \u00fadajem je jak\u00fdkoli \u00fadaj o n\u00ed (nap\u0159. v\u00a0hokeji dr\u017een\u00ed hole P\/L, ve fotbale siln\u011bj\u0161\u00ed noha P\/L atp.).<br>Va\u0161e identifika\u010dn\u00ed osobn\u00ed \u00fadaje zpracov\u00e1v\u00e1me zejm\u00e9na za \u00fa\u010delem veden\u00ed sv\u00e9 \u010dlensk\u00e9 z\u00e1kladny, tak\u00e9 za \u00fa\u010delem dolo\u017een\u00ed na\u0161\u00ed \u010dlensk\u00e9 z\u00e1kladny v\u00a0r\u00e1mci struktury FA\u010cR a \u010cUS a p\u0159\u00edslu\u0161n\u00e9mu org\u00e1nu st\u00e1tn\u00ed spr\u00e1vy a samospr\u00e1vy, jako\u017e i kontroly Va\u0161\u00ed toto\u017enosti p\u0159i kon\u00e1n\u00ed sportovn\u00edch utk\u00e1n\u00ed. \u00a0Va\u0161e kontaktn\u00ed \u00fadaje zpracov\u00e1v\u00e1me za \u00fa\u010delem snadn\u00e9 komunikace s\u00a0V\u00e1mi.<br><strong>Pro\u010d zpracov\u00e1v\u00e1me Va\u0161e \u00fadaje<\/strong><br>Nej\u010dast\u011bj\u0161\u00edm d\u016fvodem pro zpracov\u00e1n\u00ed Va\u0161ich osobn\u00edch \u00fadaj\u016f je pln\u011bn\u00ed pr\u00e1vn\u00ed povinnosti, pln\u011bn\u00ed podm\u00ednek stanoven\u00fdch ve vnit\u0159n\u00edch p\u0159edpisech klubu, FA\u010cR a \u010cUS, smlouva, ve\u0159ejn\u00fd z\u00e1jem nebo ochrana \u017eivotn\u011b d\u016fle\u017eit\u00fdch z\u00e1jm\u016f subjektu. Pokud se rozhodnete, \u017ee chcete zpracov\u00e1n\u00ed n\u011bkter\u00fdch \u00fadaj\u016f odm\u00edtnout nebo vymazat, m\u00e1te mo\u017enost tak u\u010dinit p\u00edsemn\u011b na e-mailov\u00e9 adrese:\u00a0 sklaznebohdanec@seznam.cz<br>Upozor\u0148ujeme, \u017ee m\u016f\u017eeme smazat jen ty osobn\u00ed \u00fadaje, k\u00a0jejich\u017e zpracov\u00e1n\u00ed jsme pozbyli pr\u00e1vn\u00ed titul.<br><strong>Komu mohou b\u00fdt Va\u0161e osobn\u00ed \u00fadaje poskytnuty<\/strong><br>SK L\u00e1zn\u011b Bohdane\u010d, z.s. t\u00edmto uji\u0161\u0165uje, \u017ee nikdy nebude sd\u00edlet \u017e\u00e1dn\u00e9 osobn\u00ed \u00fadaje se t\u0159et\u00edmi stranami bez p\u0159edchoz\u00edho upozorn\u011bn\u00ed. V\u00a0p\u0159\u00edpad\u011b, \u017ee k\u00a0tomu dojde, SK L\u00e1zn\u011b Bohdane\u010d, z.s. se zavazuje se smluvn\u00edmi stranami uzav\u0159\u00edt smlouvu o dodr\u017eov\u00e1n\u00ed ochrany osobn\u00edch \u00fadaj\u016f. Va\u0161e osobn\u00ed \u00fadaje mohou b\u00fdt poskytnuty p\u0159\u00edslu\u0161n\u00e9mu sportovn\u00edmu svazu (FA\u010cR), p\u0159\u00edslu\u0161n\u00e9mu okresn\u00edmu sdru\u017een\u00ed \u010cesk\u00e9 unie sportu, v\u00fdkonn\u00e9mu v\u00fdboru \u010cesk\u00e9 unie sportu a p\u0159\u00edslu\u0161n\u00fdm org\u00e1n\u016fm st\u00e1tn\u00ed spr\u00e1vy a samospr\u00e1vy.<br><strong>Jak je zaji\u0161t\u011bna bezpe\u010dnost osobn\u00edch \u00fadaj\u016f<\/strong><br>Ve\u0161ker\u00e9 osobn\u00ed \u00fadaje jsou zpracov\u00e1v\u00e1ny a uchov\u00e1v\u00e1ny bezpe\u010dn\u011b, a to po dobu, kter\u00e1 je nezbytn\u00e1 vzhledem k\u00a0\u00fa\u010del\u016fm, pro kter\u00e9 byly poprv\u00e9 shrom\u00e1\u017ed\u011bny. SK L\u00e1zn\u011b Bohdane\u010d, z.s. disponuje v\u0161emi prost\u0159edky nutn\u00fdmi pro ochranu osobn\u00edch \u00fadaj\u016f, aby nedo\u0161lo k\u00a0jejich zni\u010den\u00ed, zm\u011bn\u011b, ztr\u00e1t\u011b, neopr\u00e1vn\u011bn\u00e9mu p\u0159\u00edstupu \u010di zpracov\u00e1n\u00ed nebo jin\u00e9mu zneu\u017eit\u00ed.<br><strong>Ud\u011blen\u00ed souhlasu<\/strong><br>S\u00a0v\u00fdjimkou z\u00e1konem, smlouvou, \u010di intern\u00edmi p\u0159edpisy stanoven\u00fdch p\u0159\u00edpad\u016f zpracov\u00e1v\u00e1me osobn\u00ed \u00fadaje v\u00fdlu\u010dn\u011b s\u00a0ud\u011blen\u00edm souhlasu subjektu \u00fadaj\u016f.<br><strong>Va\u0161e<\/strong>\u00a0<strong>pr\u00e1va<\/strong><br>V r\u00e1mci ochrany osobn\u00edch \u00fadaj\u016f dle GDPR m\u00e1te n\u00e1sleduj\u00edc\u00ed pr\u00e1va:<br><strong>Pr\u00e1vo na p\u0159\u00edstup k osobn\u00edm \u00fadaj\u016fm<\/strong>. Toto pr\u00e1vo je poskytov\u00e1no na z\u00e1klad\u011b \u017e\u00e1dosti. M\u00e1te pr\u00e1vo po SK L\u00e1zn\u011b Bohdane\u010d, z.s. po\u017eadovat informaci, zda Va\u0161e osobn\u00ed \u00fadaje zpracov\u00e1v\u00e1 a kter\u00e9 kategorie \u00fadaj\u016f se tato skute\u010dnost t\u00fdk\u00e1, spolu s \u00fa\u010delem, pro kter\u00fd jsou zpracov\u00e1v\u00e1ny a dobou, po kterou se takto bude d\u00edt. K t\u011bmto \u00fadaj\u016fm V\u00e1m na \u017e\u00e1dost bude umo\u017en\u011bn p\u0159\u00edstup \u010di bezplatn\u00e1 kopie zpracov\u00e1van\u00fdch \u00fadaj\u016f. Tento p\u0159\u00edstup V\u00e1m umo\u017e\u0148uje kontrolu, \u017ee s Va\u0161imi \u00fadaji nen\u00ed nakl\u00e1d\u00e1no nez\u00e1konn\u00fdm zp\u016fsobem.<br><strong>Pr\u00e1vo na p\u0159esnost osobn\u00edch \u00fadaj\u016f<\/strong>. SK L\u00e1zn\u011b Bohdane\u010d, z.s. p\u0159ijme ve\u0161ker\u00e1 opat\u0159en\u00ed, aby zpracov\u00e1val p\u0159esn\u00e9 a aktu\u00e1ln\u00ed \u00fadaje. SK L\u00e1zn\u011b Bohdane\u010d, z.s. m\u00e1 povinnost ov\u011b\u0159it, zda zpracov\u00e1v\u00e1 p\u0159esn\u00e9 \u00fadaje, v jin\u00e9m p\u0159\u00edpad\u011b je vyma\u017ee nebo oprav\u00ed.<br><strong>Pr\u00e1vo b\u00fdt zapomenut neboli pr\u00e1vo na v\u00fdmaz<\/strong>. Toto pr\u00e1vo V\u00e1m d\u00e1v\u00e1 mo\u017enost po\u017eadovat, aby SK L\u00e1zn\u011b Bohdane\u010d, z.s. vymazal Va\u0161e \u00fadaje a nad\u00e1le je neuchov\u00e1vala, pokud zde nebude jin\u00e1 z\u00e1konn\u00e1 p\u0159ek\u00e1\u017eka nap\u0159. z d\u016fvodu ve\u0159ejn\u00e9ho z\u00e1jmu \u010di pr\u00e1vn\u00ed povinnosti, je\u017e vy\u017eaduje zpracov\u00e1n\u00ed. Pokud by do\u0161lo k takov\u00e9 v\u00fdjimce, je SK L\u00e1zn\u011b Bohdane\u010d, z.s. povinen V\u00e1s informovat ve lh\u016ft\u011b 1 m\u011bs\u00edce.<br>D\u00e1le m\u00e1te v r\u00e1mci zpracov\u00e1n\u00ed osobn\u00edch \u00fadaj\u016f\u00a0<strong>pr\u00e1vo na p\u0159enositelnost<\/strong>. Toto pr\u00e1vo V\u00e1m umo\u017e\u0148uje p\u0159esouv\u00e1n\u00ed \u010di p\u0159ed\u00e1v\u00e1n\u00ed Va\u0161ich osobn\u00edch \u00fadaj\u016f mezi spr\u00e1vci osobn\u00edch \u00fadaj\u016f.<br>Jak ji\u017e bylo zm\u00edn\u011bno v\u00fd\u0161e, GDPR V\u00e1m d\u00e1v\u00e1\u00a0<strong>pr\u00e1vo kdykoliv vzn\u00e9st n\u00e1mitku<\/strong>\u00a0proti zpracov\u00e1n\u00ed osobn\u00edch \u00fadaj\u016f. V p\u0159\u00edpad\u011b vznesen\u00ed n\u00e1mitky SK L\u00e1zn\u011b Bohdane\u010d, z.s. p\u0159estane zpracov\u00e1vat Va\u0161e \u00fadaje, dokud neprok\u00e1\u017ee opr\u00e1vn\u011bn\u00e9 d\u016fvody pro zpracov\u00e1n\u00ed \u010di jin\u00e9 z\u00e1konn\u00e9 d\u016fvody.<br><strong>Kontaktujte n\u00e1s<\/strong><br>V\u00edme, \u017ee poskytov\u00e1n\u00ed osobn\u00edch \u00fadaj\u016f p\u0159edstavuje velice citlivou problematiku, proto v\u00a0p\u0159\u00edpad\u011b jak\u00e9hokoliv dotazu \u010di \u017e\u00e1dosti o vysv\u011btlen\u00ed n\u00e1s nev\u00e1hejte kontaktovat na e-mailov\u00e9 adrese: sklaznebohdanec@seznam.cz<\/p><\/div><\/div><\/div>\n","protected":false},"excerpt":{"rendered":"<p>Ochrana osobn\u00edch \u00fadaj\u016f &#8211; GDPR<\/p>\n","protected":false},"author":1,"featured_media":0,"parent":0,"menu_order":0,"comment_status":"closed","ping_status":"closed","template":"","meta":{"_eb_attr":"","_mc_calendar":[],"footnotes":""},"class_list":["post-2300","page","type-page","status-publish","hentry"],"_links":{"self":[{"href":"https:\/\/www.sklaznebohdanec.cz\/test\/wp-json\/wp\/v2\/pages\/2300","targetHints":{"allow":["GET"]}}],"collection":[{"href":"https:\/\/www.sklaznebohdanec.cz\/test\/wp-json\/wp\/v2\/pages"}],"about":[{"href":"https:\/\/www.sklaznebohdanec.cz\/test\/wp-json\/wp\/v2\/types\/page"}],"author":[{"embeddable":true,"href":"https:\/\/www.sklaznebohdanec.cz\/test\/wp-json\/wp\/v2\/users\/1"}],"replies":[{"embeddable":true,"href":"https:\/\/www.sklaznebohdanec.cz\/test\/wp-json\/wp\/v2\/comments?post=2300"}],"version-history":[{"count":2,"href":"https:\/\/www.sklaznebohdanec.cz\/test\/wp-json\/wp\/v2\/pages\/2300\/revisions"}],"predecessor-version":[{"id":2302,"href":"https:\/\/www.sklaznebohdanec.cz\/test\/wp-json\/wp\/v2\/pages\/2300\/revisions\/2302"}],"wp:attachment":[{"href":"https:\/\/www.sklaznebohdanec.cz\/test\/wp-json\/wp\/v2\/media?parent=2300"}],"curies":[{"name":"wp","href":"https:\/\/api.w.org\/{rel}","templated":true}]}}