{"id":779,"date":"2025-09-02T13:18:53","date_gmt":"2025-09-02T11:18:53","guid":{"rendered":"https:\/\/www.sklaznebohdanec.cz\/test\/?page_id=779"},"modified":"2026-04-15T16:14:10","modified_gmt":"2026-04-15T14:14:10","slug":"kontakty","status":"publish","type":"page","link":"https:\/\/www.sklaznebohdanec.cz\/test\/kontakty\/","title":{"rendered":"kontakty"},"content":{"rendered":"\n<p><strong>ADRESA:<\/strong><\/p>\n\n\n\n<p><strong>SK L\u00e1zn\u011b Bohdane\u010d, z.s.<\/strong><\/p>\n\n\n\n<p>Kosinova 282<\/p>\n\n\n\n<p>533 41 L\u00e1zn\u011b Bohdane\u010d<\/p>\n\n\n\n<p>klubov\u00fd e-mail: <a href=\"mailto:sklaznebohdanec@seznam.cz\" target=\"_blank\" rel=\"noreferrer noopener\">sklaznebohdanec@seznam.cz<\/a><\/p>\n\n\n\n<div class=\"wp-block-columns is-layout-flex wp-container-core-columns-is-layout-9d6595d7 wp-block-columns-is-layout-flex\">\n<div class=\"wp-block-column is-layout-flow wp-block-column-is-layout-flow\">\n<div class=\"wp-block-columns is-layout-flex wp-container-core-columns-is-layout-9d6595d7 wp-block-columns-is-layout-flex\">\n<div class=\"wp-block-column is-layout-flow wp-block-column-is-layout-flow\">\n<figure class=\"wp-block-image is-resized\"><a href=\"https:\/\/www.facebook.com\/sklaznebohdanec\/\" target=\"_blank\" rel=\"noreferrer noopener\"><img decoding=\"async\" src=\"http:\/\/www.sklaznebohdanec.cz\/fotbal\/wp-content\/uploads\/2018\/11\/1437000604121-300x300.png\" alt=\"\" class=\"wp-image-10154\" style=\"width:74px;height:auto\"\/><\/a><\/figure>\n<\/div>\n\n\n\n<div class=\"wp-block-column is-layout-flow wp-block-column-is-layout-flow\">\n<figure class=\"wp-block-image is-resized\"><a href=\"https:\/\/www.instagram.com\/sklaznebohdanec\/\" target=\"_blank\" rel=\"noreferrer noopener\"><img decoding=\"async\" src=\"http:\/\/www.sklaznebohdanec.cz\/fotbal\/wp-content\/uploads\/2018\/11\/instagram-mod-apk.png\" alt=\"\" class=\"wp-image-10156\" style=\"width:81px;height:auto\"\/><\/a><\/figure>\n<\/div>\n<\/div>\n<\/div>\n\n\n\n<div class=\"wp-block-column is-layout-flow wp-block-column-is-layout-flow\">\n<div class=\"wp-block-columns is-layout-flex wp-container-core-columns-is-layout-9d6595d7 wp-block-columns-is-layout-flex\">\n<div class=\"wp-block-column is-layout-flow wp-block-column-is-layout-flow\">\n<figure class=\"wp-block-image is-resized\"><a href=\"https:\/\/twitter.com\/SKBohdanec\" target=\"_blank\" rel=\" noreferrer noopener\"><img decoding=\"async\" src=\"http:\/\/www.sklaznebohdanec.cz\/fotbal\/wp-content\/uploads\/2018\/11\/Twitter_logo_blue-300x244.png\" alt=\"\" class=\"wp-image-10153\" style=\"width:79px;height:auto\"\/><\/a><\/figure>\n<\/div>\n\n\n\n<div class=\"wp-block-column is-layout-flow wp-block-column-is-layout-flow\">\n<figure class=\"wp-block-image is-resized\"><a href=\"https:\/\/www.youtube.com\/channel\/UCiivCzwDz1Z_C4n9mg4xLzw?view_as=subscriber\" target=\"_blank\" rel=\"noreferrer noopener\"><img decoding=\"async\" src=\"http:\/\/www.sklaznebohdanec.cz\/fotbal\/wp-content\/uploads\/2018\/11\/ikona_youtube.jpg\" alt=\"\" class=\"wp-image-10155\" style=\"width:88px;height:auto\"\/><\/a><\/figure>\n<\/div>\n<\/div>\n<\/div>\n<\/div>\n\n\n\n<ul class=\"wp-block-list\">\n<li>SEKRET\u00c1\u0158 KLUBU: <strong>Ale\u0161 Eisner<\/strong> (+420 602 238 962,&nbsp;<a href=\"mailto:ales.eisner@upce.cz\" target=\"_blank\" rel=\"noreferrer noopener\">ales.eisner@upce.cz<\/a>)<\/li>\n\n\n\n<li>\u0160\u00c9FTREN\u00c9R DOROSTU A \u017d\u00c1K\u016e: <strong>Samuel Nov\u00e1k <\/strong>(+421 915 738 943, <a href=\"mailto:cipisek10@gmail.com\">cipisek10@gmail.com<\/a>)<\/li>\n\n\n\n<li>\u0160\u00c9FTREN\u00c9R P\u0158\u00cdPRAVEK: <strong>Jan Baldrych <\/strong>(+420 721 700 726, <a href=\"mailto:janbaldrych@seznam.cz\">janbaldrych@seznam.cz<\/a>)<\/li>\n\n\n\n<li>SPR\u00c1VCE STADIONU:&nbsp;<strong>Roman \u010cada<\/strong> (+420 724 401 275, <a href=\"mailto:roman.cud@seznam.cz\" target=\"_blank\" rel=\"noreferrer noopener\">roman.cud@seznam.cz<\/a>)<\/li>\n<\/ul>\n\n\n\n<hr class=\"wp-block-separator has-alpha-channel-opacity is-style-wide\"\/>\n\n\n\n<h2 class=\"wp-block-heading has-text-align-center\"><em><strong>MU\u017dI:<\/strong><\/em><\/h2>\n\n\n\n<ul class=\"wp-block-list\">\n<li>VEDOUC\u00cd MU\u017dSTVA: <strong>Eisner Ale\u0161<\/strong> (+420 602 238 962,&nbsp;<a href=\"mailto:ales.eisner@upce.cz\" target=\"_blank\" rel=\"noreferrer noopener\">ales.eisner@upce.cz<\/a>)<\/li>\n\n\n\n<li>TREN\u00c9R: <strong>Pila\u0159 Lubo\u0161<\/strong><\/li>\n\n\n\n<li>ASISTENT TREN\u00c9RA: <strong>Kakrda Vojt\u011bch<\/strong><\/li>\n<\/ul>\n\n\n\n<hr class=\"wp-block-separator has-alpha-channel-opacity is-style-wide\"\/>\n\n\n\n<h2 class=\"wp-block-heading has-text-align-center\">DOROST<\/h2>\n\n\n\n<div class=\"wp-block-columns is-layout-flex wp-container-core-columns-is-layout-9d6595d7 wp-block-columns-is-layout-flex\">\n<div class=\"wp-block-column is-layout-flow wp-block-column-is-layout-flow\">\n<p class=\"has-text-align-left has-medium-font-size\"><strong><em>STAR\u0160\u00cd DOROST &#8211; U19:<\/em><\/strong><\/p>\n\n\n\n<ul class=\"wp-block-list\">\n<li>TREN\u00c9R: <strong>Filip Uhl\u00ed\u0159 <\/strong>(+420 730 104 311)<\/li>\n\n\n\n<li>TREN\u00c9R: <strong>Lyson\u011bk Enrique<\/strong>(+420 724 391 188)<\/li>\n<\/ul>\n<\/div>\n\n\n\n<div class=\"wp-block-column is-layout-flow wp-block-column-is-layout-flow\">\n<p class=\"has-text-align-left has-medium-font-size\"><strong><em>MLAD\u0160\u00cd DOROST &#8211; U17:<\/em><\/strong><\/p>\n\n\n\n<ul class=\"wp-block-list\">\n<li>TREN\u00c9R: <strong>Nov\u00e1k Samuel&nbsp;<\/strong>(+421 915 738 943, <a href=\"mailto:cipisek10@gmail.com\">cipisek10@gmail.com<\/a>)<\/li>\n\n\n\n<li>TREN\u00c9R: <strong>Ale\u0161 Eisner<\/strong> (+420 602 238 962,&nbsp;<a href=\"mailto:ales.eisner@upce.cz\" target=\"_blank\" rel=\"noreferrer noopener\">ales.eisner@upce.cz<\/a>)<\/li>\n<\/ul>\n<\/div>\n<\/div>\n\n\n\n<hr class=\"wp-block-separator has-alpha-channel-opacity is-style-wide\"\/>\n\n\n\n<h2 class=\"wp-block-heading has-text-align-center\">\u017d\u00c1CI<\/h2>\n\n\n\n<div class=\"wp-block-columns is-layout-flex wp-container-core-columns-is-layout-9d6595d7 wp-block-columns-is-layout-flex\">\n<div class=\"wp-block-column is-layout-flow wp-block-column-is-layout-flow\">\n<p><em><strong>STAR\u0160\u00cd \u017d\u00c1CI &#8211; U15:<\/strong><\/em><\/p>\n\n\n\n<ul class=\"wp-block-list\">\n<li>TREN\u00c9R: <strong>Maty\u00e1\u0161 Barton\u00ed\u010dek&nbsp;<\/strong>(+420 737 272 004)<\/li>\n\n\n\n<li>TREN\u00c9R: <strong>Ond\u0159ej Norek&nbsp;<\/strong>(+420 773 621 448)<\/li>\n<\/ul>\n<\/div>\n\n\n\n<div class=\"wp-block-column is-layout-flow wp-block-column-is-layout-flow\">\n<p><strong><em>MLAD\u0160\u00cd \u017d\u00c1CI &#8211; U13:<\/em><\/strong><\/p>\n\n\n\n<ul class=\"wp-block-list\">\n<li>TREN\u00c9R:<strong> Kova\u0159\u00edk Jan <\/strong>(+420 605 046 380)<\/li>\n\n\n\n<li>TREN\u00c9R:<strong> Jand\u00e1k Martin&nbsp;<\/strong>(+420 724 401 287)<\/li>\n<\/ul>\n\n\n\n<ul class=\"wp-block-list\">\n<li><\/li>\n<\/ul>\n<\/div>\n<\/div>\n\n\n\n<hr class=\"wp-block-separator has-alpha-channel-opacity is-style-wide\"\/>\n\n\n\n<h2 class=\"wp-block-heading has-text-align-center\">P\u0158\u00cdPRAVKY<\/h2>\n\n\n\n<div class=\"wp-block-columns is-layout-flex wp-container-core-columns-is-layout-9d6595d7 wp-block-columns-is-layout-flex\">\n<div class=\"wp-block-column is-layout-flow wp-block-column-is-layout-flow\">\n<p><em><strong>STAR\u0160\u00cd P\u0158\u00cdPRAVKA &#8211; U11:<\/strong><\/em><\/p>\n\n\n\n<ul class=\"wp-block-list\">\n<li>TREN\u00c9R: <strong>Marek Putnar&nbsp;<\/strong>(+420 725 954 150)<\/li>\n\n\n\n<li>TREN\u00c9R: <strong>Ond\u0159ej Vlk <\/strong>(+420 608 284 770)<\/li>\n<\/ul>\n<\/div>\n\n\n\n<div class=\"wp-block-column is-layout-flow wp-block-column-is-layout-flow\">\n<p><em><strong>MLAD\u0160\u00cd P\u0158\u00cdPRAVKA &#8211; U9:<\/strong><\/em><\/p>\n\n\n\n<ul class=\"wp-block-list\">\n<li>TREN\u00c9R: <strong>Jan Baldrych <\/strong>(+420 721 700 726, <a href=\"mailto:janbaldrych@seznam.cz\">janbaldrych@seznam.cz<\/a>)<\/li>\n\n\n\n<li>TREN\u00c9R: <strong>Lud\u011bk Bro\u017e<\/strong><br><\/li>\n<\/ul>\n<\/div>\n\n\n\n<div class=\"wp-block-column is-layout-flow wp-block-column-is-layout-flow\">\n<p><em><strong>MLAD\u0160\u00cd P\u0158\u00cdPRAVKA &#8211; U8:<\/strong><\/em><\/p>\n\n\n\n<div class=\"wp-block-essential-blocks-text  root-eb-text-i99ky\"><div class=\"eb-parent-wrapper eb-parent-eb-text-i99ky \"><div class=\"eb-text-wrapper eb-text-i99ky\" data-id=\"eb-text-i99ky\"><p class=\"eb-text\">TREN\u00c9R: <strong>Jan Baldrych <\/strong>(+420 721 700 726, <a href=\"mailto:janbaldrych@seznam.cz\">janbaldrych@seznam.cz<\/a>)<br>TREN\u00c9R: <strong>Putnar Marek<\/strong><\/p><\/div><\/div><\/div>\n<\/div>\n<\/div>\n\n\n\n<hr class=\"wp-block-separator has-alpha-channel-opacity is-style-wide\"\/>\n\n\n\n<div class=\"wp-block-columns is-layout-flex wp-container-core-columns-is-layout-9d6595d7 wp-block-columns-is-layout-flex\">\n<div class=\"wp-block-column is-layout-flow wp-block-column-is-layout-flow\">\n<p><em><strong>FOTBALOV\u00c1 \u0160KOLI\u010cKA &#8211; U7 a mlad\u0161\u00ed:<\/strong><\/em><\/p>\n\n\n\n<ul class=\"wp-block-list\">\n<li>TREN\u00c9R:<strong> Dvo\u0159\u00e1k Marek<\/strong><\/li>\n\n\n\n<li>TREN\u00c9R:<strong> Szekereszov\u00e1 Tereza<\/strong><\/li>\n\n\n\n<li>TREN\u00c9R: <strong>Szekeresz Radek<\/strong><\/li>\n<\/ul>\n<\/div>\n\n\n\n<div class=\"wp-block-column is-layout-flow wp-block-column-is-layout-flow\">\n<p><strong><em>FOTBALOV\u00dd KROU\u017dEK:<\/em><\/strong><\/p>\n\n\n\n<ul class=\"wp-block-list\">\n<li>TREN\u00c9R: <strong>Reich Jakub<\/strong><\/li>\n\n\n\n<li>TREN\u00c9R: <strong>Straka Jaroslav<\/strong><\/li>\n\n\n\n<li>TREN\u00c9R: <strong>Krej\u010d\u00ed Lubo\u0161<\/strong><\/li>\n<\/ul>\n<\/div>\n<\/div>\n\n\n\n<ul class=\"wp-block-list\">\n<li><\/li>\n<\/ul>\n\n\n\n<p><\/p>\n","protected":false},"excerpt":{"rendered":"<p>ADRESA: SK L\u00e1zn\u011b Bohdane\u010d, z.s. Kosinova 282 533 41 L\u00e1zn\u011b Bohdane\u010d klubov\u00fd e-mail: sklaznebohdanec@seznam.cz MU\u017dI: DOROST STAR\u0160\u00cd DOROST &#8211; U19: MLAD\u0160\u00cd DOROST &#8211; U17: \u017d\u00c1CI STAR\u0160\u00cd \u017d\u00c1CI &#8211; U15: MLAD\u0160\u00cd \u017d\u00c1CI &#8211; U13: P\u0158\u00cdPRAVKY STAR\u0160\u00cd P\u0158\u00cdPRAVKA &#8211; U11: MLAD\u0160\u00cd P\u0158\u00cdPRAVKA &#8211; U9: MLAD\u0160\u00cd P\u0158\u00cdPRAVKA &#8211; U8: FOTBALOV\u00c1 \u0160KOLI\u010cKA &#8211; U7&#8230; <a class=\"continue-reading-link\" href=\"https:\/\/www.sklaznebohdanec.cz\/test\/kontakty\/\"> Continue reading <span class=\"meta-nav\">&rarr; <\/span><\/a><\/p>\n","protected":false},"author":1,"featured_media":0,"parent":0,"menu_order":0,"comment_status":"closed","ping_status":"closed","template":"","meta":{"_eb_attr":"","_mc_calendar":[],"footnotes":""},"class_list":["post-779","page","type-page","status-publish","hentry"],"_links":{"self":[{"href":"https:\/\/www.sklaznebohdanec.cz\/test\/wp-json\/wp\/v2\/pages\/779","targetHints":{"allow":["GET"]}}],"collection":[{"href":"https:\/\/www.sklaznebohdanec.cz\/test\/wp-json\/wp\/v2\/pages"}],"about":[{"href":"https:\/\/www.sklaznebohdanec.cz\/test\/wp-json\/wp\/v2\/types\/page"}],"author":[{"embeddable":true,"href":"https:\/\/www.sklaznebohdanec.cz\/test\/wp-json\/wp\/v2\/users\/1"}],"replies":[{"embeddable":true,"href":"https:\/\/www.sklaznebohdanec.cz\/test\/wp-json\/wp\/v2\/comments?post=779"}],"version-history":[{"count":60,"href":"https:\/\/www.sklaznebohdanec.cz\/test\/wp-json\/wp\/v2\/pages\/779\/revisions"}],"predecessor-version":[{"id":2510,"href":"https:\/\/www.sklaznebohdanec.cz\/test\/wp-json\/wp\/v2\/pages\/779\/revisions\/2510"}],"wp:attachment":[{"href":"https:\/\/www.sklaznebohdanec.cz\/test\/wp-json\/wp\/v2\/media?parent=779"}],"curies":[{"name":"wp","href":"https:\/\/api.w.org\/{rel}","templated":true}]}}