{"id":799,"date":"2025-09-02T14:19:35","date_gmt":"2025-09-02T12:19:35","guid":{"rendered":"https:\/\/www.sklaznebohdanec.cz\/test\/?page_id=799"},"modified":"2026-04-15T14:31:15","modified_gmt":"2026-04-15T12:31:15","slug":"klub","status":"publish","type":"page","link":"https:\/\/www.sklaznebohdanec.cz\/test\/klub\/","title":{"rendered":"klub"},"content":{"rendered":"\n<p><\/p>\n\n\n\n<div class=\"wp-block-columns is-layout-flex wp-container-core-columns-is-layout-9d6595d7 wp-block-columns-is-layout-flex\">\n<div class=\"wp-block-column is-layout-flow wp-block-column-is-layout-flow\">\n<p><strong>V\u00ddKONN\u00dd V\u00ddBOR:<\/strong><\/p>\n\n\n\n<ul class=\"wp-block-list\">\n<li>P\u0159edseda:&nbsp;<strong>Bc.&nbsp;David&nbsp;Mart\u00ednek<\/strong><\/li>\n\n\n\n<li>M\u00edstop\u0159edseda:&nbsp;<strong>Mgr. Radek L\u00e1t<\/strong><\/li>\n\n\n\n<li>M\u00edstop\u0159edseda: <strong>Ji\u0159\u00ed Zackl<\/strong><\/li>\n<\/ul>\n<\/div>\n\n\n\n<div class=\"wp-block-column is-layout-flow wp-block-column-is-layout-flow\">\n<p><strong>INFORMACE O KLUBU:<\/strong><\/p>\n\n\n\n<ul class=\"wp-block-list\">\n<li><strong>I\u010c:&nbsp;<\/strong>22897216<\/li>\n\n\n\n<li><strong>ID (FA\u010cR): <\/strong>5320861<\/li>\n\n\n\n<li><strong>\u010d.\u00fa.:&nbsp;<\/strong>2600734971\/2010<\/li>\n<\/ul>\n<\/div>\n<\/div>\n\n\n\n<hr class=\"wp-block-separator has-alpha-channel-opacity is-style-wide\"\/>\n\n\n\n<ul class=\"wp-block-list\">\n<li>Sekret\u00e1\u0159:\u00a0<strong>Ing. Ale\u0161 Eisner, Ph.D.<\/strong><\/li>\n<\/ul>\n\n\n\n<hr class=\"wp-block-separator has-alpha-channel-opacity is-style-wide\"\/>\n\n\n\n<div class=\"wp-block-columns is-layout-flex wp-container-core-columns-is-layout-9d6595d7 wp-block-columns-is-layout-flex\">\n<div class=\"wp-block-column is-layout-flow wp-block-column-is-layout-flow\">\n<p><strong>V\u00ddBOR SPORTOVN\u00cdHO KLUBU:<\/strong><\/p>\n\n\n\n<ul class=\"wp-block-list\">\n<li>SK Klub: <strong>Lubo\u0161 Tyller<\/strong><\/li>\n\n\n\n<li>Fotbal: <strong>Jan Baldrych<\/strong><\/li>\n\n\n\n<li>Volejbal: <strong>Ing. Jan Skl\u00e1dal<\/strong><\/li>\n\n\n\n<li>Vzp\u00edr\u00e1n\u00ed: <strong>Jan Zelen\u00e1k<\/strong><\/li>\n<\/ul>\n<\/div>\n\n\n\n<div class=\"wp-block-column is-layout-flow wp-block-column-is-layout-flow\">\n<p><strong>FOTBALOV\u00dd V\u00ddBOR<\/strong><\/p>\n\n\n\n<ul class=\"wp-block-list\">\n<li>Bc. David Mart\u00ednek<\/li>\n\n\n\n<li>Mgr. Radek L\u00e1t<\/li>\n\n\n\n<li>Ing. Ale\u0161 Eisner<\/li>\n\n\n\n<li>Vladim\u00edr Borovec<\/li>\n\n\n\n<li>Lubo\u0161 Tyller<\/li>\n\n\n\n<li>Roman \u010cada<\/li>\n<\/ul>\n<\/div>\n<\/div>\n\n\n\n<p><\/p>\n\n\n\n<ul class=\"wp-block-list\"><\/ul>\n\n\n\n<p><\/p>\n","protected":false},"excerpt":{"rendered":"<p>V\u00ddKONN\u00dd V\u00ddBOR: INFORMACE O KLUBU: V\u00ddBOR SPORTOVN\u00cdHO KLUBU: FOTBALOV\u00dd V\u00ddBOR<\/p>\n","protected":false},"author":1,"featured_media":0,"parent":0,"menu_order":0,"comment_status":"closed","ping_status":"closed","template":"","meta":{"_eb_attr":"","_mc_calendar":[],"footnotes":""},"class_list":["post-799","page","type-page","status-publish","hentry"],"_links":{"self":[{"href":"https:\/\/www.sklaznebohdanec.cz\/test\/wp-json\/wp\/v2\/pages\/799","targetHints":{"allow":["GET"]}}],"collection":[{"href":"https:\/\/www.sklaznebohdanec.cz\/test\/wp-json\/wp\/v2\/pages"}],"about":[{"href":"https:\/\/www.sklaznebohdanec.cz\/test\/wp-json\/wp\/v2\/types\/page"}],"author":[{"embeddable":true,"href":"https:\/\/www.sklaznebohdanec.cz\/test\/wp-json\/wp\/v2\/users\/1"}],"replies":[{"embeddable":true,"href":"https:\/\/www.sklaznebohdanec.cz\/test\/wp-json\/wp\/v2\/comments?post=799"}],"version-history":[{"count":6,"href":"https:\/\/www.sklaznebohdanec.cz\/test\/wp-json\/wp\/v2\/pages\/799\/revisions"}],"predecessor-version":[{"id":2507,"href":"https:\/\/www.sklaznebohdanec.cz\/test\/wp-json\/wp\/v2\/pages\/799\/revisions\/2507"}],"wp:attachment":[{"href":"https:\/\/www.sklaznebohdanec.cz\/test\/wp-json\/wp\/v2\/media?parent=799"}],"curies":[{"name":"wp","href":"https:\/\/api.w.org\/{rel}","templated":true}]}}