{"id":804,"date":"2025-09-02T14:30:06","date_gmt":"2025-09-02T12:30:06","guid":{"rendered":"https:\/\/www.sklaznebohdanec.cz\/test\/?page_id=804"},"modified":"2026-01-20T15:37:13","modified_gmt":"2026-01-20T14:37:13","slug":"vstupne","status":"publish","type":"page","link":"https:\/\/www.sklaznebohdanec.cz\/test\/vstupne\/","title":{"rendered":"vstupn\u00e9"},"content":{"rendered":"\n<h2 class=\"wp-block-heading\"><strong>TLAPNET 5. liga Pardubick\u00e9ho kraje<\/strong> <strong>mu\u017e\u016f<\/strong><\/h2>\n\n\n\n<p><strong>Vstupn\u00e9:<\/strong> 40,- K\u010d (\u017eeny, d\u011bti do patn\u00e1cti let a majitel\u00e9 platn\u00e9 klubov\u00e9 karty zdarma)<\/p>\n\n\n\n<hr class=\"wp-block-separator has-alpha-channel-opacity is-style-wide\"\/>\n\n\n\n<h2 class=\"wp-block-heading\">10<strong>. V\u0161esportovn\u00ed ples 21.2.2026, 20,00 hod.<\/strong><\/h2>\n\n\n\n<p>Vstupn\u00e9 s m\u00edstenkou 250,- K\u010d,&nbsp;<\/p>\n\n\n\n<p>P\u0159edprodej vstupenek za\u010d\u00edn\u00e1 v pond\u011bl\u00ed 16.1. 2026 na klubu SK L\u00e1zn\u011b Bohdane\u010d. Ka\u017ed\u00fd p\u00e1tek od 18 do 21 hodin.<\/p>\n\n\n\n<p>Objedn\u00e1vky vstupenek u sekret\u00e1\u0159e p\u0159es Messenger, WatsApp, SMS nebo mail: sklaznebohdanec2011@gmail.com.<\/p>\n\n\n\n<p>Na m\u00edst\u011b prodej vstupenek bez m\u00edstenky 200,- K\u010d<\/p>\n\n\n\n<hr class=\"wp-block-separator has-alpha-channel-opacity is-style-wide\"\/>\n\n\n\n<h2 class=\"wp-block-heading\"><strong>Ostatn\u00ed akce<\/strong><\/h2>\n\n\n\n<p>Vstupn\u00e9 se \u0159\u00edd\u00ed na\u0159\u00edzen\u00edm klubu ke ka\u017ed\u00e9 konkr\u00e9tn\u00ed akci.<\/p>\n","protected":false},"excerpt":{"rendered":"<p>TLAPNET 5. liga Pardubick\u00e9ho kraje mu\u017e\u016f Vstupn\u00e9: 40,- K\u010d (\u017eeny, d\u011bti do patn\u00e1cti let a majitel\u00e9 platn\u00e9 klubov\u00e9 karty zdarma) 10. V\u0161esportovn\u00ed ples 21.2.2026, 20,00 hod. Vstupn\u00e9 s m\u00edstenkou 250,- K\u010d,&nbsp; P\u0159edprodej vstupenek za\u010d\u00edn\u00e1 v pond\u011bl\u00ed 16.1. 2026 na klubu SK L\u00e1zn\u011b Bohdane\u010d. Ka\u017ed\u00fd p\u00e1tek od 18 do 21 hodin&#8230;. <a class=\"continue-reading-link\" href=\"https:\/\/www.sklaznebohdanec.cz\/test\/vstupne\/\"> Continue reading <span class=\"meta-nav\">&rarr; <\/span><\/a><\/p>\n","protected":false},"author":1,"featured_media":0,"parent":0,"menu_order":0,"comment_status":"closed","ping_status":"closed","template":"","meta":{"_eb_attr":"","_mc_calendar":[],"footnotes":""},"class_list":["post-804","page","type-page","status-publish","hentry"],"_links":{"self":[{"href":"https:\/\/www.sklaznebohdanec.cz\/test\/wp-json\/wp\/v2\/pages\/804","targetHints":{"allow":["GET"]}}],"collection":[{"href":"https:\/\/www.sklaznebohdanec.cz\/test\/wp-json\/wp\/v2\/pages"}],"about":[{"href":"https:\/\/www.sklaznebohdanec.cz\/test\/wp-json\/wp\/v2\/types\/page"}],"author":[{"embeddable":true,"href":"https:\/\/www.sklaznebohdanec.cz\/test\/wp-json\/wp\/v2\/users\/1"}],"replies":[{"embeddable":true,"href":"https:\/\/www.sklaznebohdanec.cz\/test\/wp-json\/wp\/v2\/comments?post=804"}],"version-history":[{"count":8,"href":"https:\/\/www.sklaznebohdanec.cz\/test\/wp-json\/wp\/v2\/pages\/804\/revisions"}],"predecessor-version":[{"id":1273,"href":"https:\/\/www.sklaznebohdanec.cz\/test\/wp-json\/wp\/v2\/pages\/804\/revisions\/1273"}],"wp:attachment":[{"href":"https:\/\/www.sklaznebohdanec.cz\/test\/wp-json\/wp\/v2\/media?parent=804"}],"curies":[{"name":"wp","href":"https:\/\/api.w.org\/{rel}","templated":true}]}}