{"id":812,"date":"2025-09-02T14:44:21","date_gmt":"2025-09-02T12:44:21","guid":{"rendered":"https:\/\/www.sklaznebohdanec.cz\/test\/?page_id=812"},"modified":"2025-09-02T14:46:31","modified_gmt":"2025-09-02T12:46:31","slug":"permanentka","status":"publish","type":"page","link":"https:\/\/www.sklaznebohdanec.cz\/test\/permanentka\/","title":{"rendered":"permanentka"},"content":{"rendered":"\n<h2 class=\"wp-block-heading\">\u010dlensk\u00e1 klubov\u00e1 karta &#8211; permanentka<\/h2>\n\n\n\n<p>Majiteli klubov\u00e9 karty je povolen zdarma vstup na v\u0161echny z\u00e1pasy po\u0159\u00e1dan\u00e9 SK L\u00e1zn\u011b Bohdane\u010d v are\u00e1lu Na Ba\u0161t\u011b. D\u00e1le je opr\u00e1vn\u011bn vyu\u017e\u00edvat v\u0161echny v\u00fdhody, spojen\u00e9 s dr\u017een\u00edm klubov\u00e9 karty, vyhl\u00e1\u0161en\u00e9 SK L\u00e1zn\u011b Bohdane\u010d a vztahuj\u00edc\u00ed se v\u017edy na konkr\u00e9tn\u00ed akci. (slevy na vstupn\u00e9 apod.). Majiteli karty a jednomu \u010dlenu jeho doprovodu je tak\u00e9, b\u011bhem z\u00e1pasu, povolen vstup do klubovny a klubov\u00e9 z\u00f3ny.<\/p>\n\n\n\n<p>Poplatek za u\u017e\u00edv\u00e1n\u00ed karty \u010din\u00ed <strong>400,-<\/strong> K\u010d. Karta je vyd\u00e1v\u00e1na v\u017edy na aktu\u00e1ln\u00ed sez\u00f3nu.<\/p>\n\n\n\n<h2 class=\"wp-block-heading\">V.I.P. karta<\/h2>\n\n\n\n<p>V.I.P. Klubov\u00e1 karta je zdarma a plat\u00ed bez omezen\u00ed.<\/p>\n\n\n\n<h2 class=\"wp-block-heading\">Do\u010dasn\u00e1 klubov\u00e1 karta &#8211; permanentka<\/h2>\n\n\n\n<p>Do\u010dasnou klubovou kartu lze z\u00edskat pouze ve zvl\u00e1\u0161tn\u00edch p\u0159\u00edpadech ur\u010den\u00fdch klubem. Jedn\u00e1 se zpravidla o v\u00fdhru v plesov\u00e9 tombole, odm\u011bnu za \u010dinnost, v\u00fdhru v z\u00e1pasov\u00e9 tombole apod. Pou\u017eit\u00ed do\u010dasn\u00e9 klubov\u00e9 karty se \u0159\u00edd\u00ed term\u00ednem a pravidly uveden\u00fdmi na kart\u011b.<\/p>\n","protected":false},"excerpt":{"rendered":"<p>\u010dlensk\u00e1 klubov\u00e1 karta &#8211; permanentka Majiteli klubov\u00e9 karty je povolen zdarma vstup na v\u0161echny z\u00e1pasy po\u0159\u00e1dan\u00e9 SK L\u00e1zn\u011b Bohdane\u010d v are\u00e1lu Na Ba\u0161t\u011b. D\u00e1le je opr\u00e1vn\u011bn vyu\u017e\u00edvat v\u0161echny v\u00fdhody, spojen\u00e9 s dr\u017een\u00edm klubov\u00e9 karty, vyhl\u00e1\u0161en\u00e9 SK L\u00e1zn\u011b Bohdane\u010d a vztahuj\u00edc\u00ed se v\u017edy na konkr\u00e9tn\u00ed akci. (slevy na vstupn\u00e9 apod.). Majiteli&#8230; <a class=\"continue-reading-link\" href=\"https:\/\/www.sklaznebohdanec.cz\/test\/permanentka\/\"> Continue reading <span class=\"meta-nav\">&rarr; <\/span><\/a><\/p>\n","protected":false},"author":1,"featured_media":0,"parent":0,"menu_order":0,"comment_status":"closed","ping_status":"closed","template":"","meta":{"_eb_attr":"","_mc_calendar":[],"footnotes":""},"class_list":["post-812","page","type-page","status-publish","hentry"],"_links":{"self":[{"href":"https:\/\/www.sklaznebohdanec.cz\/test\/wp-json\/wp\/v2\/pages\/812","targetHints":{"allow":["GET"]}}],"collection":[{"href":"https:\/\/www.sklaznebohdanec.cz\/test\/wp-json\/wp\/v2\/pages"}],"about":[{"href":"https:\/\/www.sklaznebohdanec.cz\/test\/wp-json\/wp\/v2\/types\/page"}],"author":[{"embeddable":true,"href":"https:\/\/www.sklaznebohdanec.cz\/test\/wp-json\/wp\/v2\/users\/1"}],"replies":[{"embeddable":true,"href":"https:\/\/www.sklaznebohdanec.cz\/test\/wp-json\/wp\/v2\/comments?post=812"}],"version-history":[{"count":3,"href":"https:\/\/www.sklaznebohdanec.cz\/test\/wp-json\/wp\/v2\/pages\/812\/revisions"}],"predecessor-version":[{"id":815,"href":"https:\/\/www.sklaznebohdanec.cz\/test\/wp-json\/wp\/v2\/pages\/812\/revisions\/815"}],"wp:attachment":[{"href":"https:\/\/www.sklaznebohdanec.cz\/test\/wp-json\/wp\/v2\/media?parent=812"}],"curies":[{"name":"wp","href":"https:\/\/api.w.org\/{rel}","templated":true}]}}