{"id":816,"date":"2025-09-02T14:50:15","date_gmt":"2025-09-02T12:50:15","guid":{"rendered":"https:\/\/www.sklaznebohdanec.cz\/test\/?page_id=816"},"modified":"2026-03-13T11:58:45","modified_gmt":"2026-03-13T10:58:45","slug":"verejnost","status":"publish","type":"page","link":"https:\/\/www.sklaznebohdanec.cz\/test\/verejnost\/","title":{"rendered":"ve\u0159ejnost"},"content":{"rendered":"\n<h2 class=\"wp-block-heading\"><a href=\"https:\/\/www.sklaznebohdanec.cz\/test\/vstupne\/\">Vstupn\u00e9<\/a><\/h2>\n\n\n\n<p>Pokud se zaj\u00edm\u00e1te o vstupn\u00e9 na akce po\u0159\u00e1dan\u00e9 fotbalov\u00fdm klubem (z\u00e1pasy, ples atd.), klikn\u011bte na <a href=\"https:\/\/www.sklaznebohdanec.cz\/test\/vstupne\/\">tento odkaz<\/a><\/p>\n\n\n\n<h2 class=\"wp-block-heading\"><a href=\"https:\/\/www.sklaznebohdanec.cz\/test\/permanentka\/\">Permanentky<\/a><\/h2>\n\n\n\n<p>Pokud jste pravideln\u00fdm n\u00e1v\u0161t\u011bvn\u00edkem a fanou\u0161kem na\u0161ich fotbalist\u016f, tak by V\u00e1s mohla zaj\u00edmat <a href=\"https:\/\/www.sklaznebohdanec.cz\/test\/permanentka\/\">\u010dlensk\u00e1 klubov\u00e1 karta<\/a>, kterou je mo\u017en\u00e9 zakoupit u sekret\u00e1\u0159e klubu.<\/p>\n\n\n\n<h2 class=\"wp-block-heading\"><a href=\"https:\/\/www.sklaznebohdanec.cz\/test\/pojistka\/\" target=\"_blank\" rel=\"noreferrer noopener\">Poji\u0161t\u011bn\u00ed<\/a><\/h2>\n\n\n\n<div class=\"wp-block-essential-blocks-text  root-eb-text-4njq1\"><div class=\"eb-parent-wrapper eb-parent-eb-text-4njq1 \"><div class=\"eb-text-wrapper eb-text-4njq1\" data-id=\"eb-text-4njq1\"><p class=\"eb-text\">V p\u0159\u00edpad\u011b zran\u011bn\u00ed p\u0159i z\u00e1pase lze uplatnit n\u00e1hradu \u0161kody z <a href=\"https:\/\/www.sklaznebohdanec.cz\/test\/pojistka\/\" target=\"_blank\" rel=\"noreferrer noopener\">pojistky \u010cOV<\/a>.<\/p><\/div><\/div><\/div>\n\n\n\n<h2 class=\"wp-block-heading\"><a href=\"https:\/\/www.sklaznebohdanec.cz\/test\/gdpr\/\" target=\"_blank\" rel=\"noreferrer noopener\">Ochrana osobn\u00edch \u00fadaj\u016f (GDPR)<\/a><\/h2>\n\n\n\n<p>Zp\u016fsob nakl\u00e1d\u00e1n\u00ed s osobn\u00edmi \u00fadaji naleznete na str\u00e1nce <a href=\"https:\/\/www.sklaznebohdanec.cz\/test\/gdpr\/\" target=\"_blank\" rel=\"noreferrer noopener\">GDPR<\/a>.<\/p>\n","protected":false},"excerpt":{"rendered":"<p>Vstupn\u00e9 Pokud se zaj\u00edm\u00e1te o vstupn\u00e9 na akce po\u0159\u00e1dan\u00e9 fotbalov\u00fdm klubem (z\u00e1pasy, ples atd.), klikn\u011bte na tento odkaz Permanentky Pokud jste pravideln\u00fdm n\u00e1v\u0161t\u011bvn\u00edkem a fanou\u0161kem na\u0161ich fotbalist\u016f, tak by V\u00e1s mohla zaj\u00edmat \u010dlensk\u00e1 klubov\u00e1 karta, kterou je mo\u017en\u00e9 zakoupit u sekret\u00e1\u0159e klubu. Poji\u0161t\u011bn\u00ed Ochrana osobn\u00edch \u00fadaj\u016f (GDPR) Zp\u016fsob nakl\u00e1d\u00e1n\u00ed s&#8230; <a class=\"continue-reading-link\" href=\"https:\/\/www.sklaznebohdanec.cz\/test\/verejnost\/\"> Continue reading <span class=\"meta-nav\">&rarr; <\/span><\/a><\/p>\n","protected":false},"author":1,"featured_media":0,"parent":0,"menu_order":0,"comment_status":"closed","ping_status":"closed","template":"","meta":{"_eb_attr":"","_mc_calendar":[],"footnotes":""},"class_list":["post-816","page","type-page","status-publish","hentry"],"_links":{"self":[{"href":"https:\/\/www.sklaznebohdanec.cz\/test\/wp-json\/wp\/v2\/pages\/816","targetHints":{"allow":["GET"]}}],"collection":[{"href":"https:\/\/www.sklaznebohdanec.cz\/test\/wp-json\/wp\/v2\/pages"}],"about":[{"href":"https:\/\/www.sklaznebohdanec.cz\/test\/wp-json\/wp\/v2\/types\/page"}],"author":[{"embeddable":true,"href":"https:\/\/www.sklaznebohdanec.cz\/test\/wp-json\/wp\/v2\/users\/1"}],"replies":[{"embeddable":true,"href":"https:\/\/www.sklaznebohdanec.cz\/test\/wp-json\/wp\/v2\/comments?post=816"}],"version-history":[{"count":21,"href":"https:\/\/www.sklaznebohdanec.cz\/test\/wp-json\/wp\/v2\/pages\/816\/revisions"}],"predecessor-version":[{"id":2311,"href":"https:\/\/www.sklaznebohdanec.cz\/test\/wp-json\/wp\/v2\/pages\/816\/revisions\/2311"}],"wp:attachment":[{"href":"https:\/\/www.sklaznebohdanec.cz\/test\/wp-json\/wp\/v2\/media?parent=816"}],"curies":[{"name":"wp","href":"https:\/\/api.w.org\/{rel}","templated":true}]}}