{"id":824,"date":"2025-09-06T21:26:26","date_gmt":"2025-09-06T19:26:26","guid":{"rendered":"https:\/\/www.sklaznebohdanec.cz\/test\/?page_id=824"},"modified":"2026-02-12T13:59:45","modified_gmt":"2026-02-12T12:59:45","slug":"clenske-prispevky","status":"publish","type":"page","link":"https:\/\/www.sklaznebohdanec.cz\/test\/clenske-prispevky\/","title":{"rendered":"\u010dlensk\u00e9 p\u0159\u00edsp\u011bvky"},"content":{"rendered":"\n<h2 class=\"wp-block-heading\">Pokyny pro placen\u00ed \u010dlensk\u00fdch p\u0159\u00edsp\u011bvk\u016f<\/h2>\n\n\n\n<p class=\"has-medium-font-size\"><strong>\u010d\u00edslo \u00fa\u010dtu:<\/strong> 2600734971\/2010<\/p>\n\n\n\n<p class=\"has-medium-font-size\"><strong>var. symbol:<\/strong>&nbsp;rodn\u00e9 \u010d\u00edslo hr\u00e1\u010de<\/p>\n\n\n\n<p class=\"has-medium-font-size\"><strong>zpr\u00e1va pro p\u0159\u00edjemce:&nbsp;<\/strong>jm\u00e9no hr\u00e1\u010de<\/p>\n\n\n\n<figure class=\"wp-block-table is-style-regular\"><table class=\"mtr-table mtr-thead-th\"><thead><tr><th class=\"has-text-align-center mtr-th-tag\" data-align=\"center\" data-mtr-content=\"kategorie\"><div class=\"mtr-cell-content\">kategorie<\/div><\/th><th class=\"has-text-align-center mtr-th-tag\" data-align=\"center\" data-mtr-content=\"ro\u010dn\u00edk\"><div class=\"mtr-cell-content\">ro\u010dn\u00edk<\/div><\/th><th class=\"has-text-align-center mtr-th-tag\" data-align=\"center\" data-mtr-content=\"\u010d\u00e1stka za p\u016fl roku\"><div class=\"mtr-cell-content\">\u010d\u00e1stka za p\u016fl roku<\/div><\/th><\/tr><\/thead><tbody><tr><td class=\"has-text-align-center mtr-td-tag\" data-align=\"center\" data-mtr-content=\"kategorie\"><div class=\"mtr-cell-content\">dorost<\/div><\/td><td class=\"has-text-align-center mtr-td-tag\" data-align=\"center\" data-mtr-content=\"ro\u010dn\u00edk\"><div class=\"mtr-cell-content\">2007, 2008, 2009 a 2010<\/div><\/td><td class=\"has-text-align-center mtr-td-tag\" data-align=\"center\" data-mtr-content=\"\u010d\u00e1stka za p\u016fl roku\"><div class=\"mtr-cell-content\">3 000 K\u010d<\/div><\/td><\/tr><tr><td class=\"has-text-align-center mtr-td-tag\" data-align=\"center\" data-mtr-content=\"kategorie\"><div class=\"mtr-cell-content\">\u017e\u00e1ci<\/div><\/td><td class=\"has-text-align-center mtr-td-tag\" data-align=\"center\" data-mtr-content=\"ro\u010dn\u00edk\"><div class=\"mtr-cell-content\">2011, 2012, 2013 a 2014<\/div><\/td><td class=\"has-text-align-center mtr-td-tag\" data-align=\"center\" data-mtr-content=\"\u010d\u00e1stka za p\u016fl roku\"><div class=\"mtr-cell-content\">2 500 K\u010d<\/div><\/td><\/tr><tr><td class=\"has-text-align-center mtr-td-tag\" data-align=\"center\" data-mtr-content=\"kategorie\"><div class=\"mtr-cell-content\">p\u0159\u00edpravky a \u0161koli\u010dka<\/div><\/td><td class=\"has-text-align-center mtr-td-tag\" data-align=\"center\" data-mtr-content=\"ro\u010dn\u00edk\"><div class=\"mtr-cell-content\">2015 a mlad\u0161\u00ed<\/div><\/td><td class=\"has-text-align-center mtr-td-tag\" data-align=\"center\" data-mtr-content=\"\u010d\u00e1stka za p\u016fl roku\"><div class=\"mtr-cell-content\">2 000 K\u010d<\/div><\/td><\/tr><\/tbody><\/table><\/figure>\n\n\n\n<p class=\"has-medium-font-size\">Splatnost \u010dlensk\u00e9ho p\u0159\u00edsp\u011bvku je v\u017edy do <strong>31. b\u0159ezna<\/strong> za 1. pololet\u00ed a do <strong>30. z\u00e1\u0159\u00ed<\/strong> za 2. pololet\u00ed.<\/p>\n\n\n\n<p class=\"has-medium-font-size\">P\u0159\u00edsp\u011bvky hra\u010fte v\u00fdhradn\u011b p\u0159evodem na \u00fa\u010det. Hotov\u011b budou p\u0159ijaty pouze ve v\u00fdjime\u010dn\u00fdch p\u0159\u00edpadech.<\/p>\n\n\n\n<p class=\"has-medium-font-size\">V p\u0159\u00edpad\u011b sourozenc\u016f v klubu plat\u00ed mlad\u0161\u00ed pouze 50% p\u0159\u00edsp\u011bvku.<\/p>\n\n\n\n<p class=\"has-medium-font-size\">Pokud pot\u0159ebujete potvrzen\u00ed o zaplacen\u00ed \u010dlensk\u00fdch p\u0159\u00edsp\u011bvk\u016f kontaktujte <a href=\"https:\/\/www.sklaznebohdanec.cz\/test\/kontakty\/\" target=\"_blank\" rel=\"noreferrer noopener\">sekret\u00e1\u0159e klubu<\/a>. Po\u0161lete mu jm\u00e9no, p\u0159\u00edjmen\u00ed, rok narozen\u00ed hr\u00e1\u010de a zaplacenou \u010d\u00e1stku.<\/p>\n\n\n\n<p class=\"has-medium-font-size\">SK L\u00e1zn\u011b Bohdane\u010d umo\u017e\u0148uje rodi\u010d\u016fm, kte\u0159\u00ed zajist\u00ed pro klub finan\u010dn\u00ed dar formou darovac\u00ed smlouvy ve v\u00fd\u0161i min. 6000,- K\u010d, nebo formou smlouvy o reklam\u011b ve v\u00fd\u0161i min. 10 000,- K\u010d, 100% \u00falevu na p\u0159\u00edsp\u011bvc\u00edch. Doty\u010dn\u00fd hr\u00e1\u010d bude tedy hr\u00e1t celou danou sez\u00f3nu zdarma.<\/p>\n","protected":false},"excerpt":{"rendered":"<p>Pokyny pro placen\u00ed \u010dlensk\u00fdch p\u0159\u00edsp\u011bvk\u016f \u010d\u00edslo \u00fa\u010dtu: 2600734971\/2010 var. symbol:&nbsp;rodn\u00e9 \u010d\u00edslo hr\u00e1\u010de zpr\u00e1va pro p\u0159\u00edjemce:&nbsp;jm\u00e9no hr\u00e1\u010de kategorie ro\u010dn\u00edk \u010d\u00e1stka za p\u016fl roku dorost 2007, 2008, 2009 a 2010 3 000 K\u010d \u017e\u00e1ci 2011, 2012, 2013 a 2014 2 500 K\u010d p\u0159\u00edpravky a \u0161koli\u010dka 2015 a mlad\u0161\u00ed 2 000 K\u010d Splatnost&#8230; <a class=\"continue-reading-link\" href=\"https:\/\/www.sklaznebohdanec.cz\/test\/clenske-prispevky\/\"> Continue reading <span class=\"meta-nav\">&rarr; <\/span><\/a><\/p>\n","protected":false},"author":1,"featured_media":0,"parent":0,"menu_order":0,"comment_status":"closed","ping_status":"closed","template":"","meta":{"_eb_attr":"","_mc_calendar":[],"footnotes":""},"class_list":["post-824","page","type-page","status-publish","hentry"],"_links":{"self":[{"href":"https:\/\/www.sklaznebohdanec.cz\/test\/wp-json\/wp\/v2\/pages\/824","targetHints":{"allow":["GET"]}}],"collection":[{"href":"https:\/\/www.sklaznebohdanec.cz\/test\/wp-json\/wp\/v2\/pages"}],"about":[{"href":"https:\/\/www.sklaznebohdanec.cz\/test\/wp-json\/wp\/v2\/types\/page"}],"author":[{"embeddable":true,"href":"https:\/\/www.sklaznebohdanec.cz\/test\/wp-json\/wp\/v2\/users\/1"}],"replies":[{"embeddable":true,"href":"https:\/\/www.sklaznebohdanec.cz\/test\/wp-json\/wp\/v2\/comments?post=824"}],"version-history":[{"count":24,"href":"https:\/\/www.sklaznebohdanec.cz\/test\/wp-json\/wp\/v2\/pages\/824\/revisions"}],"predecessor-version":[{"id":2221,"href":"https:\/\/www.sklaznebohdanec.cz\/test\/wp-json\/wp\/v2\/pages\/824\/revisions\/2221"}],"wp:attachment":[{"href":"https:\/\/www.sklaznebohdanec.cz\/test\/wp-json\/wp\/v2\/media?parent=824"}],"curies":[{"name":"wp","href":"https:\/\/api.w.org\/{rel}","templated":true}]}}